{"id":104330,"date":"2024-11-05T18:24:20","date_gmt":"2024-11-05T23:24:20","guid":{"rendered":"https:\/\/www.senasa.gob.pe\/senasa\/?page_id=104330"},"modified":"2024-11-05T18:27:30","modified_gmt":"2024-11-05T23:27:30","slug":"aviso-de-convocatoria-revision-de-trampas","status":"publish","type":"page","link":"https:\/\/www.senasa.gob.pe\/senasa\/aviso-de-convocatoria-revision-de-trampas\/","title":{"rendered":"AVISO DE CONVOCATORIA-REVISI\u00d3N DE TRAMPAS"},"content":{"rendered":"<ul>\n<li><a href=\"https:\/\/www.senasa.gob.pe\/senasa\/descargasarchivos\/2024\/11\/1-TDR-REVISION-DE-TRAMPAS.pdf\"><span style=\"font-family: helvetica, arial, sans-serif; font-size: 10pt;\">1- TDR REVISI\u00d3N DE TRAMPAS<\/span><\/a><\/li>\n<li><a href=\"https:\/\/www.senasa.gob.pe\/senasa\/descargasarchivos\/2024\/11\/2-AVISO-DE-CONVOCATORIA-REVISION-DE-TRAMPAS.pdf\"><span style=\"font-family: helvetica, arial, sans-serif; font-size: 10pt;\">2- AVISO DE CONVOCATORIA-REVISI\u00d3N DE TRAMPAS<\/span><\/a><\/li>\n<li><a href=\"https:\/\/www.senasa.gob.pe\/senasa\/descargasarchivos\/2024\/11\/3-CRONOGRAMA-REVISION-DE-TRAMPAS.pdf\"><span style=\"font-family: helvetica, arial, sans-serif; font-size: 10pt;\">3- CRONOGRAMA-REVISI\u00d3N DE TRAMPAS<\/span><\/a><\/li>\n<li><a href=\"https:\/\/www.senasa.gob.pe\/senasa\/descargasarchivos\/2024\/11\/4-ANEXO-01-HOJA-DE-VIDA-REVISORES.docx\"><span style=\"font-family: helvetica, arial, sans-serif; font-size: 10pt;\">4-ANEXO-01-HOJA-DE-VIDA-REVISORES<\/span><\/a><\/li>\n<li><a href=\"https:\/\/www.senasa.gob.pe\/senasa\/descargasarchivos\/2024\/11\/5.-ANEXO-04-DECLARACION-JURADA-REVISORES.docx\"><span style=\"font-family: helvetica, arial, sans-serif; font-size: 10pt;\">5.-ANEXO-04-DECLARACION-JURADA-REVISORES<\/span><\/a><\/li>\n<\/ul>\n","protected":false},"excerpt":{"rendered":"<p>1- TDR REVISI\u00d3N DE TRAMPAS 2- AVISO DE CONVOCATORIA-REVISI\u00d3N DE TRAMPAS 3- CRONOGRAMA-REVISI\u00d3N DE TRAMPAS 4-ANEXO-01-HOJA-DE-VIDA-REVISORES 5.-ANEXO-04-DECLARACION-JURADA-REVISORES<\/p>\n","protected":false},"author":51,"featured_media":0,"parent":0,"menu_order":0,"comment_status":"closed","ping_status":"closed","template":"","meta":{"footnotes":""},"class_list":["post-104330","page","type-page","status-publish","hentry"],"_links":{"self":[{"href":"https:\/\/www.senasa.gob.pe\/senasa\/wp-json\/wp\/v2\/pages\/104330","targetHints":{"allow":["GET"]}}],"collection":[{"href":"https:\/\/www.senasa.gob.pe\/senasa\/wp-json\/wp\/v2\/pages"}],"about":[{"href":"https:\/\/www.senasa.gob.pe\/senasa\/wp-json\/wp\/v2\/types\/page"}],"author":[{"embeddable":true,"href":"https:\/\/www.senasa.gob.pe\/senasa\/wp-json\/wp\/v2\/users\/51"}],"replies":[{"embeddable":true,"href":"https:\/\/www.senasa.gob.pe\/senasa\/wp-json\/wp\/v2\/comments?post=104330"}],"version-history":[{"count":4,"href":"https:\/\/www.senasa.gob.pe\/senasa\/wp-json\/wp\/v2\/pages\/104330\/revisions"}],"predecessor-version":[{"id":104341,"href":"https:\/\/www.senasa.gob.pe\/senasa\/wp-json\/wp\/v2\/pages\/104330\/revisions\/104341"}],"wp:attachment":[{"href":"https:\/\/www.senasa.gob.pe\/senasa\/wp-json\/wp\/v2\/media?parent=104330"}],"curies":[{"name":"wp","href":"https:\/\/api.w.org\/{rel}","templated":true}]}}