{"id":12796,"date":"2015-02-26T12:43:56","date_gmt":"2015-02-26T17:43:56","guid":{"rendered":"https:\/\/www.senasa.gob.pe\/senasa\/?page_id=12796"},"modified":"2015-02-27T17:08:42","modified_gmt":"2015-02-27T22:08:42","slug":"requisitos-fitosanitarios-aprobados-en-el-ano-2007","status":"publish","type":"page","link":"https:\/\/www.senasa.gob.pe\/senasa\/requisitos-fitosanitarios-aprobados-en-el-ano-2007\/","title":{"rendered":"Requisitos Fitosanitarios aprobados en el a\u00f1o 2007"},"content":{"rendered":"<table style=\"height: 3117px;\" border=\"1\" width=\"750\" cellspacing=\"1\">\n<tbody>\n<tr>\n<td width=\"271\"><span style=\"font-family: helvetica; font-size: 10pt;\"><a href=\"https:\/\/www.senasa.gob.pe\/senasa\/descargasarchivos\/2015\/02\/114.pdf\" target=\"_blank\">R.D. N\u00ba 42-2007-AG-SENASA-DSV.- Establecen requisitos fitosanitarios espec\u00edficos de cumplimiento obligatorio en la importaci\u00f3n de granos de arroz procedentes de Vietnam<\/a>\u00a0* Modificado por Resoluci\u00f3n Directoral N\u00ba 10-2011-AG-SENASA-DSV<\/span><\/td>\n<td style=\"text-align: center;\" width=\"80\"><span style=\"font-family: helvetica; font-size: 10pt;\">05\/10\/2007<\/span><\/td>\n<\/tr>\n<tr>\n<td width=\"271\"><a href=\"https:\/\/www.senasa.gob.pe\/senasa\/descargasarchivos\/2015\/02\/215.pdf\" target=\"_blank\"><span style=\"font-family: helvetica; font-size: 10pt;\">R.D. N\u00ba 032-2007-AG-SENASA-DSV, &#8220;Establecen requisitos fitosanitarios espec\u00edficos de cumplimiento necesario en al importaci\u00f3n de fruta fresca de pera procedente de la Rep\u00fablica Popular China&#8221;<\/span><\/a><\/td>\n<td style=\"text-align: center;\" width=\"80\"><span style=\"font-family: helvetica; font-size: 10pt;\">10\/07\/2007<\/span><\/td>\n<\/tr>\n<tr>\n<td width=\"271\"><a href=\"https:\/\/www.senasa.gob.pe\/senasa\/descargasarchivos\/2015\/02\/314.pdf\" target=\"_blank\"><span style=\"font-family: helvetica; font-size: 10pt;\">R.D. N\u00ba 030-2007-AG-SENASA-DSV, &#8220;Reemplazan requisito fitosanitario para la importaci\u00f3n de semillas de colza procedentes de Argentina establecido mediante R.D. N\u00ba 036-2006-AG-SENASA-DSV&#8221;<\/span><\/a><\/td>\n<td style=\"text-align: center;\" width=\"80\"><span style=\"font-family: helvetica; font-size: 10pt;\">27\/06\/2007<\/span><\/td>\n<\/tr>\n<tr>\n<td width=\"271\"><a href=\"https:\/\/www.senasa.gob.pe\/senasa\/descargasarchivos\/2015\/02\/410.pdf\" target=\"_blank\"><span style=\"font-family: helvetica; font-size: 10pt;\">R.D. N\u00ba 024-2007-AG-SENASA-DSV, &#8220;Establecen requisitos fitosanitarios espec\u00edficos de cumplimiento obligatorio en al importaci\u00f3n de granos de ma\u00edz procedente de Bulgaria&#8221;<\/span><\/a><\/td>\n<td style=\"text-align: center;\" width=\"80\"><span style=\"font-family: helvetica; font-size: 10pt;\">13\/06\/2007<\/span><\/td>\n<\/tr>\n<tr>\n<td width=\"271\"><a href=\"https:\/\/www.senasa.gob.pe\/senasa\/descargasarchivos\/2015\/02\/510.pdf\" target=\"_blank\"><span style=\"font-family: helvetica; font-size: 10pt;\">R.D. N\u00ba 023-2007-AG-SENASA-DSV, &#8220;Establecen requisitos fitosanitarios espec\u00edficos de cumplimiento obligatorio en la importaci\u00f3n de nem\u00e1todos entomopat\u00f3genos (Heterorhabditis spp) procedentes de Alemania Ecuador y Bolivia&#8221;<\/span><\/a><\/td>\n<td style=\"text-align: center;\" width=\"80\"><span style=\"font-family: helvetica; font-size: 10pt;\">08\/06\/2007<\/span><\/td>\n<\/tr>\n<tr>\n<td width=\"271\"><a href=\"https:\/\/www.senasa.gob.pe\/senasa\/descargasarchivos\/2015\/02\/63.pdf\" target=\"_blank\"><span style=\"font-family: helvetica; font-size: 10pt;\">R.D. N\u00ba 022-2007-AG-SENASA-DSV, &#8220;Establecen requisitos fitosanitarios especificos de cumplimiento obligatorio en la importaci\u00f3n de nem\u00e1todos entomopat\u00f3genos (Steinernema spp) procedentes de Alemania Ecuador y Bolivia&#8221;<\/span><\/a><\/td>\n<td style=\"text-align: center;\" width=\"80\"><span style=\"font-family: helvetica; font-size: 10pt;\">08\/06\/2007<\/span><\/td>\n<\/tr>\n<tr>\n<td width=\"271\"><span style=\"font-family: helvetica; font-size: 10pt;\"><a href=\"https:\/\/www.senasa.gob.pe\/senasa\/descargasarchivos\/2015\/02\/74.pdf\" target=\"_blank\">R.D. N\u00ba 021-2007-AG-SENASA-DSV, &#8220;Establecen requisitos fitosanitarios especificos de cumplimiento obligatorio en la importaci\u00f3n de esquejes enraizados de olivo originarios y procedentes de Argentina<\/a>&#8221;\u00a0*Modificado por\u00a0\u00a0Resoluci\u00f3n Directoral N\u00ba 0015-2012-AG-SENASA-DSV<\/span><\/td>\n<td style=\"text-align: center;\" width=\"80\"><span style=\"font-family: helvetica; font-size: 10pt;\">05\/06\/2007<\/span><\/td>\n<\/tr>\n<tr>\n<td width=\"271\"><a href=\"https:\/\/www.senasa.gob.pe\/senasa\/descargasarchivos\/2015\/02\/83.pdf\" target=\"_blank\"><span style=\"font-family: helvetica; font-size: 10pt;\">R.D. N\u00ba 016-2007-AG-SENASA-DSV, &#8220;Establecen requisitos fitosanitarios parala importaci\u00f3n de adultos y pupas de controladores biol\u00f3gicos (Orgilus lepidus) procedentes de Australia&#8221;<\/span><\/a><\/td>\n<td style=\"text-align: center;\" width=\"80\"><span style=\"font-family: helvetica; font-size: 10pt;\">09\/03\/2007<\/span><\/td>\n<\/tr>\n<tr>\n<td width=\"271\"><a href=\"https:\/\/www.senasa.gob.pe\/senasa\/descargasarchivos\/2015\/02\/93.pdf\" target=\"_blank\"><span style=\"font-family: helvetica; font-size: 10pt;\">R.D. N\u00ba 017-2007-AG-SENASA-DSV, &#8220;Establecen requisitos fitosanitarios parala importaci\u00f3n de adultos y pupas de controladores biol\u00f3gicos (Apanteles subandinus) procedentes de Australia&#8221;<\/span><\/a><\/td>\n<td style=\"text-align: center;\" width=\"80\"><span style=\"font-family: helvetica; font-size: 10pt;\">05\/03\/2007<\/span><\/td>\n<\/tr>\n<tr>\n<td><span style=\"font-family: helvetica; font-size: 10pt;\">\u00a0<\/span><\/td>\n<td style=\"text-align: center;\"><span style=\"font-family: helvetica; font-size: 10pt;\">\u00a0<\/span><\/td>\n<\/tr>\n<tr>\n<td width=\"271\"><a href=\"https:\/\/www.senasa.gob.pe\/senasa\/descargasarchivos\/2015\/02\/103.pdf\" target=\"_blank\"><span style=\"font-family: helvetica; font-size: 10pt;\">R.D. N\u00ba 014-2007-AG-SENASA-DSV, &#8220;Establecen requisitos fitosanitarios espec\u00edficos de cumplimiento obligatorio en la importaci\u00f3n de grano de tara procedentes de Ecuador&#8221;<\/span><\/a><\/td>\n<td style=\"text-align: center;\" width=\"80\"><span style=\"font-family: helvetica; font-size: 10pt;\">13\/02\/2007<\/span><\/td>\n<\/tr>\n<tr>\n<td width=\"271\"><a href=\"https:\/\/www.senasa.gob.pe\/senasa\/descargasarchivos\/2015\/02\/115.pdf\" target=\"_blank\"><span style=\"font-family: helvetica; font-size: 10pt;\">R.D. N\u00ba 010-2007-AG-SENASA-DSV, &#8220;Establecen requisitos fitosanitarios espec\u00edficos para la importaci\u00f3n de plantas de granado procedentes de EE.UU.&#8221;\u00a0<\/span><\/a><\/td>\n<td style=\"text-align: center;\" width=\"80\"><span style=\"font-family: helvetica; font-size: 10pt;\">02\/02\/2007<\/span><\/td>\n<\/tr>\n<tr>\n<td width=\"271\"><a href=\"https:\/\/www.senasa.gob.pe\/senasa\/descargasarchivos\/2015\/02\/123.pdf\" target=\"_blank\"><span style=\"font-family: helvetica; font-size: 10pt;\">R.D. N\u00ba 009-2007-AG-SENASA-DSV, &#8220;Establecen requisitos fitosanitarios para la importaci\u00f3n de bulbos de amarilis procedentes de Brasil&#8221;<\/span><\/a><\/td>\n<td style=\"text-align: center;\" width=\"80\"><span style=\"font-family: helvetica; font-size: 10pt;\">02\/02\/2007<\/span><\/td>\n<\/tr>\n<tr>\n<td width=\"271\"><a href=\"https:\/\/www.senasa.gob.pe\/senasa\/descargasarchivos\/2015\/02\/133.pdf\" target=\"_blank\"><span style=\"font-family: helvetica; font-size: 10pt;\">R.D. N\u00ba 008-2007-AG-SENASA-DSV, &#8220;Establecen requisitos fitosanitarios especificos de cumplimiento obligatorio en la importaci\u00f3n de pl\u00e1ntulas de fresa procedente de Argentina&#8221;\u00a0* Modificado por Resoluci\u00f3n Directoral N\u00ba 10-2011-AG-SENASA-DSV<\/span><\/a><\/td>\n<td style=\"text-align: center;\" width=\"80\"><span style=\"font-family: helvetica; font-size: 10pt;\">30\/01\/2007<\/span><\/td>\n<\/tr>\n<tr>\n<td width=\"271\"><span style=\"font-family: helvetica; font-size: 10pt;\"><a href=\"https:\/\/www.senasa.gob.pe\/senasa\/descargasarchivos\/2015\/02\/143.pdf\" target=\"_blank\">R.D. N\u00ba 007-2007-AG-SENASA-DSV, &#8220;Establecen requisitos fitosanitarios especificos de cumplimiento obligatorio en la importaci\u00f3n de semilla de pino procedentes de Guatemala&#8221;<\/a>\u00a0* Modificado por Resoluci\u00f3n Directoral N\u00ba 10-2011-AG-SENASA-DSV<\/span><\/td>\n<td style=\"text-align: center;\" width=\"80\"><span style=\"font-family: helvetica; font-size: 10pt;\">30\/01\/2007<\/span><\/td>\n<\/tr>\n<tr>\n<td width=\"271\"><a href=\"https:\/\/www.senasa.gob.pe\/senasa\/descargasarchivos\/2015\/02\/153.pdf\" target=\"_blank\"><span style=\"font-family: helvetica; font-size: 10pt;\">R.D. N\u00ba 006-2007-AG-SENASA-DSV, &#8220;Establecen requisitos fitosanitarios especificos de cumplimiento obligatorio en la importaci\u00f3n de tub\u00e9rculos de chufa procedentes de Espa\u00f1a&#8221;<\/span><\/a><\/td>\n<td style=\"text-align: center;\" width=\"80\"><span style=\"font-family: helvetica; font-size: 10pt;\">26\/01\/2007<\/span><\/td>\n<\/tr>\n<tr>\n<td width=\"271\"><a href=\"https:\/\/www.senasa.gob.pe\/senasa\/descargasarchivos\/2015\/02\/163.pdf\" target=\"_blank\"><span style=\"font-family: helvetica; font-size: 10pt;\">RD 005-2007-AG-SENASA-DSV. Aprueban el protocolo de trabajo para la exportaci\u00f3n de fibra de algod\u00f3n procedente de Colombia hacia el Per\u00fa.<\/span><\/a><\/td>\n<td style=\"text-align: center;\" width=\"80\"><span style=\"font-family: helvetica; font-size: 10pt;\">26\/01\/2007<\/span><\/td>\n<\/tr>\n<tr>\n<td width=\"271\"><a href=\"https:\/\/www.senasa.gob.pe\/senasa\/descargasarchivos\/2015\/02\/173.pdf\" target=\"_blank\"><span style=\"font-family: helvetica; font-size: 10pt;\">R.D. N\u00ba 004-2007-AG-SENASA-DSV, &#8220;Establecen requisitos fitosanitarios para la importaci\u00f3n de semilla de pi\u00f1\u00f3n blanco procedentes de Brasil&#8221;<\/span><\/a><\/td>\n<td style=\"text-align: center;\" width=\"80\"><span style=\"font-family: helvetica; font-size: 10pt;\">20\/01\/2007<\/span><\/td>\n<\/tr>\n<tr>\n<td width=\"271\"><span style=\"font-family: helvetica; font-size: 10pt;\"><a href=\"https:\/\/www.senasa.gob.pe\/senasa\/descargasarchivos\/2015\/02\/183.pdf\" target=\"_blank\">R.D. N\u00ba 003-2007-AG-SENASA-DSV, &#8220;Establecen requisitos fitosanitarios para la importaci\u00f3n de semilla de colza\/canola procedentes de Australia&#8221;\u00a0* Modificado por Resoluci\u00f3n Directoral N\u00ba 10-2011-AG-SENASA-DSV <\/a>**Modificado por\u00a0\u00a0Resoluci\u00f3n Directoral N\u00ba 0015-2012-AG-SENASA-DSV<\/span><\/td>\n<td style=\"text-align: center;\" width=\"80\"><span style=\"font-family: helvetica; font-size: 10pt;\">20\/01\/2007<\/span><\/td>\n<\/tr>\n<tr>\n<td width=\"271\"><span style=\"font-family: helvetica; font-size: 10pt;\"><a href=\"https:\/\/www.senasa.gob.pe\/senasa\/descargasarchivos\/2015\/02\/193.pdf\" target=\"_blank\">R.D. N\u00ba 002-2007-AG-SENASA-DSV, &#8220;Establecen requisitos fitosanitarios para la importaci\u00f3n de semilla de colza\/canola procedentes de Nueva Zelanda&#8221;<\/a>\u00a0* Modificado por Resoluci\u00f3n Directoral N\u00ba 10-2011-AG-SENASA-DSV<\/span><\/td>\n<td style=\"text-align: center;\" width=\"80\"><span style=\"font-family: helvetica; font-size: 10pt;\">20\/01\/2007<\/span><\/td>\n<\/tr>\n<tr>\n<td width=\"271\"><a href=\"https:\/\/www.senasa.gob.pe\/senasa\/descargasarchivos\/2015\/02\/203.pdf\" target=\"_blank\"><span style=\"font-family: helvetica; font-size: 10pt;\">R.D. N\u00ba 001-2007-AG-SENASA-DSV, &#8220;Establecen requisitos fitosanitarios para la importaci\u00f3n de semilla de higuerilla procedente de Brasil&#8221;<\/span><\/a><\/td>\n<td style=\"text-align: center;\" width=\"80\"><span style=\"font-family: helvetica; font-size: 10pt;\">20\/01\/2007<\/span><\/td>\n<\/tr>\n<tr>\n<td width=\"271\"><a href=\"https:\/\/www.senasa.gob.pe\/senasa\/descargasarchivos\/2015\/02\/216.pdf\" target=\"_blank\"><span style=\"font-family: helvetica; font-size: 10pt;\">R.D. N\u00ba 43-2006-AG-SENASA-DSV, &#8220;Establecen requisitos fitosanitarios espec\u00edficos de cumplimiento obligatorio en la importaci\u00f3n de semilla de palma aceitera procedente de Malasia&#8221;<\/span><\/a><\/td>\n<td style=\"text-align: center;\" width=\"80\"><span style=\"font-family: helvetica; font-size: 10pt;\">05\/01\/2007<\/span><\/td>\n<\/tr>\n<tr>\n<td width=\"271\"><span style=\"font-family: helvetica; font-size: 10pt;\"><a href=\"https:\/\/www.senasa.gob.pe\/senasa\/descargasarchivos\/2015\/02\/223.pdf\" target=\"_blank\">R.D. N\u00ba 45-2006-AG-SENASA-DSV, &#8220;Establecen requisitos fitosanitarios espec\u00edficos de cumplimiento obligatorio en la importaci\u00f3n de bulbos de amarilis procedente de Chile&#8221;<\/a>\u00a0*Modificado por Resoluci\u00f3n Directoral N\u00ba 0015-2012-AG-SENASA-DSV<\/span><\/td>\n<td style=\"text-align: center;\" width=\"80\"><span style=\"font-family: helvetica; font-size: 10pt;\">02\/01\/2007<\/span><\/td>\n<\/tr>\n<\/tbody>\n<\/table>\n<p>&nbsp;<\/p>\n","protected":false},"excerpt":{"rendered":"<p>R.D. N\u00ba 42-2007-AG-SENASA-DSV.- Establecen requisitos fitosanitarios espec\u00edficos de cumplimiento obligatorio en la importaci\u00f3n de granos de arroz procedentes de Vietnam\u00a0* Modificado por Resoluci\u00f3n Directoral N\u00ba 10-2011-AG-SENASA-DSV 05\/10\/2007 R.D. N\u00ba 032-2007-AG-SENASA-DSV, &#8220;Establecen requisitos fitosanitarios espec\u00edficos de cumplimiento necesario en al importaci\u00f3n de fruta fresca de pera procedente de la Rep\u00fablica Popular China&#8221; 10\/07\/2007 R.D. N\u00ba 030-2007-AG-SENASA-DSV, [&hellip;]<\/p>\n","protected":false},"author":127,"featured_media":0,"parent":0,"menu_order":0,"comment_status":"closed","ping_status":"closed","template":"","meta":{"footnotes":""},"class_list":["post-12796","page","type-page","status-publish","hentry"],"_links":{"self":[{"href":"https:\/\/www.senasa.gob.pe\/senasa\/wp-json\/wp\/v2\/pages\/12796","targetHints":{"allow":["GET"]}}],"collection":[{"href":"https:\/\/www.senasa.gob.pe\/senasa\/wp-json\/wp\/v2\/pages"}],"about":[{"href":"https:\/\/www.senasa.gob.pe\/senasa\/wp-json\/wp\/v2\/types\/page"}],"author":[{"embeddable":true,"href":"https:\/\/www.senasa.gob.pe\/senasa\/wp-json\/wp\/v2\/users\/127"}],"replies":[{"embeddable":true,"href":"https:\/\/www.senasa.gob.pe\/senasa\/wp-json\/wp\/v2\/comments?post=12796"}],"version-history":[{"count":0,"href":"https:\/\/www.senasa.gob.pe\/senasa\/wp-json\/wp\/v2\/pages\/12796\/revisions"}],"wp:attachment":[{"href":"https:\/\/www.senasa.gob.pe\/senasa\/wp-json\/wp\/v2\/media?parent=12796"}],"curies":[{"name":"wp","href":"https:\/\/api.w.org\/{rel}","templated":true}]}}