{"id":136778,"date":"2025-10-14T16:03:26","date_gmt":"2025-10-14T21:03:26","guid":{"rendered":"https:\/\/www.senasa.gob.pe\/senasa\/?page_id=136778"},"modified":"2025-12-05T12:39:12","modified_gmt":"2025-12-05T17:39:12","slug":"procedimientos-2025","status":"publish","type":"page","link":"https:\/\/www.senasa.gob.pe\/senasa\/procedimientos-2025\/","title":{"rendered":"C. DE PR\u00c9STAMO N\u00b05941\/OC-PE"},"content":{"rendered":"<p>&nbsp;<\/p>\n<table style=\"border-collapse: collapse; width: 98.3345%; height: 235px;\">\n<tbody>\n<tr style=\"height: 124px; background-color: #096b61;\">\n<td style=\"width: 7.09926%; text-align: center; height: 70px;\"><span style=\"font-family: arial, helvetica, sans-serif; color: #ffffff;\"><strong>#<\/strong><\/span><\/td>\n<td style=\"width: 13.5588%; text-align: center; height: 70px;\"><span style=\"font-family: arial, helvetica, sans-serif; color: #ffffff;\"><strong>N\u00b0 DE PROCESO<\/strong><\/span><\/td>\n<td style=\"width: 40.7654%; text-align: center; height: 70px;\"><span style=\"font-family: arial, helvetica, sans-serif; color: #ffffff;\"><strong>SERVICIO<\/strong><\/span><\/td>\n<td style=\"width: 18.9665%; text-align: center; height: 70px;\"><span style=\"font-family: arial, helvetica, sans-serif; color: #ffffff;\"><strong>ENLACE<\/strong><\/span><\/td>\n<td style=\"width: 29.7414%; text-align: center; height: 70px;\"><span style=\"font-family: arial, helvetica, sans-serif; color: #ffffff;\"><strong>PLAZO PRESENTACI\u00d3N MUESTRAS DE INTER\u00c9S \/ AMPLIACI\u00d3N PLAZO<\/strong><\/span><\/td>\n<\/tr>\n<tr style=\"height: 31px;\">\n<td style=\"width: 7.09926%; height: 10px; text-align: center;\">01<\/td>\n<td style=\"width: 13.5588%; height: 10px; text-align: center;\">SCC-001-2025<\/td>\n<td style=\"width: 40.7654%; height: 10px; text-align: center;\">Servicio de consultor\u00eda de una empresa para la elaboraci\u00f3n del an\u00e1lisis, propuesta de redise\u00f1o y ejecuci\u00f3n de encuestas a consumidores.<\/td>\n<td style=\"width: 18.9665%; height: 10px; text-align: center;\"><a href=\"https:\/\/www.senasa.gob.pe\/senasa\/descargasarchivos\/2025\/11\/Invitacion.pdf\">Invitaci\u00f3n<\/a><br \/>\n<a href=\"https:\/\/www.senasa.gob.pe\/senasa\/descargasarchivos\/2025\/11\/Ampliacion-Invitacion-a-presentar-Expresion-de-Interes-Encuestas-1.docx\">Invitaci\u00f3n (Ampliaci\u00f3n)<\/a><br \/>\n<a href=\"https:\/\/www.senasa.gob.pe\/senasa\/descargasarchivos\/2025\/11\/TDR.pdf\">Ver TDR<\/a><br \/>\n<a href=\"https:\/\/www.senasa.gob.pe\/senasa\/descargasarchivos\/2025\/11\/FORMULARIO-SCC-001-2025.docx\">Formularios (versi\u00f3n word)<\/a><br \/>\n<a href=\"https:\/\/www.senasa.gob.pe\/senasa\/descargasarchivos\/2025\/11\/Formularios-SCC-001-2025.xlsx\" target=\"_blank\" rel=\"noopener\">Formularios (versi\u00f3n excel)<\/a><\/td>\n<td style=\"width: 29.7414%; height: 10px; text-align: center;\">Ampliaci\u00f3n hasta el\u00a0 03 de diciembre de 2025<\/td>\n<\/tr>\n<tr style=\"height: 31px;\">\n<td style=\"width: 7.09926%; height: 31px; text-align: center;\">02<\/td>\n<td style=\"width: 13.5588%; height: 31px; text-align: center;\">SCC-002-2025<\/td>\n<td style=\"width: 40.7654%; height: 31px; text-align: center;\">Servicio de consultor\u00eda para el redise\u00f1o del programa nacional de monitoreo de contaminantes y del sistema de inocuidad agroalimentaria de SENASA.<\/td>\n<td style=\"width: 18.9665%; height: 31px; text-align: center;\"><a href=\"https:\/\/www.senasa.gob.pe\/senasa\/descargasarchivos\/2025\/11\/Invitacion-1.pdf\">Invitaci\u00f3n<\/a><br \/>\n<a href=\"https:\/\/www.senasa.gob.pe\/senasa\/descargasarchivos\/2025\/11\/Ampliacion-de-Invitacion-a-presentar-Expresion-de-Interes-Monitoreo-1.docx\">Invitaci\u00f3n (Ampliaci\u00f3n)<\/a><br \/>\n<a href=\"https:\/\/www.senasa.gob.pe\/senasa\/descargasarchivos\/2025\/12\/2da.-Ampliacion-Invitacion-a-presentar-Expresion-de-Interes.docx.pdf\">Invitaci\u00f3n (2da. Ampliaci\u00f3n).<\/a><br \/>\n<a href=\"https:\/\/www.senasa.gob.pe\/senasa\/descargasarchivos\/2025\/11\/TDR-RNP-245-256.pdf\">Ver TDR<\/a><br \/>\n<a href=\"https:\/\/www.senasa.gob.pe\/senasa\/descargasarchivos\/2025\/11\/FORMULARIO-SCC-002-2025.docx\">Formularios (versi\u00f3n word)<\/a><br \/>\n<a href=\"https:\/\/www.senasa.gob.pe\/senasa\/descargasarchivos\/2025\/11\/SCC-002-2025.xlsx\" target=\"_blank\" rel=\"noopener\">Formularios (versi\u00f3n excel)<\/a><\/td>\n<td style=\"width: 29.7414%; height: 31px; text-align: center;\">Ampliaci\u00f3n hasta el\u00a0 11 de diciembre de 2025<\/td>\n<\/tr>\n<tr style=\"height: 31px;\">\n<td style=\"width: 7.09926%; height: 31px; text-align: center;\">03<\/td>\n<td style=\"width: 13.5588%; height: 31px; text-align: center;\"><\/td>\n<td style=\"width: 40.7654%; height: 31px; text-align: center;\"><\/td>\n<td style=\"width: 18.9665%; height: 31px; text-align: center;\"><\/td>\n<td style=\"width: 29.7414%; height: 31px; text-align: center;\"><\/td>\n<\/tr>\n<tr style=\"height: 31px;\">\n<td style=\"width: 7.09926%; height: 31px; text-align: center;\"><\/td>\n<td style=\"width: 13.5588%; height: 31px; text-align: center;\"><\/td>\n<td style=\"width: 40.7654%; height: 31px; text-align: center;\"><\/td>\n<td style=\"width: 18.9665%; height: 31px; text-align: center;\"><\/td>\n<td style=\"width: 29.7414%; height: 31px; text-align: center;\"><\/td>\n<\/tr>\n<tr style=\"height: 31px;\">\n<td style=\"width: 7.09926%; height: 31px; text-align: center;\"><\/td>\n<td style=\"width: 13.5588%; height: 31px; text-align: center;\"><\/td>\n<td style=\"width: 40.7654%; height: 31px; text-align: center;\"><\/td>\n<td style=\"width: 18.9665%; height: 31px; text-align: center;\"><\/td>\n<td style=\"width: 29.7414%; height: 31px; text-align: center;\"><\/td>\n<\/tr>\n<tr style=\"height: 31px;\">\n<td style=\"width: 7.09926%; height: 31px; text-align: center;\"><\/td>\n<td style=\"width: 13.5588%; height: 31px; text-align: center;\"><\/td>\n<td style=\"width: 40.7654%; height: 31px; text-align: center;\"><\/td>\n<td style=\"width: 18.9665%; height: 31px; text-align: center;\"><\/td>\n<td style=\"width: 29.7414%; height: 31px; text-align: center;\"><\/td>\n<\/tr>\n<\/tbody>\n<\/table>\n","protected":false},"excerpt":{"rendered":"<p>&nbsp; # N\u00b0 DE PROCESO SERVICIO ENLACE PLAZO PRESENTACI\u00d3N MUESTRAS DE INTER\u00c9S \/ AMPLIACI\u00d3N PLAZO 01 SCC-001-2025 Servicio de consultor\u00eda de una empresa para la elaboraci\u00f3n del an\u00e1lisis, propuesta de redise\u00f1o y ejecuci\u00f3n de encuestas a consumidores. Invitaci\u00f3n Invitaci\u00f3n (Ampliaci\u00f3n) Ver TDR Formularios (versi\u00f3n word) Formularios (versi\u00f3n excel) Ampliaci\u00f3n hasta el\u00a0 03 de diciembre de [&hellip;]<\/p>\n","protected":false},"author":54,"featured_media":0,"parent":0,"menu_order":0,"comment_status":"closed","ping_status":"closed","template":"","meta":{"footnotes":""},"class_list":["post-136778","page","type-page","status-publish","hentry"],"_links":{"self":[{"href":"https:\/\/www.senasa.gob.pe\/senasa\/wp-json\/wp\/v2\/pages\/136778","targetHints":{"allow":["GET"]}}],"collection":[{"href":"https:\/\/www.senasa.gob.pe\/senasa\/wp-json\/wp\/v2\/pages"}],"about":[{"href":"https:\/\/www.senasa.gob.pe\/senasa\/wp-json\/wp\/v2\/types\/page"}],"author":[{"embeddable":true,"href":"https:\/\/www.senasa.gob.pe\/senasa\/wp-json\/wp\/v2\/users\/54"}],"replies":[{"embeddable":true,"href":"https:\/\/www.senasa.gob.pe\/senasa\/wp-json\/wp\/v2\/comments?post=136778"}],"version-history":[{"count":52,"href":"https:\/\/www.senasa.gob.pe\/senasa\/wp-json\/wp\/v2\/pages\/136778\/revisions"}],"predecessor-version":[{"id":141515,"href":"https:\/\/www.senasa.gob.pe\/senasa\/wp-json\/wp\/v2\/pages\/136778\/revisions\/141515"}],"wp:attachment":[{"href":"https:\/\/www.senasa.gob.pe\/senasa\/wp-json\/wp\/v2\/media?parent=136778"}],"curies":[{"name":"wp","href":"https:\/\/api.w.org\/{rel}","templated":true}]}}