{"id":150125,"date":"2026-03-16T14:18:21","date_gmt":"2026-03-16T19:18:21","guid":{"rendered":"https:\/\/www.senasa.gob.pe\/senasa\/?page_id=150125"},"modified":"2026-03-16T15:53:09","modified_gmt":"2026-03-16T20:53:09","slug":"procesos-de-seleccion-2","status":"publish","type":"page","link":"https:\/\/www.senasa.gob.pe\/senasa\/procesos-de-seleccion-2\/","title":{"rendered":"PROCESOS DE SELECCI\u00d3N"},"content":{"rendered":"<ul>\n<li><a href=\"https:\/\/www.senasa.gob.pe\/senasa\/procesos-2\/\"><span style=\"font-family: helvetica, arial, sans-serif;\">PROCESOS DE SELECCI\u00d3N SERVICIOS<\/span><\/a><\/li>\n<li><a href=\"https:\/\/www.senasa.gob.pe\/senasa\/procesos-3\/\"><span style=\"font-family: helvetica, arial, sans-serif;\">PROCESOS DE SELECCI\u00d3N BIENES<\/span><\/a><\/li>\n<li><a href=\"https:\/\/www.senasa.gob.pe\/senasa\/procesos-4\/\"><span style=\"font-family: helvetica, arial, sans-serif;\">PROCESOS DE SELECCI\u00d3N OBRAS<\/span><\/a><\/li>\n<\/ul>\n<p>&nbsp;<\/p>\n","protected":false},"excerpt":{"rendered":"<p>PROCESOS DE SELECCI\u00d3N SERVICIOS PROCESOS DE SELECCI\u00d3N BIENES PROCESOS DE SELECCI\u00d3N OBRAS &nbsp;<\/p>\n","protected":false},"author":127,"featured_media":0,"parent":0,"menu_order":0,"comment_status":"closed","ping_status":"closed","template":"","meta":{"footnotes":""},"class_list":["post-150125","page","type-page","status-publish","hentry"],"_links":{"self":[{"href":"https:\/\/www.senasa.gob.pe\/senasa\/wp-json\/wp\/v2\/pages\/150125","targetHints":{"allow":["GET"]}}],"collection":[{"href":"https:\/\/www.senasa.gob.pe\/senasa\/wp-json\/wp\/v2\/pages"}],"about":[{"href":"https:\/\/www.senasa.gob.pe\/senasa\/wp-json\/wp\/v2\/types\/page"}],"author":[{"embeddable":true,"href":"https:\/\/www.senasa.gob.pe\/senasa\/wp-json\/wp\/v2\/users\/127"}],"replies":[{"embeddable":true,"href":"https:\/\/www.senasa.gob.pe\/senasa\/wp-json\/wp\/v2\/comments?post=150125"}],"version-history":[{"count":5,"href":"https:\/\/www.senasa.gob.pe\/senasa\/wp-json\/wp\/v2\/pages\/150125\/revisions"}],"predecessor-version":[{"id":150176,"href":"https:\/\/www.senasa.gob.pe\/senasa\/wp-json\/wp\/v2\/pages\/150125\/revisions\/150176"}],"wp:attachment":[{"href":"https:\/\/www.senasa.gob.pe\/senasa\/wp-json\/wp\/v2\/media?parent=150125"}],"curies":[{"name":"wp","href":"https:\/\/api.w.org\/{rel}","templated":true}]}}