{"id":150177,"date":"2026-03-16T15:56:17","date_gmt":"2026-03-16T20:56:17","guid":{"rendered":"https:\/\/www.senasa.gob.pe\/senasa\/?page_id=150177"},"modified":"2026-03-16T16:04:52","modified_gmt":"2026-03-16T21:04:52","slug":"procesos-2026-2","status":"publish","type":"page","link":"https:\/\/www.senasa.gob.pe\/senasa\/procesos-2026-2\/","title":{"rendered":"PROCESOS 2026"},"content":{"rendered":"<ul>\n<li><a href=\"https:\/\/www.senasa.gob.pe\/senasa\/convocatoria-en-proceso-5\/\"><span style=\"font-family: helvetica, arial, sans-serif;\">Comparaci\u00f3n de Precios (CP)<\/span><\/a><\/li>\n<li><a href=\"https:\/\/www.senasa.gob.pe\/senasa\/convocatoria-en-proceso-6\/\"><span style=\"font-family: helvetica, arial, sans-serif;\">Licitaci\u00f3n Publica Nacional (LPN)<\/span><\/a><\/li>\n<li><a href=\"https:\/\/www.senasa.gob.pe\/senasa\/convocatoria-en-proceso-7\/\"><span style=\"font-family: helvetica, arial, sans-serif;\">Licitaci\u00f3n Publica Internacional (LPI)<\/span><\/a><\/li>\n<\/ul>\n","protected":false},"excerpt":{"rendered":"<p>Comparaci\u00f3n de Precios (CP) Licitaci\u00f3n Publica Nacional (LPN) Licitaci\u00f3n Publica Internacional (LPI)<\/p>\n","protected":false},"author":127,"featured_media":0,"parent":0,"menu_order":0,"comment_status":"closed","ping_status":"closed","template":"","meta":{"footnotes":""},"class_list":["post-150177","page","type-page","status-publish","hentry"],"_links":{"self":[{"href":"https:\/\/www.senasa.gob.pe\/senasa\/wp-json\/wp\/v2\/pages\/150177","targetHints":{"allow":["GET"]}}],"collection":[{"href":"https:\/\/www.senasa.gob.pe\/senasa\/wp-json\/wp\/v2\/pages"}],"about":[{"href":"https:\/\/www.senasa.gob.pe\/senasa\/wp-json\/wp\/v2\/types\/page"}],"author":[{"embeddable":true,"href":"https:\/\/www.senasa.gob.pe\/senasa\/wp-json\/wp\/v2\/users\/127"}],"replies":[{"embeddable":true,"href":"https:\/\/www.senasa.gob.pe\/senasa\/wp-json\/wp\/v2\/comments?post=150177"}],"version-history":[{"count":5,"href":"https:\/\/www.senasa.gob.pe\/senasa\/wp-json\/wp\/v2\/pages\/150177\/revisions"}],"predecessor-version":[{"id":150196,"href":"https:\/\/www.senasa.gob.pe\/senasa\/wp-json\/wp\/v2\/pages\/150177\/revisions\/150196"}],"wp:attachment":[{"href":"https:\/\/www.senasa.gob.pe\/senasa\/wp-json\/wp\/v2\/media?parent=150177"}],"curies":[{"name":"wp","href":"https:\/\/api.w.org\/{rel}","templated":true}]}}