{"id":150197,"date":"2026-03-16T16:09:23","date_gmt":"2026-03-16T21:09:23","guid":{"rendered":"https:\/\/www.senasa.gob.pe\/senasa\/?page_id=150197"},"modified":"2026-03-19T11:46:57","modified_gmt":"2026-03-19T16:46:57","slug":"proceso-2026","status":"publish","type":"page","link":"https:\/\/www.senasa.gob.pe\/senasa\/proceso-2026\/","title":{"rendered":"PROCESO 2026"},"content":{"rendered":"<p><a href=\"https:\/\/www.senasa.gob.pe\/senasa\/convocatoria-en-proceso-11\/\"><span style=\"font-family: helvetica, arial, sans-serif;\">Solicitud de Informaci\u00f3n (RFI)<\/span><\/a><\/p>\n<ul>\n<li><a href=\"https:\/\/www.senasa.gob.pe\/senasa\/convocatoria-en-proceso-8\/\"><span style=\"font-family: helvetica, arial, sans-serif;\">Comparaci\u00f3n de Precios (CP)<\/span><\/a><\/li>\n<li><a href=\"https:\/\/www.senasa.gob.pe\/senasa\/convocatoria-en-proceso-9\/\"><span style=\"font-family: helvetica, arial, sans-serif;\">Licitaci\u00f3n Publica Nacional (LPN)<\/span><\/a><\/li>\n<li><a href=\"https:\/\/www.senasa.gob.pe\/senasa\/convocatoria-en-proceso-10\/\"><span style=\"font-family: helvetica, arial, sans-serif;\">Licitaci\u00f3n Publica Internacional (LPI)<\/span><\/a><\/li>\n<\/ul>\n<p>&nbsp;<\/p>\n","protected":false},"excerpt":{"rendered":"<p>Solicitud de Informaci\u00f3n (RFI) Comparaci\u00f3n de Precios (CP) Licitaci\u00f3n Publica Nacional (LPN) Licitaci\u00f3n Publica Internacional (LPI) &nbsp;<\/p>\n","protected":false},"author":127,"featured_media":0,"parent":0,"menu_order":0,"comment_status":"closed","ping_status":"closed","template":"","meta":{"footnotes":""},"class_list":["post-150197","page","type-page","status-publish","hentry"],"_links":{"self":[{"href":"https:\/\/www.senasa.gob.pe\/senasa\/wp-json\/wp\/v2\/pages\/150197","targetHints":{"allow":["GET"]}}],"collection":[{"href":"https:\/\/www.senasa.gob.pe\/senasa\/wp-json\/wp\/v2\/pages"}],"about":[{"href":"https:\/\/www.senasa.gob.pe\/senasa\/wp-json\/wp\/v2\/types\/page"}],"author":[{"embeddable":true,"href":"https:\/\/www.senasa.gob.pe\/senasa\/wp-json\/wp\/v2\/users\/127"}],"replies":[{"embeddable":true,"href":"https:\/\/www.senasa.gob.pe\/senasa\/wp-json\/wp\/v2\/comments?post=150197"}],"version-history":[{"count":6,"href":"https:\/\/www.senasa.gob.pe\/senasa\/wp-json\/wp\/v2\/pages\/150197\/revisions"}],"predecessor-version":[{"id":150546,"href":"https:\/\/www.senasa.gob.pe\/senasa\/wp-json\/wp\/v2\/pages\/150197\/revisions\/150546"}],"wp:attachment":[{"href":"https:\/\/www.senasa.gob.pe\/senasa\/wp-json\/wp\/v2\/media?parent=150197"}],"curies":[{"name":"wp","href":"https:\/\/api.w.org\/{rel}","templated":true}]}}