{"id":2582,"date":"2014-10-27T04:22:18","date_gmt":"2014-10-27T04:22:18","guid":{"rendered":"https:\/\/www.senasa.gob.pe\/senasa\/?page_id=2582"},"modified":"2014-11-11T04:52:00","modified_gmt":"2014-11-11T04:52:00","slug":"modificacion-del-registro-de-importadores-lugares-de-produccion-y-responsables-tecnicos-de-material-sujeto-a-cuarentena-posentrada","status":"publish","type":"page","link":"https:\/\/www.senasa.gob.pe\/senasa\/modificacion-del-registro-de-importadores-lugares-de-produccion-y-responsables-tecnicos-de-material-sujeto-a-cuarentena-posentrada\/","title":{"rendered":"Modificaci\u00f3n del Registro de Importadores, Lugares de producci\u00f3n y Responsables t\u00e9cnicos de material sujeto a cuarentena posentrada"},"content":{"rendered":"<table width=\"1919\">\n<tbody>\n<tr>\n<td style=\"text-align: center;\" colspan=\"15\" width=\"1100\"><span style=\"font-family: helvetica; font-size: 12pt;\"><strong>TEXTO \u00daNICO DE PROCEDIMIENTOS ADMINISTRATIVOS (TUPA) DEL SENASA<\/strong><\/span><\/td>\n<\/tr>\n<tr>\n<td style=\"text-align: center;\"><span style=\"font-family: helvetica; font-size: 12pt;\"><strong>N\u00ba DE<\/strong><\/span><\/td>\n<td style=\"text-align: center;\"><span style=\"font-family: helvetica; font-size: 12pt;\"><strong>DENOMINACI\u00d3N DEL<\/strong><\/span><\/td>\n<td style=\"text-align: center;\"><span style=\"font-family: helvetica; font-size: 12pt;\"><strong>\u00a0<\/strong><\/span><\/td>\n<td style=\"text-align: center;\"><span style=\"font-family: helvetica; font-size: 12pt;\"><strong>REQUISITOS<\/strong><\/span><\/td>\n<td style=\"text-align: center;\"><span style=\"font-family: helvetica; font-size: 12pt;\"><strong>\u00a0<\/strong><\/span><\/td>\n<td style=\"text-align: center;\" colspan=\"2\"><span style=\"font-family: helvetica; font-size: 12pt;\"><strong>DERECHO DE TRAMITACI\u00d3N<\/strong><\/span><\/td>\n<td style=\"text-align: center;\" colspan=\"3\"><span style=\"font-family: helvetica; font-size: 12pt;\"><strong>CALIFICACI\u00d3N<\/strong><\/span><\/td>\n<td style=\"text-align: center;\"><span style=\"font-family: helvetica; font-size: 12pt;\"><strong>Plazo para<\/strong><\/span><\/td>\n<td style=\"text-align: center;\"><span style=\"font-family: helvetica; font-size: 12pt;\"><strong>INICIO DEL<\/strong><\/span><\/td>\n<td style=\"text-align: center;\"><span style=\"font-family: helvetica; font-size: 12pt;\"><strong>AUTORIDAD<\/strong><\/span><\/td>\n<td style=\"text-align: center;\" colspan=\"2\" rowspan=\"2\" width=\"272\"><span style=\"font-family: helvetica; font-size: 12pt;\"><strong>INSTANCIAS DE RESOLUCI\u00d3N DE RECURSOS<\/strong><\/span><\/td>\n<\/tr>\n<tr>\n<td style=\"text-align: center;\"><span style=\"font-family: helvetica; font-size: 12pt;\"><strong>ORDEN<\/strong><\/span><\/td>\n<td style=\"text-align: center;\"><span style=\"font-family: helvetica; font-size: 12pt;\"><strong>PROCEDIMIENTO<\/strong><\/span><\/td>\n<td style=\"text-align: center;\"><span style=\"font-family: helvetica; font-size: 12pt;\"><strong>\u00a0<\/strong><\/span><\/td>\n<td style=\"text-align: center;\"><span style=\"font-family: helvetica; font-size: 12pt;\"><strong>N\u00famero y Denominaci\u00f3n<\/strong><\/span><\/td>\n<td style=\"text-align: center;\"><span style=\"font-family: helvetica; font-size: 12pt;\"><strong>Formulario \/ C\u00f3digo \/<\/strong><\/span><\/td>\n<td style=\"text-align: center;\"><span style=\"font-family: helvetica; font-size: 12pt;\"><strong>(en % UIT)<\/strong><\/span><\/td>\n<td style=\"text-align: center;\"><span style=\"font-family: helvetica; font-size: 12pt;\"><strong>(en S\/.)<\/strong><\/span><\/td>\n<td style=\"text-align: center;\"><span style=\"font-family: helvetica; font-size: 12pt;\"><strong>Auto-<\/strong><\/span><\/td>\n<td style=\"text-align: center;\" colspan=\"2\"><span style=\"font-family: helvetica; font-size: 12pt;\"><strong>Evaluaci\u00f3n Previa<\/strong><\/span><\/td>\n<td style=\"text-align: center;\"><span style=\"font-family: helvetica; font-size: 12pt;\"><strong>resolver<\/strong><\/span><\/td>\n<td style=\"text-align: center;\"><span style=\"font-family: helvetica; font-size: 12pt;\"><strong>PROCEDIMIENTO<\/strong><\/span><\/td>\n<td style=\"text-align: center;\"><span style=\"font-family: helvetica; font-size: 12pt;\"><strong>COMPETENTE PARA<\/strong><\/span><\/td>\n<\/tr>\n<tr>\n<td style=\"text-align: center;\"><span style=\"font-family: helvetica; font-size: 12pt;\"><strong>\u00a0<\/strong><\/span><\/td>\n<td style=\"text-align: center;\"><span style=\"font-family: helvetica; font-size: 12pt;\"><strong>\u00a0<\/strong><\/span><\/td>\n<td style=\"text-align: center;\"><span style=\"font-family: helvetica; font-size: 12pt;\"><strong>\u00a0<\/strong><\/span><\/td>\n<td style=\"text-align: center;\"><span style=\"font-family: helvetica; font-size: 12pt;\"><strong>\u00a0<\/strong><\/span><\/td>\n<td style=\"text-align: center;\"><span style=\"font-family: helvetica; font-size: 12pt;\"><strong>Ubicaci\u00f3n<\/strong><\/span><\/td>\n<td style=\"text-align: center;\"><span style=\"font-family: helvetica; font-size: 12pt;\"><strong>\u00a0<\/strong><\/span><\/td>\n<td style=\"text-align: center;\"><span style=\"font-family: helvetica; font-size: 12pt;\"><strong>\u00a0<\/strong><\/span><\/td>\n<td style=\"text-align: center;\"><span style=\"font-family: helvetica; font-size: 12pt;\"><strong>matico<\/strong><\/span><\/td>\n<td style=\"text-align: center;\" width=\"55\"><span style=\"font-family: helvetica; font-size: 12pt;\"><strong>Positivo<\/strong><\/span><\/td>\n<td style=\"text-align: center;\" width=\"63\"><span style=\"font-family: helvetica; font-size: 12pt;\"><strong>Negativo<\/strong><\/span><\/td>\n<td style=\"text-align: center;\" width=\"91\"><span style=\"font-family: helvetica; font-size: 12pt;\"><strong>(d\u00edas h\u00e1biles)<\/strong><\/span><\/td>\n<td style=\"text-align: center;\"><span style=\"font-family: helvetica; font-size: 12pt;\"><strong>\u00a0<\/strong><\/span><\/td>\n<td style=\"text-align: center;\"><span style=\"font-family: helvetica; font-size: 12pt;\"><strong>RESOLVER<\/strong><\/span><\/td>\n<td style=\"text-align: center;\"><span style=\"font-family: helvetica; font-size: 12pt;\"><strong>RECONSIDERACI\u00d3N<\/strong><\/span><\/td>\n<td style=\"text-align: center;\"><span style=\"font-family: helvetica; font-size: 12pt;\"><strong>APELACI\u00d3N<\/strong><\/span><\/td>\n<\/tr>\n<tr>\n<td><span style=\"font-family: helvetica; font-size: 12pt;\">05<\/span><\/td>\n<td width=\"171\"><span style=\"font-family: helvetica; font-size: 12pt;\">Modificaci\u00f3n del Registro de<\/span><\/td>\n<td><span style=\"font-family: helvetica; font-size: 12pt;\">1.<\/span><\/td>\n<td width=\"388\"><span style=\"font-family: helvetica; font-size: 12pt;\">Solicitud dirigida al Director de Cuarentena Vegetal.<\/span><\/td>\n<td width=\"158\"><span style=\"font-family: helvetica; font-size: 12pt;\">(Formato cod.: CVI-05)<\/span><\/td>\n<td width=\"153\"><span style=\"font-family: helvetica; font-size: 12pt;\">\u00a0<\/span><\/td>\n<td width=\"155\"><span style=\"font-family: helvetica; font-size: 12pt;\">\u00a0<\/span><\/td>\n<td width=\"62\"><span style=\"font-family: helvetica; font-size: 12pt;\">\u00a0<\/span><\/td>\n<td width=\"55\"><span style=\"font-family: helvetica; font-size: 12pt;\">X<\/span><\/td>\n<td width=\"91\"><span style=\"font-family: helvetica; font-size: 12pt;\">hasta 15<\/span><\/td>\n<td><span style=\"font-family: helvetica; font-size: 12pt;\">Mesa de Partes de<\/span><\/td>\n<td width=\"151\"><span style=\"font-family: helvetica; font-size: 12pt;\">Jefe del \u00c1rea de<\/span><\/td>\n<td width=\"148\"><span style=\"font-family: helvetica; font-size: 12pt;\">No procede<\/span><\/td>\n<td width=\"124\"><span style=\"font-family: helvetica; font-size: 12pt;\">Director Ejecutivo<\/span><\/td>\n<\/tr>\n<tr>\n<td><span style=\"font-family: helvetica; font-size: 12pt;\">\u00a0<\/span><\/td>\n<td width=\"171\"><span style=\"font-family: helvetica; font-size: 12pt;\">Importadores, Lugares de<\/span><\/td>\n<td><span style=\"font-family: helvetica; font-size: 12pt;\">2.<\/span><\/td>\n<td><span style=\"font-family: helvetica; font-size: 12pt;\">Boleta de pago o validaci\u00f3n de pago en el sistema.<\/span><\/td>\n<td><span style=\"font-family: helvetica; font-size: 12pt;\">\u00a0<\/span><\/td>\n<td width=\"153\"><span style=\"font-family: helvetica; font-size: 12pt;\">1.479%<\/span><\/td>\n<td width=\"155\"><span style=\"font-family: helvetica; font-size: 12pt;\">54.00<\/span><\/td>\n<td width=\"62\"><span style=\"font-family: helvetica; font-size: 12pt;\">\u00a0<\/span><\/td>\n<td width=\"55\"><span style=\"font-family: helvetica; font-size: 12pt;\">\u00a0<\/span><\/td>\n<td width=\"91\"><span style=\"font-family: helvetica; font-size: 12pt;\">(quince) d\u00edas<\/span><\/td>\n<td><span style=\"font-family: helvetica; font-size: 12pt;\">cualquier dependencia<\/span><\/td>\n<td width=\"151\"><span style=\"font-family: helvetica; font-size: 12pt;\">Sanidad Vegetal de la<\/span><\/td>\n<td width=\"148\"><span style=\"font-family: helvetica; font-size: 12pt;\">de acuerdo a la<\/span><\/td>\n<td width=\"124\"><span style=\"font-family: helvetica; font-size: 12pt;\">\u00a0<\/span><\/td>\n<\/tr>\n<tr>\n<td><span style=\"font-family: helvetica; font-size: 12pt;\">\u00a0<\/span><\/td>\n<td width=\"171\"><span style=\"font-family: helvetica; font-size: 12pt;\">producci\u00f3n y Responsables<\/span><\/td>\n<td width=\"388\"><span style=\"font-family: helvetica; font-size: 12pt;\">\u00a0<\/span><\/td>\n<td width=\"158\"><span style=\"font-family: helvetica; font-size: 12pt;\">\u00a0<\/span><\/td>\n<td width=\"153\"><span style=\"font-family: helvetica; font-size: 12pt;\">\u00a0<\/span><\/td>\n<td width=\"155\"><span style=\"font-family: helvetica; font-size: 12pt;\">\u00a0<\/span><\/td>\n<td width=\"62\"><span style=\"font-family: helvetica; font-size: 12pt;\">\u00a0<\/span><\/td>\n<td width=\"55\"><span style=\"font-family: helvetica; font-size: 12pt;\">\u00a0<\/span><\/td>\n<td width=\"91\"><span style=\"font-family: helvetica; font-size: 12pt;\">\u00a0<\/span><\/td>\n<td><span style=\"font-family: helvetica; font-size: 12pt;\">del SENASA<\/span><\/td>\n<td width=\"151\"><span style=\"font-family: helvetica; font-size: 12pt;\">Direcci\u00f3n Ejecutiva<\/span><\/td>\n<td width=\"148\"><span style=\"font-family: helvetica; font-size: 12pt;\">Cuarta Disposici\u00f3n<\/span><\/td>\n<td width=\"124\"><span style=\"font-family: helvetica; font-size: 12pt;\">&#8211; Plazo para presentar<\/span><\/td>\n<\/tr>\n<tr>\n<td><span style=\"font-family: helvetica; font-size: 12pt;\">\u00a0<\/span><\/td>\n<td width=\"171\"><span style=\"font-family: helvetica; font-size: 12pt;\">t\u00e9cnicos de material sujeto a<\/span><\/td>\n<td width=\"388\"><span style=\"font-family: helvetica; font-size: 12pt;\">\u00a0<\/span><\/td>\n<td width=\"158\"><span style=\"font-family: helvetica; font-size: 12pt;\">\u00a0<\/span><\/td>\n<td width=\"153\"><span style=\"font-family: helvetica; font-size: 12pt;\">\u00a0<\/span><\/td>\n<td width=\"155\"><span style=\"font-family: helvetica; font-size: 12pt;\">\u00a0<\/span><\/td>\n<td width=\"62\"><span style=\"font-family: helvetica; font-size: 12pt;\">\u00a0<\/span><\/td>\n<td width=\"55\"><span style=\"font-family: helvetica; font-size: 12pt;\">\u00a0<\/span><\/td>\n<td width=\"91\"><span style=\"font-family: helvetica; font-size: 12pt;\">\u00a0<\/span><\/td>\n<td><span style=\"font-family: helvetica; font-size: 12pt;\">www.senasa.gob.pe<\/span><\/td>\n<td width=\"151\"><span style=\"font-family: helvetica; font-size: 12pt;\">de la jurisdicci\u00f3n<\/span><\/td>\n<td width=\"148\"><span style=\"font-family: helvetica; font-size: 12pt;\">Complementaria Final<\/span><\/td>\n<td width=\"124\"><span style=\"font-family: helvetica; font-size: 12pt;\">recurso: 05 d\u00edas<\/span><\/td>\n<\/tr>\n<tr>\n<td><span style=\"font-family: helvetica; font-size: 12pt;\">\u00a0<\/span><\/td>\n<td width=\"171\"><span style=\"font-family: helvetica; font-size: 12pt;\">cuarentena posentrada<\/span><\/td>\n<td width=\"388\"><span style=\"font-family: helvetica; font-size: 12pt;\">\u00a0<\/span><\/td>\n<td width=\"158\"><span style=\"font-family: helvetica; font-size: 12pt;\">\u00a0<\/span><\/td>\n<td width=\"153\"><span style=\"font-family: helvetica; font-size: 12pt;\">\u00a0<\/span><\/td>\n<td width=\"155\"><span style=\"font-family: helvetica; font-size: 12pt;\">\u00a0<\/span><\/td>\n<td width=\"62\"><span style=\"font-family: helvetica; font-size: 12pt;\">\u00a0<\/span><\/td>\n<td width=\"55\"><span style=\"font-family: helvetica; font-size: 12pt;\">\u00a0<\/span><\/td>\n<td width=\"91\"><span style=\"font-family: helvetica; font-size: 12pt;\">\u00a0<\/span><\/td>\n<td width=\"125\"><span style=\"font-family: helvetica; font-size: 12pt;\">\u00a0<\/span><\/td>\n<td width=\"151\"><span style=\"font-family: helvetica; font-size: 12pt;\">\u00a0<\/span><\/td>\n<td width=\"148\"><span style=\"font-family: helvetica; font-size: 12pt;\">del D. Leg. 1059<\/span><\/td>\n<td width=\"124\"><span style=\"font-family: helvetica; font-size: 12pt;\">&#8211; Plazo para resolver<\/span><\/td>\n<\/tr>\n<tr>\n<td><span style=\"font-family: helvetica; font-size: 12pt;\">\u00a0<\/span><\/td>\n<td width=\"171\"><span style=\"font-family: helvetica; font-size: 12pt;\">\u00a0<\/span><\/td>\n<td width=\"388\"><span style=\"font-family: helvetica; font-size: 12pt;\">\u00a0<\/span><\/td>\n<td width=\"158\"><span style=\"font-family: helvetica; font-size: 12pt;\">\u00a0<\/span><\/td>\n<td width=\"153\"><span style=\"font-family: helvetica; font-size: 12pt;\">\u00a0<\/span><\/td>\n<td width=\"155\"><span style=\"font-family: helvetica; font-size: 12pt;\">\u00a0<\/span><\/td>\n<td width=\"62\"><span style=\"font-family: helvetica; font-size: 12pt;\">\u00a0<\/span><\/td>\n<td width=\"55\"><span style=\"font-family: helvetica; font-size: 12pt;\">\u00a0<\/span><\/td>\n<td width=\"91\"><span style=\"font-family: helvetica; font-size: 12pt;\">\u00a0<\/span><\/td>\n<td width=\"125\"><span style=\"font-family: helvetica; font-size: 12pt;\">\u00a0<\/span><\/td>\n<td width=\"151\"><span style=\"font-family: helvetica; font-size: 12pt;\">\u00a0<\/span><\/td>\n<td width=\"148\"><span style=\"font-family: helvetica; font-size: 12pt;\">\u00a0<\/span><\/td>\n<td width=\"124\"><span style=\"font-family: helvetica; font-size: 12pt;\">recurso: 30 d\u00edas<\/span><\/td>\n<\/tr>\n<tr>\n<td><span style=\"font-family: helvetica; font-size: 12pt;\">\u00a0<\/span><\/td>\n<td width=\"171\"><span style=\"font-family: helvetica; font-size: 12pt;\">Art. 86\u00ba del D.S.N\u00b0<\/span><\/td>\n<td width=\"388\"><span style=\"font-family: helvetica; font-size: 12pt;\">\u00a0<\/span><\/td>\n<td width=\"158\"><span style=\"font-family: helvetica; font-size: 12pt;\">\u00a0<\/span><\/td>\n<td width=\"153\"><span style=\"font-family: helvetica; font-size: 12pt;\">\u00a0<\/span><\/td>\n<td width=\"155\"><span style=\"font-family: helvetica; font-size: 12pt;\">\u00a0<\/span><\/td>\n<td width=\"62\"><span style=\"font-family: helvetica; font-size: 12pt;\">\u00a0<\/span><\/td>\n<td width=\"55\"><span style=\"font-family: helvetica; font-size: 12pt;\">\u00a0<\/span><\/td>\n<td width=\"91\"><span style=\"font-family: helvetica; font-size: 12pt;\">\u00a0<\/span><\/td>\n<td width=\"125\"><span style=\"font-family: helvetica; font-size: 12pt;\">\u00a0<\/span><\/td>\n<td width=\"151\"><span style=\"font-family: helvetica; font-size: 12pt;\">\u00a0<\/span><\/td>\n<td width=\"148\"><span style=\"font-family: helvetica; font-size: 12pt;\">\u00a0<\/span><\/td>\n<td width=\"124\"><span style=\"font-family: helvetica; font-size: 12pt;\">\u00a0<\/span><\/td>\n<\/tr>\n<tr>\n<td><span style=\"font-family: helvetica; font-size: 12pt;\">\u00a0<\/span><\/td>\n<td><span style=\"font-family: helvetica; font-size: 12pt;\">032-2003-AG del 24\/08\/2003.<\/span><\/td>\n<td><span style=\"font-family: helvetica; font-size: 12pt;\">\u00a0<\/span><\/td>\n<td width=\"388\"><span style=\"font-family: helvetica; font-size: 12pt;\">\u00a0<\/span><\/td>\n<td width=\"158\"><span style=\"font-family: helvetica; font-size: 12pt;\">\u00a0<\/span><\/td>\n<td width=\"153\"><span style=\"font-family: helvetica; font-size: 12pt;\">\u00a0<\/span><\/td>\n<td width=\"155\"><span style=\"font-family: helvetica; font-size: 12pt;\">\u00a0<\/span><\/td>\n<td width=\"62\"><span style=\"font-family: helvetica; font-size: 12pt;\">\u00a0<\/span><\/td>\n<td width=\"55\"><span style=\"font-family: helvetica; font-size: 12pt;\">\u00a0<\/span><\/td>\n<td width=\"91\"><span style=\"font-family: helvetica; font-size: 12pt;\">\u00a0<\/span><\/td>\n<td width=\"125\"><span style=\"font-family: helvetica; font-size: 12pt;\">\u00a0<\/span><\/td>\n<\/tr>\n<\/tbody>\n<\/table>\n<p><span style=\"font-family: helvetica; font-size: 12pt;\">\u00a0<\/span><\/p>\n<p>&nbsp;<\/p>\n","protected":false},"excerpt":{"rendered":"<p>TEXTO \u00daNICO DE PROCEDIMIENTOS ADMINISTRATIVOS (TUPA) DEL SENASA N\u00ba DE DENOMINACI\u00d3N DEL \u00a0 REQUISITOS \u00a0 DERECHO DE TRAMITACI\u00d3N CALIFICACI\u00d3N Plazo para INICIO DEL AUTORIDAD INSTANCIAS DE RESOLUCI\u00d3N DE RECURSOS ORDEN PROCEDIMIENTO \u00a0 N\u00famero y Denominaci\u00f3n Formulario \/ C\u00f3digo \/ (en % UIT) (en S\/.) Auto- Evaluaci\u00f3n Previa resolver PROCEDIMIENTO COMPETENTE PARA \u00a0 \u00a0 \u00a0 \u00a0 [&hellip;]<\/p>\n","protected":false},"author":127,"featured_media":0,"parent":0,"menu_order":0,"comment_status":"closed","ping_status":"closed","template":"","meta":{"footnotes":""},"class_list":["post-2582","page","type-page","status-publish","hentry"],"_links":{"self":[{"href":"https:\/\/www.senasa.gob.pe\/senasa\/wp-json\/wp\/v2\/pages\/2582","targetHints":{"allow":["GET"]}}],"collection":[{"href":"https:\/\/www.senasa.gob.pe\/senasa\/wp-json\/wp\/v2\/pages"}],"about":[{"href":"https:\/\/www.senasa.gob.pe\/senasa\/wp-json\/wp\/v2\/types\/page"}],"author":[{"embeddable":true,"href":"https:\/\/www.senasa.gob.pe\/senasa\/wp-json\/wp\/v2\/users\/127"}],"replies":[{"embeddable":true,"href":"https:\/\/www.senasa.gob.pe\/senasa\/wp-json\/wp\/v2\/comments?post=2582"}],"version-history":[{"count":0,"href":"https:\/\/www.senasa.gob.pe\/senasa\/wp-json\/wp\/v2\/pages\/2582\/revisions"}],"wp:attachment":[{"href":"https:\/\/www.senasa.gob.pe\/senasa\/wp-json\/wp\/v2\/media?parent=2582"}],"curies":[{"name":"wp","href":"https:\/\/api.w.org\/{rel}","templated":true}]}}