{"id":26213,"date":"2015-11-19T11:41:02","date_gmt":"2015-11-19T16:41:02","guid":{"rendered":"https:\/\/www.senasa.gob.pe\/senasa\/?page_id=26213"},"modified":"2016-01-05T12:21:22","modified_gmt":"2016-01-05T17:21:22","slug":"convocatoria-cas-n-618-2015-un-jefe-de-iaia","status":"publish","type":"page","link":"https:\/\/www.senasa.gob.pe\/senasa\/convocatoria-cas-n-618-2015-un-jefe-de-iaia\/","title":{"rendered":"Convocatoria CAS N\u00b0 618-2015 Un Jefe de IAIA"},"content":{"rendered":"<p><span style=\"font-family: helvetica, arial, sans-serif; font-size: 10pt;\"><a href=\"https:\/\/www.senasa.gob.pe\/senasa\/descargasarchivos\/2015\/11\/TDR-CAS-618-JEFE-IAIA-AMAZONAS.pdf\" target=\"_blank\">Bases y Cronograma<\/a><\/span><\/p>\n<p><span style=\"font-family: helvetica, arial, sans-serif; font-size: 10pt;\"><a href=\"https:\/\/www.senasa.gob.pe\/senasa\/descargasarchivos\/2015\/11\/Formato-REG-061614.xls\" target=\"_blank\">Ficha de Inscripci\u00f3n<\/a><\/span><\/p>\n<p><span style=\"font-family: helvetica, arial, sans-serif; font-size: 10pt;\"><a href=\"https:\/\/www.senasa.gob.pe\/senasa\/descargasarchivos\/2015\/09\/SUSPENSION-PROCESOS-CAS1.pdf\">Comunicado Suspensi\u00f3n del Proceso<\/a><\/span><\/p>\n<p><span style=\"font-family: helvetica, arial, sans-serif; font-size: 10pt;\"><a href=\"https:\/\/www.senasa.gob.pe\/senasa\/descargasarchivos\/2015\/11\/CANCELACION-PROCESO-CAS-618-2015.pdf\" target=\"_blank\">Comunicado Cancelaci\u00f3n del Proceso<\/a><\/span><\/p>\n","protected":false},"excerpt":{"rendered":"<p>Bases y Cronograma Ficha de Inscripci\u00f3n Comunicado Suspensi\u00f3n del Proceso Comunicado Cancelaci\u00f3n del Proceso<\/p>\n","protected":false},"author":127,"featured_media":0,"parent":0,"menu_order":0,"comment_status":"closed","ping_status":"closed","template":"","meta":{"footnotes":""},"class_list":["post-26213","page","type-page","status-publish","hentry"],"_links":{"self":[{"href":"https:\/\/www.senasa.gob.pe\/senasa\/wp-json\/wp\/v2\/pages\/26213","targetHints":{"allow":["GET"]}}],"collection":[{"href":"https:\/\/www.senasa.gob.pe\/senasa\/wp-json\/wp\/v2\/pages"}],"about":[{"href":"https:\/\/www.senasa.gob.pe\/senasa\/wp-json\/wp\/v2\/types\/page"}],"author":[{"embeddable":true,"href":"https:\/\/www.senasa.gob.pe\/senasa\/wp-json\/wp\/v2\/users\/127"}],"replies":[{"embeddable":true,"href":"https:\/\/www.senasa.gob.pe\/senasa\/wp-json\/wp\/v2\/comments?post=26213"}],"version-history":[{"count":0,"href":"https:\/\/www.senasa.gob.pe\/senasa\/wp-json\/wp\/v2\/pages\/26213\/revisions"}],"wp:attachment":[{"href":"https:\/\/www.senasa.gob.pe\/senasa\/wp-json\/wp\/v2\/media?parent=26213"}],"curies":[{"name":"wp","href":"https:\/\/api.w.org\/{rel}","templated":true}]}}