{"id":26222,"date":"2015-11-19T11:49:19","date_gmt":"2015-11-19T16:49:19","guid":{"rendered":"https:\/\/www.senasa.gob.pe\/senasa\/?page_id=26222"},"modified":"2016-01-05T12:22:38","modified_gmt":"2016-01-05T17:22:38","slug":"convocatoria-cas-n-0619-2015-un-especialista-en-sanidad-agraria-mip-cacao","status":"publish","type":"page","link":"https:\/\/www.senasa.gob.pe\/senasa\/convocatoria-cas-n-0619-2015-un-especialista-en-sanidad-agraria-mip-cacao\/","title":{"rendered":"Convocatoria CAS N\u00b0 0619-2015 Un especialista en sanidad agraria: MIP cacao"},"content":{"rendered":"<p><span style=\"font-family: helvetica, arial, sans-serif; font-size: 10pt;\"><a href=\"https:\/\/www.senasa.gob.pe\/senasa\/descargasarchivos\/2015\/11\/TDR-CAS-619-ESP.-SANIDAD-AGRARIA.pdf\" target=\"_blank\">Bases y Cronograma<\/a><\/span><\/p>\n<p><span style=\"font-family: helvetica, arial, sans-serif; font-size: 10pt;\"><a href=\"https:\/\/www.senasa.gob.pe\/senasa\/descargasarchivos\/2015\/11\/TDR-CAS-619-ESP.-SANIDAD-AGRARIA.pdf\" target=\"_blank\">Ficha de Inscripci\u00f3n<\/a><\/span><\/p>\n<p><span style=\"font-family: helvetica, arial, sans-serif; font-size: 10pt;\"><a href=\"https:\/\/www.senasa.gob.pe\/senasa\/descargasarchivos\/2015\/09\/SUSPENSION-PROCESOS-CAS1.pdf\" target=\"_blank\">Comunicado Suspensi\u00f3n del Proceso<\/a><\/span><\/p>\n<p><span style=\"font-family: helvetica, arial, sans-serif; font-size: 10pt;\"><a href=\"https:\/\/www.senasa.gob.pe\/senasa\/descargasarchivos\/2015\/11\/CANCELACION-PROCESO-CAS-619-2015.pdf\" target=\"_blank\">Comunicado Cancelaci\u00f3n del Proceso<\/a><\/span><\/p>\n<p>&nbsp;<\/p>\n","protected":false},"excerpt":{"rendered":"<p>Bases y Cronograma Ficha de Inscripci\u00f3n Comunicado Suspensi\u00f3n del Proceso Comunicado Cancelaci\u00f3n del Proceso &nbsp;<\/p>\n","protected":false},"author":127,"featured_media":0,"parent":0,"menu_order":0,"comment_status":"closed","ping_status":"closed","template":"","meta":{"footnotes":""},"class_list":["post-26222","page","type-page","status-publish","hentry"],"_links":{"self":[{"href":"https:\/\/www.senasa.gob.pe\/senasa\/wp-json\/wp\/v2\/pages\/26222","targetHints":{"allow":["GET"]}}],"collection":[{"href":"https:\/\/www.senasa.gob.pe\/senasa\/wp-json\/wp\/v2\/pages"}],"about":[{"href":"https:\/\/www.senasa.gob.pe\/senasa\/wp-json\/wp\/v2\/types\/page"}],"author":[{"embeddable":true,"href":"https:\/\/www.senasa.gob.pe\/senasa\/wp-json\/wp\/v2\/users\/127"}],"replies":[{"embeddable":true,"href":"https:\/\/www.senasa.gob.pe\/senasa\/wp-json\/wp\/v2\/comments?post=26222"}],"version-history":[{"count":0,"href":"https:\/\/www.senasa.gob.pe\/senasa\/wp-json\/wp\/v2\/pages\/26222\/revisions"}],"wp:attachment":[{"href":"https:\/\/www.senasa.gob.pe\/senasa\/wp-json\/wp\/v2\/media?parent=26222"}],"curies":[{"name":"wp","href":"https:\/\/api.w.org\/{rel}","templated":true}]}}