{"id":29271,"date":"2016-03-22T14:07:11","date_gmt":"2016-03-22T19:07:11","guid":{"rendered":"https:\/\/www.senasa.gob.pe\/senasa\/?page_id=29271"},"modified":"2016-04-08T08:49:46","modified_gmt":"2016-04-08T13:49:46","slug":"segunda-convocatoria-cas-n0015-2016-un1especialista-en-sanidad-agraria-mip-cacao","status":"publish","type":"page","link":"https:\/\/www.senasa.gob.pe\/senasa\/segunda-convocatoria-cas-n0015-2016-un1especialista-en-sanidad-agraria-mip-cacao\/","title":{"rendered":"SEGUNDA CONVOCATORIA CAS N\u00b00015-2016 UN(1)ESPECIALISTA EN  SANIDAD AGRARIA MIP-CACAO"},"content":{"rendered":"<p><span style=\"font-size: 10pt; font-family: helvetica, arial, sans-serif;\"><a href=\"https:\/\/www.senasa.gob.pe\/senasa\/descargasarchivos\/2016\/03\/CAS-015-2016-ESP.-SANID.-VEG.-II-CONV..pdf\" target=\"_blank\">Bases y Cronograma<\/a><\/span><\/p>\n<p><span style=\"font-size: 10pt; font-family: helvetica, arial, sans-serif;\"><a href=\"https:\/\/www.senasa.gob.pe\/senasa\/descargasarchivos\/2016\/03\/Ficha-de-inscripcion.xls\" target=\"_blank\">Ficha de Inscripci\u00f3n<\/a><\/span><\/p>\n<p><span style=\"font-family: helvetica, arial, sans-serif; font-size: 10pt;\"><a href=\"https:\/\/www.senasa.gob.pe\/senasa\/descargasarchivos\/2016\/03\/RESULTADO-REQ.-MINIMOS-CAS-015-2016-II-CONV..pdf\" target=\"_blank\">Publicaci\u00f3n Resultados Requisitos M\u00ednimos<\/a><\/span><\/p>\n<p><span style=\"font-family: helvetica, arial, sans-serif; font-size: 10pt;\"><a href=\"https:\/\/www.senasa.gob.pe\/senasa\/descargasarchivos\/2016\/03\/CONOCIMIENTOS-CAS-015-2016-ESP.-SANID.-VEG..pdf\" target=\"_blank\">Resultados Evaluaci\u00f3n de Conocimientos<\/a><\/span><\/p>\n<p><span style=\"font-family: helvetica, arial, sans-serif; font-size: 10pt;\"><a href=\"https:\/\/www.senasa.gob.pe\/senasa\/descargasarchivos\/2016\/03\/ENTREVISTA-ESPECIALISTA-SV.pdf\" target=\"_blank\">Resultados Entrevista Personal<\/a><\/span><\/p>\n<p><span style=\"font-family: helvetica, arial, sans-serif; font-size: 10pt;\"><a href=\"https:\/\/www.senasa.gob.pe\/senasa\/descargasarchivos\/2016\/03\/RESULTADO-FINAL-ESPECIALISTA-SV.pdf\" target=\"_blank\">Resultado \u00a0Final<\/a><\/span><\/p>\n","protected":false},"excerpt":{"rendered":"<p>Bases y Cronograma Ficha de Inscripci\u00f3n Publicaci\u00f3n Resultados Requisitos M\u00ednimos Resultados Evaluaci\u00f3n de Conocimientos Resultados Entrevista Personal Resultado \u00a0Final<\/p>\n","protected":false},"author":127,"featured_media":0,"parent":0,"menu_order":0,"comment_status":"closed","ping_status":"closed","template":"","meta":{"footnotes":""},"class_list":["post-29271","page","type-page","status-publish","hentry"],"_links":{"self":[{"href":"https:\/\/www.senasa.gob.pe\/senasa\/wp-json\/wp\/v2\/pages\/29271","targetHints":{"allow":["GET"]}}],"collection":[{"href":"https:\/\/www.senasa.gob.pe\/senasa\/wp-json\/wp\/v2\/pages"}],"about":[{"href":"https:\/\/www.senasa.gob.pe\/senasa\/wp-json\/wp\/v2\/types\/page"}],"author":[{"embeddable":true,"href":"https:\/\/www.senasa.gob.pe\/senasa\/wp-json\/wp\/v2\/users\/127"}],"replies":[{"embeddable":true,"href":"https:\/\/www.senasa.gob.pe\/senasa\/wp-json\/wp\/v2\/comments?post=29271"}],"version-history":[{"count":0,"href":"https:\/\/www.senasa.gob.pe\/senasa\/wp-json\/wp\/v2\/pages\/29271\/revisions"}],"wp:attachment":[{"href":"https:\/\/www.senasa.gob.pe\/senasa\/wp-json\/wp\/v2\/media?parent=29271"}],"curies":[{"name":"wp","href":"https:\/\/api.w.org\/{rel}","templated":true}]}}