{"id":30483,"date":"2016-05-31T12:14:41","date_gmt":"2016-05-31T17:14:41","guid":{"rendered":"https:\/\/www.senasa.gob.pe\/senasa\/?page_id=30483"},"modified":"2021-11-24T02:02:36","modified_gmt":"2021-11-24T07:02:36","slug":"plan-operativo-institucional-poi-4","status":"publish","type":"page","link":"https:\/\/www.senasa.gob.pe\/senasa\/plan-operativo-institucional-poi-4\/","title":{"rendered":"Plan Operativo Institucional \u2013 POI"},"content":{"rendered":"<p><span style=\"font-family: helvetica, arial, sans-serif; font-size: 10pt;\"><a href=\"https:\/\/www.senasa.gob.pe\/senasa\/descargasarchivos\/2016\/05\/Formulacion-POI-2016.rar\" target=\"_blank\" rel=\"noopener noreferrer\">Formulaci\u00f3n POI 2016<\/a><\/span><\/p>\n<p><span style=\"font-family: helvetica, arial, sans-serif; font-size: 10pt;\"><a href=\"https:\/\/www.senasa.gob.pe\/senasa\/descargasarchivos\/2016\/05\/POI-I-TRIM-2016.rar\" target=\"_blank\" rel=\"noopener noreferrer\">Evaluaci\u00f3n Primer Trimestre POI 2016<\/a><\/span><\/p>\n<p><span style=\"font-family: helvetica, arial, sans-serif; font-size: 10pt;\">Evaluaci\u00f3n Segundo Trimestre POI 2016<\/span><\/p>\n<p><span style=\"font-size: 10pt; font-family: helvetica, arial, sans-serif;\"><a href=\"https:\/\/www.senasa.gob.pe\/senasa\/descargasarchivos\/2016\/05\/primera-parte-Eval.-POI-al-II-trimestre-1\u00b0-parte.pdf\" target=\"_blank\" rel=\"noopener noreferrer\">Primera parte Eval. POI al II trimestre<\/a><\/span><\/p>\n<p><span style=\"font-size: 10pt; font-family: helvetica, arial, sans-serif;\"><a href=\"https:\/\/www.senasa.gob.pe\/senasa\/descargasarchivos\/2016\/05\/segunda-parte-Eval.-POI-al-II-triemstre.pdf\" target=\"_blank\" rel=\"noopener noreferrer\">Segunda parte Eval. POI al II triemstre<\/a><\/span><\/p>\n<p><span style=\"font-size: 10pt; font-family: helvetica, arial, sans-serif;\"><a href=\"https:\/\/www.senasa.gob.pe\/senasa\/descargasarchivos\/2016\/05\/tercera-parte-Eval.-POI-al-II-trimestre..pdf\" target=\"_blank\" rel=\"noopener noreferrer\">Tercera parte Eval. POI al II trimestre<\/a><\/span><\/p>\n<p><span style=\"font-family: helvetica, arial, sans-serif; font-size: 10pt;\">Evaluaci\u00f3n Tercer Trimestre POI 2016<\/span><\/p>\n<p><span style=\"font-size: 10pt; font-family: helvetica, arial, sans-serif;\"><a href=\"https:\/\/www.senasa.gob.pe\/senasa\/descargasarchivos\/2016\/05\/Parte-I-evaluacion-III-trim-POI-2016.pdf\" target=\"_blank\" rel=\"noopener noreferrer\">Primera Parte Eval POI al III trimestre\u00a0<\/a><\/span><\/p>\n<p><span style=\"font-size: 10pt; font-family: helvetica, arial, sans-serif;\"><a href=\"https:\/\/www.senasa.gob.pe\/senasa\/descargasarchivos\/2016\/05\/Parte-II-evaluacion-al-III-trim-2016.pdf\" target=\"_blank\" rel=\"noopener noreferrer\">Segunda Parte Eval \u00a0POI al III trimestre\u00a0<\/a><\/span><\/p>\n<p><span style=\"font-size: 10pt; font-family: helvetica, arial, sans-serif;\"><a href=\"https:\/\/www.senasa.gob.pe\/senasa\/descargasarchivos\/2016\/05\/Parte-III-evaluacion-al-III-trim-POI-2016.pdf\" target=\"_blank\" rel=\"noopener noreferrer\">Tercera Parte Eval POI al III trimestre\u00a0<\/a><\/span><\/p>\n<p><span style=\"font-family: helvetica, arial, sans-serif; font-size: 10pt;\">Evaluaci\u00f3n Cuarto Trimestre POI 2016<\/span><\/p>\n<p><span style=\"font-size: 10pt; font-family: helvetica, arial, sans-serif;\"><a href=\"https:\/\/www.senasa.gob.pe\/senasa\/descargasarchivos\/2016\/05\/PARTE-I-evaluacion-POI-al-IV-trim-2016.pdf\" target=\"_blank\" rel=\"noopener noreferrer\">Primera Parte Eval POI al IV trimestre\u00a0<\/a><\/span><\/p>\n<p><span style=\"font-size: 10pt; font-family: helvetica, arial, sans-serif;\"><a href=\"https:\/\/www.senasa.gob.pe\/senasa\/descargasarchivos\/2016\/05\/PARTE-II-evaluacion-POI-al-IV-trim-2016.pdf\" target=\"_blank\" rel=\"noopener noreferrer\">Segunda Parte Eval POI al IV trimestre\u00a0<\/a><\/span><\/p>\n<p><span style=\"font-size: 10pt; font-family: helvetica, arial, sans-serif;\"><a href=\"https:\/\/www.senasa.gob.pe\/senasa\/descargasarchivos\/2016\/05\/PARTE-III-evaluaci\u00f3n-POI-al-IV-trim-2016.pdf\" target=\"_blank\" rel=\"noopener noreferrer\">Tercera Parte Eval POI al IV trimestre\u00a0<\/a><\/span><\/p>\n<p><span style=\"font-size: 10pt; font-family: helvetica, arial, sans-serif;\"><a href=\"https:\/\/www.senasa.gob.pe\/senasa\/descargasarchivos\/2016\/05\/PARTE-IV-evaluacion-POI-al-IV-trimestre-2016.pdf\" target=\"_blank\" rel=\"noopener noreferrer\">Cuarta Parte Eval POI al IV trimestre\u00a0<\/a><\/span><\/p>\n<p><span style=\"font-family: helvetica, arial, sans-serif; font-size: 10pt;\"><a href=\"https:\/\/www.senasa.gob.pe\/senasa\/descargasarchivos\/2016\/05\/RJ-POI-2016.pdf\" target=\"_blank\" rel=\"noopener noreferrer\">RESOLUCI\u00d3N JEFATURAL-0058-2016-MINAGRI-SENASA<\/a><\/span><\/p>\n<p>&nbsp;<\/p>\n","protected":false},"excerpt":{"rendered":"<p>Formulaci\u00f3n POI 2016 Evaluaci\u00f3n Primer Trimestre POI 2016 Evaluaci\u00f3n Segundo Trimestre POI 2016 Primera parte Eval. POI al II trimestre Segunda parte Eval. POI al II triemstre Tercera parte Eval. POI al II trimestre Evaluaci\u00f3n Tercer Trimestre POI 2016 Primera Parte Eval POI al III trimestre\u00a0 Segunda Parte Eval \u00a0POI al III trimestre\u00a0 Tercera Parte [&hellip;]<\/p>\n","protected":false},"author":127,"featured_media":0,"parent":0,"menu_order":0,"comment_status":"closed","ping_status":"closed","template":"","meta":{"footnotes":""},"class_list":["post-30483","page","type-page","status-publish","hentry"],"_links":{"self":[{"href":"https:\/\/www.senasa.gob.pe\/senasa\/wp-json\/wp\/v2\/pages\/30483","targetHints":{"allow":["GET"]}}],"collection":[{"href":"https:\/\/www.senasa.gob.pe\/senasa\/wp-json\/wp\/v2\/pages"}],"about":[{"href":"https:\/\/www.senasa.gob.pe\/senasa\/wp-json\/wp\/v2\/types\/page"}],"author":[{"embeddable":true,"href":"https:\/\/www.senasa.gob.pe\/senasa\/wp-json\/wp\/v2\/users\/127"}],"replies":[{"embeddable":true,"href":"https:\/\/www.senasa.gob.pe\/senasa\/wp-json\/wp\/v2\/comments?post=30483"}],"version-history":[{"count":0,"href":"https:\/\/www.senasa.gob.pe\/senasa\/wp-json\/wp\/v2\/pages\/30483\/revisions"}],"wp:attachment":[{"href":"https:\/\/www.senasa.gob.pe\/senasa\/wp-json\/wp\/v2\/media?parent=30483"}],"curies":[{"name":"wp","href":"https:\/\/api.w.org\/{rel}","templated":true}]}}