{"id":3111,"date":"2014-11-06T03:09:00","date_gmt":"2014-11-06T08:09:00","guid":{"rendered":"https:\/\/www.senasa.gob.pe\/senasa\/?page_id=3111"},"modified":"2022-10-20T23:37:46","modified_gmt":"2022-10-21T04:37:46","slug":"direcciones-ejecutivas","status":"publish","type":"page","link":"https:\/\/www.senasa.gob.pe\/senasa\/direcciones-ejecutivas\/","title":{"rendered":"Direcciones Ejecutivas"},"content":{"rendered":"<ul>\n<li><span style=\"font-family: helvetica; font-size: 12pt;\"><a title=\"Amazonas\" href=\"https:\/\/www.senasa.gob.pe\/senasa\/?page_id=3114\">Amazonas<\/a><\/span><\/li>\n<li><span style=\"font-family: helvetica; font-size: 12pt;\"><a title=\"Ancash\" href=\"https:\/\/www.senasa.gob.pe\/senasa\/?page_id=3117\">Ancash<\/a><\/span><\/li>\n<li><span style=\"font-family: helvetica; font-size: 12pt;\"><a title=\"Apurimac\" href=\"https:\/\/www.senasa.gob.pe\/senasa\/?page_id=3120\">Apur\u00edmac<\/a><\/span><\/li>\n<li><span style=\"font-family: helvetica; font-size: 12pt;\"><a title=\"Arequipa\" href=\"https:\/\/www.senasa.gob.pe\/senasa\/?page_id=3123\">Arequipa<\/a><\/span><\/li>\n<li><span style=\"font-family: helvetica; font-size: 12pt;\"><a title=\"Ayacucho\" href=\"https:\/\/www.senasa.gob.pe\/senasa\/?page_id=3126\">Ayacucho<\/a><\/span><\/li>\n<li><span style=\"font-family: helvetica; font-size: 12pt;\"><a title=\"Cajamarca\" href=\"https:\/\/www.senasa.gob.pe\/senasa\/?page_id=3129\">Cajamarca<\/a><\/span><\/li>\n<li><span style=\"font-family: helvetica; font-size: 12pt;\"><a title=\"Cusco\" href=\"https:\/\/www.senasa.gob.pe\/senasa\/?page_id=3132\">Cusco<\/a><\/span><\/li>\n<li><span style=\"font-family: helvetica; font-size: 12pt;\"><a title=\"Huancavelica\" href=\"https:\/\/www.senasa.gob.pe\/senasa\/?page_id=3135\">Huancavelica<\/a><\/span><\/li>\n<li><span style=\"font-family: helvetica; font-size: 12pt;\"><a title=\"Hu\u00e1nuco\" href=\"https:\/\/www.senasa.gob.pe\/senasa\/?page_id=3138\">Hu\u00e1nuco<\/a><\/span><\/li>\n<li><span style=\"font-family: helvetica; font-size: 12pt;\"><a title=\"Ica\" href=\"https:\/\/www.senasa.gob.pe\/senasa\/?page_id=3147\">Ica<\/a><\/span><\/li>\n<li><span style=\"font-family: helvetica; font-size: 12pt;\"><a title=\"Jun\u00edn\" href=\"https:\/\/www.senasa.gob.pe\/senasa\/?page_id=3150\">Jun\u00edn<\/a><\/span><\/li>\n<li><span style=\"font-family: helvetica; font-size: 12pt;\"><a title=\"La Libertad\" href=\"https:\/\/www.senasa.gob.pe\/senasa\/?page_id=3153\">La Libertad<\/a><\/span><\/li>\n<li><span style=\"font-family: helvetica; font-size: 12pt;\"><a title=\"Lambayeque\" href=\"https:\/\/www.senasa.gob.pe\/senasa\/?page_id=3141\">Lambayeque<\/a><\/span><\/li>\n<li><span style=\"font-family: helvetica; font-size: 12pt;\"><a title=\"Lima\" href=\"https:\/\/www.senasa.gob.pe\/senasa\/?page_id=3156\">Lima<\/a><\/span><\/li>\n<li><span style=\"font-family: helvetica; font-size: 12pt;\"><a title=\"Loreto\" href=\"https:\/\/www.senasa.gob.pe\/senasa\/?page_id=3159\">Loreto<\/a><\/span><\/li>\n<li><span style=\"font-family: helvetica; font-size: 12pt;\"><a title=\"Madre de Dios\" href=\"https:\/\/www.senasa.gob.pe\/senasa\/?page_id=3162\">Madre de Dios<\/a><\/span><\/li>\n<li><span style=\"font-family: helvetica; font-size: 12pt;\"><a title=\"Moquegua\" href=\"https:\/\/www.senasa.gob.pe\/senasa\/?page_id=3144\">Moquegua<\/a><\/span><\/li>\n<li><span style=\"font-family: helvetica; font-size: 12pt;\"><a title=\"Pasco\" href=\"https:\/\/www.senasa.gob.pe\/senasa\/?page_id=3165\">Pasco<\/a><\/span><\/li>\n<li><span style=\"font-family: helvetica; font-size: 12pt;\"><a title=\"Piura\" href=\"https:\/\/www.senasa.gob.pe\/senasa\/?page_id=3169\">Piura<\/a><\/span><\/li>\n<li><span style=\"font-family: helvetica; font-size: 12pt;\"><a title=\"Puno\" href=\"https:\/\/www.senasa.gob.pe\/senasa\/?page_id=3173\">Puno<\/a><\/span><\/li>\n<li><span style=\"font-family: helvetica; font-size: 12pt;\"><a title=\"San Mart\u00edn\" href=\"https:\/\/www.senasa.gob.pe\/senasa\/?page_id=3176\">San Mart\u00edn<\/a><\/span><\/li>\n<li><span style=\"font-family: helvetica; font-size: 12pt;\"><a title=\"Tacna\" href=\"https:\/\/www.senasa.gob.pe\/senasa\/?page_id=3179\">Tacna<\/a><\/span><\/li>\n<li><span style=\"font-family: helvetica; font-size: 12pt;\"><a title=\"Tumbes\" href=\"https:\/\/www.senasa.gob.pe\/senasa\/?page_id=3181\">Tumbes<\/a><\/span><\/li>\n<li><span style=\"font-family: helvetica; font-size: 12pt;\"><a title=\"Ucayali\" href=\"https:\/\/www.senasa.gob.pe\/senasa\/?page_id=3184\">Ucayali<\/a><\/span><\/li>\n<li><span style=\"font-family: helvetica; font-size: 12pt;\"><a title=\"Vrae\" href=\"https:\/\/www.senasa.gob.pe\/senasa\/?page_id=3187\">Vrae<\/a><\/span><\/li>\n<\/ul>\n<p>&nbsp;<\/p>\n","protected":false},"excerpt":{"rendered":"<p>Amazonas Ancash Apur\u00edmac Arequipa Ayacucho Cajamarca Cusco Huancavelica Hu\u00e1nuco Ica Jun\u00edn La Libertad Lambayeque Lima Loreto Madre de Dios Moquegua Pasco Piura Puno San Mart\u00edn Tacna Tumbes Ucayali Vrae &nbsp;<\/p>\n","protected":false},"author":127,"featured_media":0,"parent":0,"menu_order":0,"comment_status":"closed","ping_status":"closed","template":"","meta":{"footnotes":""},"class_list":["post-3111","page","type-page","status-publish","hentry"],"_links":{"self":[{"href":"https:\/\/www.senasa.gob.pe\/senasa\/wp-json\/wp\/v2\/pages\/3111","targetHints":{"allow":["GET"]}}],"collection":[{"href":"https:\/\/www.senasa.gob.pe\/senasa\/wp-json\/wp\/v2\/pages"}],"about":[{"href":"https:\/\/www.senasa.gob.pe\/senasa\/wp-json\/wp\/v2\/types\/page"}],"author":[{"embeddable":true,"href":"https:\/\/www.senasa.gob.pe\/senasa\/wp-json\/wp\/v2\/users\/127"}],"replies":[{"embeddable":true,"href":"https:\/\/www.senasa.gob.pe\/senasa\/wp-json\/wp\/v2\/comments?post=3111"}],"version-history":[{"count":1,"href":"https:\/\/www.senasa.gob.pe\/senasa\/wp-json\/wp\/v2\/pages\/3111\/revisions"}],"predecessor-version":[{"id":76178,"href":"https:\/\/www.senasa.gob.pe\/senasa\/wp-json\/wp\/v2\/pages\/3111\/revisions\/76178"}],"wp:attachment":[{"href":"https:\/\/www.senasa.gob.pe\/senasa\/wp-json\/wp\/v2\/media?parent=3111"}],"curies":[{"name":"wp","href":"https:\/\/api.w.org\/{rel}","templated":true}]}}