{"id":3247,"date":"2014-11-06T05:41:54","date_gmt":"2014-11-06T05:41:54","guid":{"rendered":"https:\/\/www.senasa.gob.pe\/senasa\/?page_id=3247"},"modified":"2021-10-25T11:31:35","modified_gmt":"2021-10-25T16:31:35","slug":"aviso-especifico-de-adquisicion-de-articulos-para-campana-de-vacunacion","status":"publish","type":"page","link":"https:\/\/www.senasa.gob.pe\/senasa\/aviso-especifico-de-adquisicion-de-articulos-para-campana-de-vacunacion\/","title":{"rendered":"Aviso Espec\u00edfico de Adquisici\u00f3n de Art\u00edculos para Campa\u00f1a de Vacunaci\u00f3n"},"content":{"rendered":"<p><span style=\"font-family: helvetica; font-size: 12pt;\"><strong>Aviso Espec\u00edfico de Adquisiciones Licitaci\u00f3n P\u00fablica Nacional Nro. CI 011-2013\/SENASA\/PRODESA-LPN 004<\/strong><\/span><\/p>\n<p><span style=\"font-family: helvetica; font-size: 12pt;\">\u201cPrimera Convocatoria\u201d<\/span><\/p>\n<table width=\"100%\">\n<tbody>\n<tr>\n<td colspan=\"4\"><span style=\"font-family: helvetica; font-size: 12pt;\">Referencia : 15072013<\/span><\/td>\n<\/tr>\n<tr>\n<td><span style=\"font-family: helvetica; font-size: 12pt;\">DIRECCI\u00d3N EJECUTIVA<\/span><\/td>\n<td colspan=\"2\"><span style=\"font-family: helvetica; font-size: 12pt;\">TERMINO DE REFERENCIA Y AVISO DE CONVOCATORIA<\/span><\/td>\n<\/tr>\n<tr>\n<td rowspan=\"2\"><span style=\"font-family: helvetica; font-size: 12pt;\">Nivel Central<\/span><\/td>\n<td><span style=\"font-family: helvetica; font-size: 12pt;\"><strong>Aviso Espec\u00edfico de\u00a0 Adquisici\u00f3n de Art\u00edculos para Campa\u00f1a de Vacunaci\u00f3n<\/strong><\/span><span style=\"font-family: helvetica; font-size: 12pt;\"><strong>Licitaci\u00f3n P\u00fablica Nacional Nro. CI 011-2013\/SENASA\/PRODESA-LPN 004\u00a0\u00a0 <a href=\"https:\/\/www.senasa.gob.pe\/senasa\/descargasarchivos\/jer\/15072013-01\/Aviso%20Espec%20cam%20vacu%202013.pdf\"><img loading=\"lazy\" decoding=\"async\" src=\"https:\/\/www.senasa.gob.pe\/senasa\/descargasarchivos\/jer\/ICA\/icono_pdf.gif\" alt=\"\" width=\"23\" height=\"23\" align=\"absBottom\" border=\"0\" \/><\/a><\/strong><\/span><\/td>\n<\/tr>\n<\/tbody>\n<\/table>\n<p><span style=\"font-family: helvetica; font-size: 12pt;\">\u00a0<\/span><\/p>\n","protected":false},"excerpt":{"rendered":"<p>Aviso Espec\u00edfico de Adquisiciones Licitaci\u00f3n P\u00fablica Nacional Nro. CI 011-2013\/SENASA\/PRODESA-LPN 004 \u201cPrimera Convocatoria\u201d Referencia : 15072013 DIRECCI\u00d3N EJECUTIVA TERMINO DE REFERENCIA Y AVISO DE CONVOCATORIA Nivel Central Aviso Espec\u00edfico de\u00a0 Adquisici\u00f3n de Art\u00edculos para Campa\u00f1a de Vacunaci\u00f3nLicitaci\u00f3n P\u00fablica Nacional Nro. CI 011-2013\/SENASA\/PRODESA-LPN 004\u00a0\u00a0 \u00a0<\/p>\n","protected":false},"author":127,"featured_media":0,"parent":0,"menu_order":0,"comment_status":"closed","ping_status":"closed","template":"","meta":{"footnotes":""},"class_list":["post-3247","page","type-page","status-publish","hentry"],"_links":{"self":[{"href":"https:\/\/www.senasa.gob.pe\/senasa\/wp-json\/wp\/v2\/pages\/3247","targetHints":{"allow":["GET"]}}],"collection":[{"href":"https:\/\/www.senasa.gob.pe\/senasa\/wp-json\/wp\/v2\/pages"}],"about":[{"href":"https:\/\/www.senasa.gob.pe\/senasa\/wp-json\/wp\/v2\/types\/page"}],"author":[{"embeddable":true,"href":"https:\/\/www.senasa.gob.pe\/senasa\/wp-json\/wp\/v2\/users\/127"}],"replies":[{"embeddable":true,"href":"https:\/\/www.senasa.gob.pe\/senasa\/wp-json\/wp\/v2\/comments?post=3247"}],"version-history":[{"count":0,"href":"https:\/\/www.senasa.gob.pe\/senasa\/wp-json\/wp\/v2\/pages\/3247\/revisions"}],"wp:attachment":[{"href":"https:\/\/www.senasa.gob.pe\/senasa\/wp-json\/wp\/v2\/media?parent=3247"}],"curies":[{"name":"wp","href":"https:\/\/api.w.org\/{rel}","templated":true}]}}