{"id":3256,"date":"2014-11-06T05:49:05","date_gmt":"2014-11-06T05:49:05","guid":{"rendered":"https:\/\/www.senasa.gob.pe\/senasa\/?page_id=3256"},"modified":"2021-10-25T11:31:36","modified_gmt":"2021-10-25T16:31:36","slug":"aviso-especifico-de-adquisiciones-adquisicion-de-240000-dosis-de-vacuna-antiaftosa","status":"publish","type":"page","link":"https:\/\/www.senasa.gob.pe\/senasa\/aviso-especifico-de-adquisiciones-adquisicion-de-240000-dosis-de-vacuna-antiaftosa\/","title":{"rendered":"Aviso Espec\u00edfico de Adquisiciones Adquisici\u00f3n de 240,000 dosis de Vacuna Antiaftosa"},"content":{"rendered":"<p><span style=\"font-family: helvetica; font-size: 12pt;\">Aviso Espec\u00edfico de Adquisiciones<\/span><\/p>\n<p><span style=\"font-family: helvetica; font-size: 12pt;\"><strong>Licitaci\u00f3n P\u00fablica Internacional Nro. CI 005-2013\/SENASA\/PRODESA-LPI 001 <\/strong><\/span><\/p>\n<p><span style=\"font-family: helvetica; font-size: 12pt;\">\u201cPrimera Convocatoria\u201d<\/span><\/p>\n<table width=\"100%\">\n<tbody>\n<tr>\n<td colspan=\"4\"><span style=\"font-family: helvetica; font-size: 12pt;\">Referencia : 14062013<\/span><\/td>\n<\/tr>\n<tr>\n<td><span style=\"font-family: helvetica; font-size: 12pt;\">DIRECCI\u00d3N EJECUTIVA<\/span><\/td>\n<td colspan=\"2\"><span style=\"font-family: helvetica; font-size: 12pt;\">TERMINO DE REFERENCIA Y AVISO DE CONVOCATORIA<\/span><\/td>\n<\/tr>\n<tr>\n<td rowspan=\"2\"><span style=\"font-family: helvetica; font-size: 12pt;\">Nivel Central<\/span><\/td>\n<td><span style=\"font-family: helvetica; font-size: 12pt;\"><strong>Aviso Espec\u00edfico de Adquisiciones Adquisici\u00f3n de 240,000 dosis de Vacuna Antiaftosa<\/strong><\/span><span style=\"font-family: helvetica; font-size: 12pt;\"><strong>Licitaci\u00f3n P\u00fablica Internacional Nro. CI 005-2013\/SENASA\/PRODESA-LPI 001\u00a0\u00a0 <a href=\"https:\/\/www.senasa.gob.pe\/senasa\/descargasarchivos\/jer\/14062013-01\/avisos%20de%20vacunas%20antiaftosa.pdf\"><img loading=\"lazy\" decoding=\"async\" src=\"https:\/\/www.senasa.gob.pe\/senasa\/descargasarchivos\/jer\/ICA\/icono_pdf.gif\" alt=\"\" width=\"23\" height=\"23\" align=\"absBottom\" border=\"0\" \/><\/a><\/strong><\/span><\/td>\n<\/tr>\n<\/tbody>\n<\/table>\n<p><span style=\"font-family: helvetica; font-size: 12pt;\">\u00a0<\/span><\/p>\n","protected":false},"excerpt":{"rendered":"<p>Aviso Espec\u00edfico de Adquisiciones Licitaci\u00f3n P\u00fablica Internacional Nro. CI 005-2013\/SENASA\/PRODESA-LPI 001 \u201cPrimera Convocatoria\u201d Referencia : 14062013 DIRECCI\u00d3N EJECUTIVA TERMINO DE REFERENCIA Y AVISO DE CONVOCATORIA Nivel Central Aviso Espec\u00edfico de Adquisiciones Adquisici\u00f3n de 240,000 dosis de Vacuna AntiaftosaLicitaci\u00f3n P\u00fablica Internacional Nro. CI 005-2013\/SENASA\/PRODESA-LPI 001\u00a0\u00a0 \u00a0<\/p>\n","protected":false},"author":127,"featured_media":0,"parent":0,"menu_order":0,"comment_status":"closed","ping_status":"closed","template":"","meta":{"footnotes":""},"class_list":["post-3256","page","type-page","status-publish","hentry"],"_links":{"self":[{"href":"https:\/\/www.senasa.gob.pe\/senasa\/wp-json\/wp\/v2\/pages\/3256","targetHints":{"allow":["GET"]}}],"collection":[{"href":"https:\/\/www.senasa.gob.pe\/senasa\/wp-json\/wp\/v2\/pages"}],"about":[{"href":"https:\/\/www.senasa.gob.pe\/senasa\/wp-json\/wp\/v2\/types\/page"}],"author":[{"embeddable":true,"href":"https:\/\/www.senasa.gob.pe\/senasa\/wp-json\/wp\/v2\/users\/127"}],"replies":[{"embeddable":true,"href":"https:\/\/www.senasa.gob.pe\/senasa\/wp-json\/wp\/v2\/comments?post=3256"}],"version-history":[{"count":0,"href":"https:\/\/www.senasa.gob.pe\/senasa\/wp-json\/wp\/v2\/pages\/3256\/revisions"}],"wp:attachment":[{"href":"https:\/\/www.senasa.gob.pe\/senasa\/wp-json\/wp\/v2\/media?parent=3256"}],"curies":[{"name":"wp","href":"https:\/\/api.w.org\/{rel}","templated":true}]}}