{"id":3259,"date":"2014-11-06T05:51:28","date_gmt":"2014-11-06T05:51:28","guid":{"rendered":"https:\/\/www.senasa.gob.pe\/senasa\/?page_id=3259"},"modified":"2021-10-25T11:31:33","modified_gmt":"2021-10-25T16:31:33","slug":"aviso-de-postergacion-de-presentacion-de-ofertas-y-acto-de-apertura-de-ofertas","status":"publish","type":"page","link":"https:\/\/www.senasa.gob.pe\/senasa\/aviso-de-postergacion-de-presentacion-de-ofertas-y-acto-de-apertura-de-ofertas\/","title":{"rendered":"Aviso De Postergaci\u00f3n De Presentaci\u00f3n De Ofertas Y Acto De Apertura De Ofertas"},"content":{"rendered":"<p style=\"text-align: justify;\"><span style=\"font-family: helvetica; font-size: 12pt;\"><strong>AVISO DE POSTERGACION\u00a0 DE PRESENTACION DE OFERTAS Y ACTO DE APERTURA DE OFERTAS DE\u00a0LA LICITACION PUBLICA \u00a0INTERNACIONAL Nro. CI 001-2013\/SENASA\/PRODESA-LPI 001<\/strong><\/span><\/p>\n<p><span style=\"font-family: helvetica; font-size: 12pt;\">\u201cPrimera Convocatoria\u201d<\/span><\/p>\n<table style=\"height: 145px;\" width=\"916\">\n<tbody>\n<tr>\n<td colspan=\"4\"><span style=\"font-family: helvetica; font-size: 12pt;\">Referencia : 17052013<\/span><\/td>\n<\/tr>\n<tr>\n<td><span style=\"font-family: helvetica; font-size: 12pt;\">DIRECCI\u00d3N EJECUTIVA<\/span><\/td>\n<td colspan=\"2\"><span style=\"font-family: helvetica; font-size: 12pt;\">TERMINO DE REFERENCIA Y AVISO DE CONVOCATORIA<\/span><\/td>\n<\/tr>\n<tr>\n<td rowspan=\"2\"><span style=\"font-family: helvetica; font-size: 12pt;\">Nivel Central<\/span><\/td>\n<td><span style=\"font-family: helvetica; font-size: 12pt;\"><strong>Adquisici\u00f3n de 4`317,000 dosis de Vacuna contra la Peste Porcina Cl\u00e1sica (PPC)<\/strong><\/span><span style=\"font-family: helvetica; font-size: 12pt;\"><strong>Licitaci\u00f3n P\u00fablica Internacional Nro. CI 001-2013\/SENASA\/PRODESA-LPI 001\u00a0 <a href=\"https:\/\/www.senasa.gob.pe\/senasa\/descargasarchivos\/jer\/17052013\/Absolucion%20Vacunas.pdf\"><img loading=\"lazy\" decoding=\"async\" src=\"https:\/\/www.senasa.gob.pe\/senasa\/descargasarchivos\/jer\/ICA\/icono_pdf.gif\" alt=\"\" width=\"23\" height=\"23\" align=\"absBottom\" border=\"0\" \/><\/a><\/strong><\/span><\/td>\n<\/tr>\n<\/tbody>\n<\/table>\n<p>&nbsp;<\/p>\n","protected":false},"excerpt":{"rendered":"<p>AVISO DE POSTERGACION\u00a0 DE PRESENTACION DE OFERTAS Y ACTO DE APERTURA DE OFERTAS DE\u00a0LA LICITACION PUBLICA \u00a0INTERNACIONAL Nro. CI 001-2013\/SENASA\/PRODESA-LPI 001 \u201cPrimera Convocatoria\u201d Referencia : 17052013 DIRECCI\u00d3N EJECUTIVA TERMINO DE REFERENCIA Y AVISO DE CONVOCATORIA Nivel Central Adquisici\u00f3n de 4`317,000 dosis de Vacuna contra la Peste Porcina Cl\u00e1sica (PPC)Licitaci\u00f3n P\u00fablica Internacional Nro. CI 001-2013\/SENASA\/PRODESA-LPI 001\u00a0 [&hellip;]<\/p>\n","protected":false},"author":127,"featured_media":0,"parent":0,"menu_order":0,"comment_status":"closed","ping_status":"closed","template":"","meta":{"footnotes":""},"class_list":["post-3259","page","type-page","status-publish","hentry"],"_links":{"self":[{"href":"https:\/\/www.senasa.gob.pe\/senasa\/wp-json\/wp\/v2\/pages\/3259","targetHints":{"allow":["GET"]}}],"collection":[{"href":"https:\/\/www.senasa.gob.pe\/senasa\/wp-json\/wp\/v2\/pages"}],"about":[{"href":"https:\/\/www.senasa.gob.pe\/senasa\/wp-json\/wp\/v2\/types\/page"}],"author":[{"embeddable":true,"href":"https:\/\/www.senasa.gob.pe\/senasa\/wp-json\/wp\/v2\/users\/127"}],"replies":[{"embeddable":true,"href":"https:\/\/www.senasa.gob.pe\/senasa\/wp-json\/wp\/v2\/comments?post=3259"}],"version-history":[{"count":0,"href":"https:\/\/www.senasa.gob.pe\/senasa\/wp-json\/wp\/v2\/pages\/3259\/revisions"}],"wp:attachment":[{"href":"https:\/\/www.senasa.gob.pe\/senasa\/wp-json\/wp\/v2\/media?parent=3259"}],"curies":[{"name":"wp","href":"https:\/\/api.w.org\/{rel}","templated":true}]}}