{"id":3673,"date":"2014-11-14T05:24:15","date_gmt":"2014-11-14T05:24:15","guid":{"rendered":"http:\/\/200.60.104.74\/senasa\/?page_id=3673"},"modified":"2021-10-25T11:31:32","modified_gmt":"2021-10-25T16:31:32","slug":"aviso-de-postergacion-de-entrega-de-propuestas-licitacion-publica-internacional-nro-nro-ci-010-2012senasaprodesa-lpi-004-%c2%96-tercera-convocatoria-adquisicion-de-nueve-9-camaras-de-fumigacion","status":"publish","type":"page","link":"https:\/\/www.senasa.gob.pe\/senasa\/aviso-de-postergacion-de-entrega-de-propuestas-licitacion-publica-internacional-nro-nro-ci-010-2012senasaprodesa-lpi-004-%c2%96-tercera-convocatoria-adquisicion-de-nueve-9-camaras-de-fumigacion\/","title":{"rendered":"Aviso de postergaci\u00f3n de entrega de propuestas Licitaci\u00f3n P\u00fablica Internacional Nro. Nro. CI -010-2012\/SENASA\/PRODESA-LPI 004 \u0096 Tercera Convocatoria Adquisici\u00f3n de Nueve (9) C\u00e1maras de Fumigaci\u00f3n para el Puesto de Control Cuarentenario Interno de Asia\u0094"},"content":{"rendered":"<p style=\"text-align: center;\"><span style=\"font-family: helvetica; font-size: 12pt;\"><strong>Aviso de postergaci\u00f3n de entrega de propuestas<\/strong><\/span><\/p>\n<p style=\"text-align: center;\"><span style=\"font-family: helvetica; font-size: 12pt;\"><strong>Licitaci\u00f3n P\u00fablica Internacional Nro. <\/strong><\/span><\/p>\n<p style=\"text-align: center;\"><span style=\"font-family: helvetica; font-size: 12pt;\"><strong>Nro. CI -010-2012\/SENASA\/PRODESA-LPI 004<\/strong><\/span><\/p>\n<p style=\"text-align: center;\"><span style=\"font-family: helvetica; font-size: 12pt;\"><strong>\u00a0\u2013\u00a0Tercera \u00a0Convocatoria<\/strong><\/span><\/p>\n<p style=\"text-align: center;\"><span style=\"font-family: helvetica; font-size: 12pt;\"><strong>\u201cAdquisici\u00f3n de Nueve (9) C\u00e1maras de Fumigaci\u00f3n para el Puesto de Control Cuarentenario Interno de Asia\u201d<\/strong><\/span><\/p>\n<p><span style=\"font-family: helvetica; font-size: 12pt;\">\u00a0<\/span><\/p>\n<table width=\"100%\">\n<tbody>\n<tr>\n<td colspan=\"4\"><span style=\"font-family: helvetica; font-size: 12pt;\">Referencia : 08112012<\/span><\/td>\n<\/tr>\n<tr>\n<td><span style=\"font-family: helvetica; font-size: 12pt;\">DIRECCI\u00d3N EJECUTIVA<\/span><\/td>\n<td colspan=\"2\"><span style=\"font-family: helvetica; font-size: 12pt;\">BASES Y AVISO DE CONVOCATORIA<\/span><\/td>\n<\/tr>\n<tr>\n<td rowspan=\"2\"><span style=\"font-family: helvetica; font-size: 12pt;\">Nivel Central<\/span><\/td>\n<td><span style=\"font-family: helvetica; font-size: 12pt;\"><strong><\/strong><strong>Adquisici\u00f3n de Nueve (9) C\u00e1maras de Fumigaci\u00f3n para el Puesto de Control Cuarentenario Interno de Asia <a href=\"https:\/\/www.senasa.gob.pe\/senasa\/descargasarchivos\/jer\/08112012\/Aviso%20de%20postergacion%20de%20entrega%20de%20propuestas%20II.pdf\"><img loading=\"lazy\" decoding=\"async\" src=\"https:\/\/www.senasa.gob.pe\/senasa\/descargasarchivos\/jer\/ICA\/icono_pdf.gif\" alt=\"\" width=\"23\" height=\"23\" align=\"absBottom\" border=\"0\" \/><\/a><\/strong><\/span><\/td>\n<\/tr>\n<\/tbody>\n<\/table>\n<p>&nbsp;<\/p>\n<p>&nbsp;<\/p>\n","protected":false},"excerpt":{"rendered":"<p>Aviso de postergaci\u00f3n de entrega de propuestas Licitaci\u00f3n P\u00fablica Internacional Nro. Nro. CI -010-2012\/SENASA\/PRODESA-LPI 004 \u00a0\u2013\u00a0Tercera \u00a0Convocatoria \u201cAdquisici\u00f3n de Nueve (9) C\u00e1maras de Fumigaci\u00f3n para el Puesto de Control Cuarentenario Interno de Asia\u201d \u00a0 Referencia : 08112012 DIRECCI\u00d3N EJECUTIVA BASES Y AVISO DE CONVOCATORIA Nivel Central Adquisici\u00f3n de Nueve (9) C\u00e1maras de Fumigaci\u00f3n para el [&hellip;]<\/p>\n","protected":false},"author":127,"featured_media":0,"parent":0,"menu_order":0,"comment_status":"closed","ping_status":"closed","template":"","meta":{"footnotes":""},"class_list":["post-3673","page","type-page","status-publish","hentry"],"_links":{"self":[{"href":"https:\/\/www.senasa.gob.pe\/senasa\/wp-json\/wp\/v2\/pages\/3673","targetHints":{"allow":["GET"]}}],"collection":[{"href":"https:\/\/www.senasa.gob.pe\/senasa\/wp-json\/wp\/v2\/pages"}],"about":[{"href":"https:\/\/www.senasa.gob.pe\/senasa\/wp-json\/wp\/v2\/types\/page"}],"author":[{"embeddable":true,"href":"https:\/\/www.senasa.gob.pe\/senasa\/wp-json\/wp\/v2\/users\/127"}],"replies":[{"embeddable":true,"href":"https:\/\/www.senasa.gob.pe\/senasa\/wp-json\/wp\/v2\/comments?post=3673"}],"version-history":[{"count":0,"href":"https:\/\/www.senasa.gob.pe\/senasa\/wp-json\/wp\/v2\/pages\/3673\/revisions"}],"wp:attachment":[{"href":"https:\/\/www.senasa.gob.pe\/senasa\/wp-json\/wp\/v2\/media?parent=3673"}],"curies":[{"name":"wp","href":"https:\/\/api.w.org\/{rel}","templated":true}]}}