{"id":3727,"date":"2014-11-14T05:50:46","date_gmt":"2014-11-14T05:50:46","guid":{"rendered":"http:\/\/200.60.104.74\/senasa\/?page_id=3727"},"modified":"2021-10-25T11:31:31","modified_gmt":"2021-10-25T16:31:31","slug":"aviso-de-postergacion-de-entrega-de-propuestas-licitacion-publica-internacional-nro-ci-0001-2012senasaprodesa-lpi-001-%c2%96-%c2%93adquisicion-de-equipos-de-laboratorio%c2%94","status":"publish","type":"page","link":"https:\/\/www.senasa.gob.pe\/senasa\/aviso-de-postergacion-de-entrega-de-propuestas-licitacion-publica-internacional-nro-ci-0001-2012senasaprodesa-lpi-001-%c2%96-%c2%93adquisicion-de-equipos-de-laboratorio%c2%94\/","title":{"rendered":"Aviso de postergaci\u00f3n de entrega de propuestas Licitaci\u00f3n P\u00fablica Internacional Nro. CI -0001-2012\/SENASA\/PRODESA-LPI 001 \u0096 \u0093Adquisici\u00f3n de Equipos de Laboratorio\u0094"},"content":{"rendered":"<p style=\"text-align: center;\"><span style=\"font-family: helvetica; font-size: 12pt;\"><strong>Aviso de postergaci\u00f3n de entrega de propuestas\u00a0 <\/strong><\/span><\/p>\n<p style=\"text-align: center;\"><span style=\"font-family: helvetica; font-size: 12pt;\"><strong>Licitaci\u00f3n P\u00fablica Internacional Nro. CI -0001-2012\/SENASA\/PRODESA-LPI 001 \u2013 \u201cAdquisici\u00f3n de Equipos de Laboratorio\u201d<\/strong><\/span><\/p>\n<table width=\"100%\">\n<tbody>\n<tr>\n<td colspan=\"4\"><span style=\"font-family: helvetica; font-size: 12pt;\">Referencia : 26042012<\/span><\/td>\n<\/tr>\n<tr>\n<td><span style=\"font-family: helvetica; font-size: 12pt;\">DIRECCI\u00d3N EJECUTIVA<\/span><\/td>\n<td colspan=\"2\"><span style=\"font-family: helvetica; font-size: 12pt;\">TERMINO DE REFERENCIA Y AVISO DE CONVOCATORIA<\/span><\/td>\n<\/tr>\n<tr>\n<td rowspan=\"2\"><span style=\"font-family: helvetica; font-size: 12pt;\">Nivel Central<\/span><\/td>\n<td><span style=\"font-family: helvetica; font-size: 12pt;\">Adquisici\u00f3n de Equipos de Laboratorio\u00a0 <a href=\"https:\/\/www.senasa.gob.pe\/senasa\/descargasarchivos\/jer\/260420126\/propuestas.pdf\"><img loading=\"lazy\" decoding=\"async\" src=\"https:\/\/www.senasa.gob.pe\/senasa\/descargasarchivos\/jer\/ICA\/icono_pdf.gif\" alt=\"\" width=\"23\" height=\"23\" align=\"absBottom\" border=\"0\" \/><\/a><\/span><\/td>\n<\/tr>\n<\/tbody>\n<\/table>\n<p>&nbsp;<\/p>\n<p>&nbsp;<\/p>\n","protected":false},"excerpt":{"rendered":"<p>Aviso de postergaci\u00f3n de entrega de propuestas\u00a0 Licitaci\u00f3n P\u00fablica Internacional Nro. CI -0001-2012\/SENASA\/PRODESA-LPI 001 \u2013 \u201cAdquisici\u00f3n de Equipos de Laboratorio\u201d Referencia : 26042012 DIRECCI\u00d3N EJECUTIVA TERMINO DE REFERENCIA Y AVISO DE CONVOCATORIA Nivel Central Adquisici\u00f3n de Equipos de Laboratorio\u00a0 &nbsp; &nbsp;<\/p>\n","protected":false},"author":127,"featured_media":0,"parent":0,"menu_order":0,"comment_status":"closed","ping_status":"closed","template":"","meta":{"footnotes":""},"class_list":["post-3727","page","type-page","status-publish","hentry"],"_links":{"self":[{"href":"https:\/\/www.senasa.gob.pe\/senasa\/wp-json\/wp\/v2\/pages\/3727","targetHints":{"allow":["GET"]}}],"collection":[{"href":"https:\/\/www.senasa.gob.pe\/senasa\/wp-json\/wp\/v2\/pages"}],"about":[{"href":"https:\/\/www.senasa.gob.pe\/senasa\/wp-json\/wp\/v2\/types\/page"}],"author":[{"embeddable":true,"href":"https:\/\/www.senasa.gob.pe\/senasa\/wp-json\/wp\/v2\/users\/127"}],"replies":[{"embeddable":true,"href":"https:\/\/www.senasa.gob.pe\/senasa\/wp-json\/wp\/v2\/comments?post=3727"}],"version-history":[{"count":0,"href":"https:\/\/www.senasa.gob.pe\/senasa\/wp-json\/wp\/v2\/pages\/3727\/revisions"}],"wp:attachment":[{"href":"https:\/\/www.senasa.gob.pe\/senasa\/wp-json\/wp\/v2\/media?parent=3727"}],"curies":[{"name":"wp","href":"https:\/\/api.w.org\/{rel}","templated":true}]}}