{"id":42342,"date":"2018-09-27T15:42:19","date_gmt":"2018-09-27T20:42:19","guid":{"rendered":"https:\/\/www.senasa.gob.pe\/senasa\/?page_id=42342"},"modified":"2021-08-25T12:05:29","modified_gmt":"2021-08-25T17:05:29","slug":"inspecciones-aereo-4","status":"publish","type":"page","link":"https:\/\/www.senasa.gob.pe\/senasa\/inspecciones-aereo-4\/","title":{"rendered":"Inspecciones Aereo"},"content":{"rendered":"<ul>\n<li><span style=\"font-family: helvetica, arial, sans-serif; color: #0000ff; font-size: 12pt;\"><a style=\"color: #0000ff;\" href=\"https:\/\/www.senasa.gob.pe\/senasa\/historial-de-inspecciones-aereo\/\">Historial de Programaci\u00f3n de 2015-2016<\/a><\/span><\/li>\n<li><span style=\"color: #0000ff; font-family: helvetica, arial, sans-serif; font-size: 12pt;\"><a style=\"color: #0000ff;\" href=\"https:\/\/www.senasa.gob.pe\/senasa\/historial-de-programacion-de-2017\/\" target=\"_blank\" rel=\"noopener noreferrer\">Historial de Programaci\u00f3n de 2017<\/a><\/span><\/li>\n<li><span style=\"font-family: helvetica, arial, sans-serif; font-size: 12pt;\"><a href=\"https:\/\/www.senasa.gob.pe\/senasa\/historial-de-programacion-de-2018\/\">Historial de Programaci\u00f3n de 2018<\/a><\/span><\/li>\n<li><span style=\"font-family: helvetica, arial, sans-serif; font-size: 12pt;\"><a href=\"https:\/\/www.senasa.gob.pe\/senasa\/programacion-2019\/\">Historial de Programaci\u00f3n 2019<\/a><\/span><\/li>\n<li><a href=\"https:\/\/www.senasa.gob.pe\/senasa\/programacion-2020-aereo\/\"><span style=\"font-family: helvetica, arial, sans-serif; font-size: 12pt;\">Historial de Programaci\u00f3n de 2020<\/span><\/a><\/li>\n<li><a href=\"https:\/\/www.senasa.gob.pe\/senasa\/programacion-de-2021-2\/\"><span style=\"font-family: helvetica, arial, sans-serif; font-size: 12pt;\">Historial de Programaci\u00f3n de 2021<\/span><\/a><\/li>\n<\/ul>\n","protected":false},"excerpt":{"rendered":"<p>Historial de Programaci\u00f3n de 2015-2016 Historial de Programaci\u00f3n de 2017 Historial de Programaci\u00f3n de 2018 Historial de Programaci\u00f3n 2019 Historial de Programaci\u00f3n de 2020 Historial de Programaci\u00f3n de 2021<\/p>\n","protected":false},"author":127,"featured_media":0,"parent":0,"menu_order":0,"comment_status":"closed","ping_status":"closed","template":"","meta":{"footnotes":""},"class_list":["post-42342","page","type-page","status-publish","hentry"],"_links":{"self":[{"href":"https:\/\/www.senasa.gob.pe\/senasa\/wp-json\/wp\/v2\/pages\/42342","targetHints":{"allow":["GET"]}}],"collection":[{"href":"https:\/\/www.senasa.gob.pe\/senasa\/wp-json\/wp\/v2\/pages"}],"about":[{"href":"https:\/\/www.senasa.gob.pe\/senasa\/wp-json\/wp\/v2\/types\/page"}],"author":[{"embeddable":true,"href":"https:\/\/www.senasa.gob.pe\/senasa\/wp-json\/wp\/v2\/users\/127"}],"replies":[{"embeddable":true,"href":"https:\/\/www.senasa.gob.pe\/senasa\/wp-json\/wp\/v2\/comments?post=42342"}],"version-history":[{"count":0,"href":"https:\/\/www.senasa.gob.pe\/senasa\/wp-json\/wp\/v2\/pages\/42342\/revisions"}],"wp:attachment":[{"href":"https:\/\/www.senasa.gob.pe\/senasa\/wp-json\/wp\/v2\/media?parent=42342"}],"curies":[{"name":"wp","href":"https:\/\/api.w.org\/{rel}","templated":true}]}}