{"id":44836,"date":"2018-12-31T08:53:31","date_gmt":"2018-12-31T13:53:31","guid":{"rendered":"https:\/\/www.senasa.gob.pe\/senasa\/?page_id=44836"},"modified":"2026-01-04T11:36:31","modified_gmt":"2026-01-04T16:36:31","slug":"programacion-inspecciones","status":"publish","type":"page","link":"https:\/\/www.senasa.gob.pe\/senasa\/programacion-inspecciones\/","title":{"rendered":"Programaci\u00f3n de Inspecciones"},"content":{"rendered":"<p><span style=\"font-family: helvetica, arial, sans-serif; font-size: 12pt;\"><a href=\"https:\/\/www.senasa.gob.pe\/senasa\/programacion-de-inspecciones-2017-maritimo-2\/\" target=\"_blank\" rel=\"noopener noreferrer\">Historial de Programaci\u00f3n de inspecciones<\/a><\/span><\/p>\n<ul>\n<li><span style=\"font-family: helvetica, arial, sans-serif; font-size: 12pt;\"><a href=\"https:\/\/www.senasa.gob.pe\/senasa\/programacion-de-inspecciones-11\/\" target=\"_blank\" rel=\"noopener noreferrer\">Historial de Programaci\u00f3n 2018<\/a><\/span><\/li>\n<li><span style=\"font-family: helvetica, arial, sans-serif; font-size: 12pt;\"><a href=\"https:\/\/www.senasa.gob.pe\/senasa\/historial-de-programacion-2019-8\/\" target=\"_blank\" rel=\"noopener noreferrer\">Historial de Programaci\u00f3n 2019<\/a><\/span><\/li>\n<li><span style=\"font-family: helvetica, arial, sans-serif; font-size: 12pt;\"><a href=\"https:\/\/www.senasa.gob.pe\/senasa\/programacion-2020\/\" target=\"_blank\" rel=\"noopener noreferrer\">Historial de Programaci\u00f3n 2020<\/a><\/span><\/li>\n<li><a href=\"https:\/\/www.senasa.gob.pe\/senasa\/historial-de-programacion-2021-2\/\"><span style=\"font-family: helvetica, arial, sans-serif; font-size: 12pt;\">Historial de Programaci\u00f3n 2021<\/span><\/a><\/li>\n<li><a href=\"https:\/\/www.senasa.gob.pe\/senasa\/programacion-2022-maritimo\/\"><span style=\"font-family: helvetica, arial, sans-serif; font-size: 12pt;\">Historial de Programaci\u00f3n 2022<\/span><\/a><\/li>\n<li><a href=\"https:\/\/www.senasa.gob.pe\/senasa\/historial-de-programacion-2023\/\"><span style=\"font-family: helvetica, arial, sans-serif; font-size: 12pt;\">Historial de Programaci\u00f3n 2023<\/span><\/a><\/li>\n<li><a href=\"https:\/\/www.senasa.gob.pe\/senasa\/historial-de-programacion-sedes\/\"><span style=\"font-family: helvetica, arial, sans-serif; font-size: 12pt;\">Historial de Programaci\u00f3n 2024<\/span><\/a><\/li>\n<li><a href=\"https:\/\/www.senasa.gob.pe\/senasa\/historial-de-programacion-2025\/\"><span style=\"font-family: helvetica, arial, sans-serif; font-size: 12pt;\">Historial de Programaci\u00f3n 2025<\/span><\/a><\/li>\n<li><a href=\"https:\/\/www.senasa.gob.pe\/senasa\/historial-de-programacion-sedes-2026\/\"><span style=\"font-family: helvetica, arial, sans-serif; font-size: 12pt;\">Historial de Programaci\u00f3n 2026<\/span><\/a><\/li>\n<\/ul>\n<p>&nbsp;<\/p>\n<p>&nbsp;<\/p>\n","protected":false},"excerpt":{"rendered":"<p>Historial de Programaci\u00f3n de inspecciones Historial de Programaci\u00f3n 2018 Historial de Programaci\u00f3n 2019 Historial de Programaci\u00f3n 2020 Historial de Programaci\u00f3n 2021 Historial de Programaci\u00f3n 2022 Historial de Programaci\u00f3n 2023 Historial de Programaci\u00f3n 2024 Historial de Programaci\u00f3n 2025 Historial de Programaci\u00f3n 2026 &nbsp; &nbsp;<\/p>\n","protected":false},"author":127,"featured_media":0,"parent":0,"menu_order":0,"comment_status":"closed","ping_status":"closed","template":"","meta":{"footnotes":""},"class_list":["post-44836","page","type-page","status-publish","hentry"],"_links":{"self":[{"href":"https:\/\/www.senasa.gob.pe\/senasa\/wp-json\/wp\/v2\/pages\/44836","targetHints":{"allow":["GET"]}}],"collection":[{"href":"https:\/\/www.senasa.gob.pe\/senasa\/wp-json\/wp\/v2\/pages"}],"about":[{"href":"https:\/\/www.senasa.gob.pe\/senasa\/wp-json\/wp\/v2\/types\/page"}],"author":[{"embeddable":true,"href":"https:\/\/www.senasa.gob.pe\/senasa\/wp-json\/wp\/v2\/users\/127"}],"replies":[{"embeddable":true,"href":"https:\/\/www.senasa.gob.pe\/senasa\/wp-json\/wp\/v2\/comments?post=44836"}],"version-history":[{"count":11,"href":"https:\/\/www.senasa.gob.pe\/senasa\/wp-json\/wp\/v2\/pages\/44836\/revisions"}],"predecessor-version":[{"id":143664,"href":"https:\/\/www.senasa.gob.pe\/senasa\/wp-json\/wp\/v2\/pages\/44836\/revisions\/143664"}],"wp:attachment":[{"href":"https:\/\/www.senasa.gob.pe\/senasa\/wp-json\/wp\/v2\/media?parent=44836"}],"curies":[{"name":"wp","href":"https:\/\/api.w.org\/{rel}","templated":true}]}}