{"id":48208,"date":"2019-07-02T15:41:28","date_gmt":"2019-07-02T20:41:28","guid":{"rendered":"https:\/\/www.senasa.gob.pe\/senasa\/?page_id=48208"},"modified":"2020-04-26T22:53:33","modified_gmt":"2020-04-27T03:53:33","slug":"procesos-728-suplencia-convocados","status":"publish","type":"page","link":"https:\/\/www.senasa.gob.pe\/senasa\/procesos-728-suplencia-convocados\/","title":{"rendered":"PROCESOS 728-SUPLENCIA CONVOCADOS"},"content":{"rendered":"<h3 style=\"text-align: center;\"><span style=\"font-size: 24pt;\"><strong><span style=\"font-family: helvetica, arial, sans-serif;\"><u>Concurso P\u00fablico de M\u00e9rito<\/u><\/span><\/strong><\/span><\/h3>\n<h3 style=\"text-align: center;\"><span style=\"font-size: 24pt;\"><strong><span style=\"font-family: helvetica, arial, sans-serif;\">Proceso de Selecci\u00f3n de Personal<\/span><\/strong><\/span><\/h3>\n<h3 style=\"text-align: center;\"><span style=\"font-size: 24pt;\"><strong><span style=\"font-family: helvetica, arial, sans-serif;\">R\u00e9gimen Laboral 728 \u2013 Suplencia<\/span><\/strong><\/span><\/h3>\n<p><a href=\"https:\/\/www.senasa.gob.pe\/senasa\/descargasarchivos\/2019\/07\/Bases-Concurso-Publico-728-Suplencia.pdf\" target=\"_blank\" rel=\"noopener noreferrer\"><span style=\"font-size: 12pt; font-family: helvetica, arial, sans-serif;\"><strong>Bases del Concurso \u00a0<\/strong><\/span><\/a><\/p>\n<p><span style=\"font-size: 12pt; font-family: helvetica, arial, sans-serif;\"><strong><a href=\"https:\/\/www.senasa.gob.pe\/senasa\/descargasarchivos\/2019\/07\/Procedimiento-de-Selecci\u00f3n-728-Rev-1.pdf\" target=\"_blank\" rel=\"noopener noreferrer\">Procedimiento\u00a0<\/a> \u00a0<\/strong><\/span><\/p>\n<p><a href=\"https:\/\/www.senasa.gob.pe\/senasa\/descargasarchivos\/2019\/07\/Cronograma-Concurso-Publico-728-suplencia.pdf\" target=\"_blank\" rel=\"noopener noreferrer\"><span style=\"font-size: 12pt; font-family: helvetica, arial, sans-serif;\"><strong>Cronograma\u00a0\u00a0<\/strong><\/span><\/a><\/p>\n<p><strong><span style=\"font-size: 12pt; font-family: helvetica, arial, sans-serif;\">Postula Aqui : <a href=\"https:\/\/servicios.senasa.gob.pe\/RRHHWeb\/loginPostulante.html\">https:\/\/servicios.senasa.gob.pe\/RRHHWeb\/loginPostulante.html\u00a0<\/a><\/span><\/strong><\/p>\n<p>&nbsp;<\/p>\n<p><span style=\"font-size: 12pt; font-family: helvetica, arial, sans-serif;\"><strong>Etapas del Concurso\u00a0\u00a0<\/strong><\/span><\/p>\n<p>&nbsp;<\/p>\n<table style=\"height: 1153px; width: 985px;\" width=\"785\">\n<tbody>\n<tr style=\"background-color: #b6f0f0; height: 46px;\">\n<td style=\"width: 129.375px; text-align: center; height: 81px;\"><span style=\"font-family: helvetica, arial, sans-serif; font-size: 14pt;\"><strong>Dependencia<\/strong><\/span><\/td>\n<td style=\"width: 144.931px; height: 81px; text-align: center;\"><span style=\"font-family: helvetica, arial, sans-serif; font-size: 14pt;\"><strong>\u00a0N\u00b0 Proceso\u00a0<\/strong><\/span><\/td>\n<td style=\"width: 137.153px; height: 81px; text-align: center;\"><span style=\"font-family: helvetica, arial, sans-serif; font-size: 14pt;\"><strong>Nombre del puesto<\/strong><\/span><\/td>\n<td style=\"width: 76.0417px; height: 81px; text-align: center;\"><span style=\"font-family: helvetica, arial, sans-serif; font-size: 14pt;\"><strong>Bases<\/strong><\/span><\/td>\n<td style=\"width: 114.931px; height: 81px; text-align: center;\"><span style=\"font-family: helvetica, arial, sans-serif; font-size: 14pt;\"><strong>Postulantes Admitidos<\/strong><\/span><\/td>\n<td style=\"width: 113.819px; height: 81px; text-align: center;\"><span style=\"font-family: helvetica, arial, sans-serif; font-size: 14pt;\"><strong>Resultado: Evaluaci\u00f3n curricular<\/strong><\/span><\/td>\n<td style=\"width: 111.597px; height: 81px; text-align: center;\"><span style=\"font-family: helvetica, arial, sans-serif; font-size: 14pt;\"><strong>Resultado: Entrevista personal \u00a0<\/strong><\/span><\/td>\n<td style=\"width: 114.931px; height: 81px; text-align: center;\"><span style=\"font-family: helvetica, arial, sans-serif; font-size: 14pt;\"><strong>Resultado: Final<\/strong><\/span><\/td>\n<\/tr>\n<tr style=\"height: 102px;\">\n<td style=\"width: 129.375px; height: 124px; text-align: center;\">\n<h4 style=\"text-align: center;\"><strong><span style=\"font-family: helvetica, arial, sans-serif; font-size: 12pt;\">SEDE <\/span><\/strong><strong><span style=\"font-family: helvetica, arial, sans-serif; font-size: 12pt;\">CENTRAL<\/span><\/strong><\/h4>\n<\/td>\n<td style=\"width: 144.931px; height: 124px; text-align: center;\">\n<p style=\"text-align: center;\"><strong><span style=\"font-family: helvetica, arial, sans-serif; font-size: 12pt;\">728-001-2019-<\/span><\/strong><strong><span style=\"font-family: helvetica, arial, sans-serif; font-size: 12pt;\">SENASA &#8211; SEDECENTRAL<\/span><\/strong><\/p>\n<\/td>\n<td style=\"width: 137.153px; height: 102px; text-align: center;\"><span style=\"font-family: helvetica, arial, sans-serif; font-size: 12pt;\">Especialista en Programaci\u00f3n y Seguimiento IV<\/span><\/td>\n<td style=\"width: 76.0417px; height: 102px; text-align: center;\"><span style=\"font-family: helvetica, arial, sans-serif; font-size: 12pt;\"><a href=\"https:\/\/www.senasa.gob.pe\/senasa\/descargasarchivos\/2019\/07\/Anexo-Proceso-1.pdf\" target=\"_blank\" rel=\"noopener noreferrer\"><img loading=\"lazy\" decoding=\"async\" class=\"size-full wp-image-42563 aligncenter\" src=\"https:\/\/www.senasa.gob.pe\/senasa\/descargasarchivos\/2018\/10\/pdf-1.png\" alt=\"\" width=\"64\" height=\"64\" \/><\/a><\/span><\/td>\n<td style=\"width: 114.931px; height: 21px;\"><span style=\"font-family: helvetica, arial, sans-serif; font-size: 12pt;\"><a href=\"https:\/\/www.senasa.gob.pe\/senasa\/descargasarchivos\/2019\/07\/728-1-admitidos.pdf\"><img loading=\"lazy\" decoding=\"async\" class=\"wp-image-43148 aligncenter\" src=\"https:\/\/www.senasa.gob.pe\/senasa\/descargasarchivos\/2018\/11\/cv.png\" alt=\"\" width=\"55\" height=\"55\" \/><\/a><\/span><\/td>\n<td style=\"width: 113.819px; height: 21px;\"><\/td>\n<td style=\"width: 111.597px; height: 21px;\"><\/td>\n<td style=\"width: 114.931px; height: 21px;\"><\/td>\n<\/tr>\n<tr style=\"height: 54px;\">\n<td style=\"width: 129.375px; height: 124px; text-align: center;\">\n<h4 style=\"text-align: center;\"><strong><span style=\"font-family: helvetica, arial, sans-serif; font-size: 12pt;\">SEDE <\/span><\/strong><strong><span style=\"font-family: helvetica, arial, sans-serif; font-size: 12pt;\">CENTRAL<\/span><\/strong><\/h4>\n<\/td>\n<td style=\"width: 144.931px; height: 124px; text-align: center;\"><strong><span style=\"font-family: helvetica, arial, sans-serif; font-size: 12pt;\">728-002-2019 -SENASA &#8211; SEDECENTRAL<\/span><\/strong><\/td>\n<td style=\"width: 137.153px; height: 54px; text-align: center;\"><span style=\"font-family: helvetica, arial, sans-serif; font-size: 12pt;\">Auxiliar Coactivo I<\/span><\/td>\n<td style=\"width: 76.0417px; height: 54px; text-align: center;\"><span style=\"font-family: helvetica, arial, sans-serif; font-size: 12pt;\"><a href=\"https:\/\/www.senasa.gob.pe\/senasa\/descargasarchivos\/2019\/07\/Anexo-Proceso-2.pdf\" target=\"_blank\" rel=\"noopener noreferrer\"><img loading=\"lazy\" decoding=\"async\" class=\"size-full wp-image-42563 aligncenter\" src=\"https:\/\/www.senasa.gob.pe\/senasa\/descargasarchivos\/2018\/10\/pdf-1.png\" alt=\"\" width=\"64\" height=\"64\" \/><\/a><\/span><\/td>\n<td style=\"width: 114.931px; height: 21px;\"><span style=\"font-family: helvetica, arial, sans-serif; font-size: 12pt;\"><a href=\"https:\/\/www.senasa.gob.pe\/senasa\/descargasarchivos\/2019\/07\/728-2-admitidos.pdf\"><img loading=\"lazy\" decoding=\"async\" class=\"wp-image-43148 aligncenter\" src=\"https:\/\/www.senasa.gob.pe\/senasa\/descargasarchivos\/2018\/11\/cv.png\" alt=\"\" width=\"55\" height=\"55\" \/><\/a><\/span><\/td>\n<td style=\"width: 113.819px; height: 21px;\"><span style=\"font-family: helvetica, arial, sans-serif; font-size: 12pt;\"><a href=\"https:\/\/www.senasa.gob.pe\/senasa\/descargasarchivos\/2019\/07\/728-002-Coactivo.pdf\"><img loading=\"lazy\" decoding=\"async\" class=\"size-full wp-image-42053 aligncenter\" src=\"https:\/\/www.senasa.gob.pe\/senasa\/descargasarchivos\/2018\/09\/archivo-1.png\" alt=\"\" width=\"65\" height=\"65\" \/><\/a><\/span><\/td>\n<td style=\"width: 111.597px; height: 21px;\"><span style=\"font-family: helvetica, arial, sans-serif; font-size: 12pt;\"><a href=\"https:\/\/www.senasa.gob.pe\/senasa\/descargasarchivos\/2019\/08\/Publicacion-Entrevista-Personal-02.pdf\"><img loading=\"lazy\" decoding=\"async\" class=\"size-full wp-image-42055 aligncenter\" src=\"https:\/\/www.senasa.gob.pe\/senasa\/descargasarchivos\/2018\/09\/entrevista.png\" alt=\"\" width=\"65\" height=\"65\" \/><\/a><\/span><\/td>\n<td style=\"width: 114.931px; height: 21px;\"><\/td>\n<\/tr>\n<tr style=\"height: 54px;\">\n<td style=\"width: 129.375px; height: 124px; text-align: center;\">\n<h4 style=\"text-align: center;\"><strong><span style=\"font-family: helvetica, arial, sans-serif; font-size: 12pt;\">SEDE <\/span><\/strong><strong><span style=\"font-family: helvetica, arial, sans-serif; font-size: 12pt;\">CENTRAL<\/span><\/strong><\/h4>\n<\/td>\n<td style=\"width: 144.931px; height: 124px; text-align: center;\"><strong><span style=\"font-family: helvetica, arial, sans-serif; font-size: 12pt;\">728-003-2019-SENASA &#8211; SEDECENTRAL<\/span><\/strong><\/td>\n<td style=\"width: 137.153px; height: 54px; text-align: center;\"><span style=\"font-family: helvetica, arial, sans-serif; font-size: 12pt;\">Especialista en Exportaciones III<\/span><\/td>\n<td style=\"width: 76.0417px; height: 54px; text-align: center;\"><span style=\"font-family: helvetica, arial, sans-serif; font-size: 12pt;\"><a href=\"https:\/\/www.senasa.gob.pe\/senasa\/descargasarchivos\/2019\/07\/Anexo-Proceso-3.pdf\" target=\"_blank\" rel=\"noopener noreferrer\"><img loading=\"lazy\" decoding=\"async\" class=\"size-full wp-image-42563 aligncenter\" src=\"https:\/\/www.senasa.gob.pe\/senasa\/descargasarchivos\/2018\/10\/pdf-1.png\" alt=\"\" width=\"64\" height=\"64\" \/><\/a><\/span><\/td>\n<td style=\"width: 114.931px; height: 21px;\"><span style=\"font-family: helvetica, arial, sans-serif; font-size: 12pt;\"><a href=\"https:\/\/www.senasa.gob.pe\/senasa\/descargasarchivos\/2019\/07\/728-3-admitidos.pdf\"><img loading=\"lazy\" decoding=\"async\" class=\"wp-image-43148 aligncenter\" src=\"https:\/\/www.senasa.gob.pe\/senasa\/descargasarchivos\/2018\/11\/cv.png\" alt=\"\" width=\"55\" height=\"55\" \/><\/a><\/span><\/td>\n<td style=\"width: 113.819px; height: 21px;\"><span style=\"font-family: helvetica, arial, sans-serif; font-size: 12pt;\"><a href=\"https:\/\/www.senasa.gob.pe\/senasa\/descargasarchivos\/2019\/07\/728-003-Exportaciones.pdf\"><img loading=\"lazy\" decoding=\"async\" class=\"size-full wp-image-42053 aligncenter\" src=\"https:\/\/www.senasa.gob.pe\/senasa\/descargasarchivos\/2018\/09\/archivo-1.png\" alt=\"\" width=\"65\" height=\"65\" \/><\/a><\/span><\/td>\n<td style=\"width: 111.597px; height: 21px;\"><span style=\"font-family: helvetica, arial, sans-serif; font-size: 12pt;\"><a href=\"https:\/\/www.senasa.gob.pe\/senasa\/descargasarchivos\/2019\/08\/Publicacion-Entrevista-Personal-03.pdf\"><img loading=\"lazy\" decoding=\"async\" class=\"size-full wp-image-42055 aligncenter\" src=\"https:\/\/www.senasa.gob.pe\/senasa\/descargasarchivos\/2018\/09\/entrevista.png\" alt=\"\" width=\"65\" height=\"65\" \/><\/a><\/span><\/td>\n<td style=\"width: 114.931px; height: 21px;\"><span style=\"font-family: helvetica, arial, sans-serif; font-size: 12pt;\"><a href=\"https:\/\/www.senasa.gob.pe\/senasa\/descargasarchivos\/2019\/08\/Resultado-final-728-3.pdf\"><img loading=\"lazy\" decoding=\"async\" class=\"size-full wp-image-42056 aligncenter\" src=\"https:\/\/www.senasa.gob.pe\/senasa\/descargasarchivos\/2018\/09\/calidad.png\" alt=\"\" width=\"64\" height=\"64\" \/><\/a><\/span><\/td>\n<\/tr>\n<tr style=\"height: 140px;\">\n<td style=\"width: 129.375px; height: 124px; text-align: center;\">\n<h4 style=\"text-align: center;\"><strong><span style=\"font-family: helvetica, arial, sans-serif; font-size: 12pt;\">SEDE <\/span><\/strong><strong><span style=\"font-family: helvetica, arial, sans-serif; font-size: 12pt;\">CENTRAL<\/span><\/strong><\/h4>\n<\/td>\n<td style=\"width: 144.931px; height: 124px; text-align: center;\"><strong><span style=\"font-family: helvetica, arial, sans-serif; font-size: 12pt;\">728-004-2019-SENASA &#8211; SEDECENTRAL<\/span><\/strong><\/td>\n<td style=\"width: 137.153px; height: 140px; text-align: center;\"><span style=\"font-family: helvetica, arial, sans-serif; font-size: 12pt;\">Especialista en Tratamientos IV<\/span><\/td>\n<td style=\"width: 76.0417px; height: 140px; text-align: center;\"><span style=\"font-family: helvetica, arial, sans-serif; font-size: 12pt;\"><a href=\"https:\/\/www.senasa.gob.pe\/senasa\/descargasarchivos\/2019\/07\/Anexo-Proceso-4.pdf\" target=\"_blank\" rel=\"noopener noreferrer\"><img loading=\"lazy\" decoding=\"async\" class=\"size-full wp-image-42563 aligncenter\" src=\"https:\/\/www.senasa.gob.pe\/senasa\/descargasarchivos\/2018\/10\/pdf-1.png\" alt=\"\" width=\"64\" height=\"64\" \/><\/a><\/span><\/td>\n<td style=\"width: 114.931px; height: 21px;\"><span style=\"font-family: helvetica, arial, sans-serif; font-size: 12pt;\"><a href=\"https:\/\/www.senasa.gob.pe\/senasa\/descargasarchivos\/2019\/07\/728-4-admitidos.pdf\"><img loading=\"lazy\" decoding=\"async\" class=\"wp-image-43148 aligncenter\" src=\"https:\/\/www.senasa.gob.pe\/senasa\/descargasarchivos\/2018\/11\/cv.png\" alt=\"\" width=\"55\" height=\"55\" \/><\/a><\/span><\/td>\n<td style=\"width: 113.819px; height: 21px;\"><span style=\"font-family: helvetica, arial, sans-serif; font-size: 12pt;\"><a href=\"https:\/\/www.senasa.gob.pe\/senasa\/descargasarchivos\/2019\/07\/728-004-Tratamiento.pdf\"><img loading=\"lazy\" decoding=\"async\" class=\"size-full wp-image-42053 aligncenter\" src=\"https:\/\/www.senasa.gob.pe\/senasa\/descargasarchivos\/2018\/09\/archivo-1.png\" alt=\"\" width=\"65\" height=\"65\" \/><\/a><\/span><\/td>\n<td style=\"width: 111.597px; height: 21px;\"><span style=\"font-family: helvetica, arial, sans-serif; font-size: 12pt;\"><a href=\"https:\/\/www.senasa.gob.pe\/senasa\/descargasarchivos\/2019\/08\/Publicacion-Entrevista-Personal-04.pdf\"><img loading=\"lazy\" decoding=\"async\" class=\"size-full wp-image-42055 aligncenter\" src=\"https:\/\/www.senasa.gob.pe\/senasa\/descargasarchivos\/2018\/09\/entrevista.png\" alt=\"\" width=\"65\" height=\"65\" \/><\/a><\/span><\/td>\n<td style=\"width: 114.931px; height: 21px;\"><span style=\"font-family: helvetica, arial, sans-serif; font-size: 12pt;\"><a href=\"https:\/\/www.senasa.gob.pe\/senasa\/descargasarchivos\/2019\/08\/Resultado-final-728-4.pdf\"><img loading=\"lazy\" decoding=\"async\" class=\"size-full wp-image-42056 aligncenter\" src=\"https:\/\/www.senasa.gob.pe\/senasa\/descargasarchivos\/2018\/09\/calidad.png\" alt=\"\" width=\"64\" height=\"64\" \/><\/a><\/span><\/td>\n<\/tr>\n<tr style=\"height: 118px;\">\n<td style=\"width: 129.375px; height: 124px; text-align: center;\">\n<h4 style=\"text-align: center;\"><strong><span style=\"font-family: helvetica, arial, sans-serif; font-size: 12pt;\">SEDE <\/span><\/strong><strong><span style=\"font-family: helvetica, arial, sans-serif; font-size: 12pt;\">CENTRAL<\/span><\/strong><\/h4>\n<\/td>\n<td style=\"width: 144.931px; height: 124px; text-align: center;\"><strong><span style=\"font-family: helvetica, arial, sans-serif; font-size: 12pt;\">728-005-2019-SENASA &#8211; SEDECENTRAL<\/span><\/strong><\/td>\n<td style=\"width: 137.153px; height: 118px; text-align: center;\"><span style=\"font-family: helvetica, arial, sans-serif; font-size: 12pt;\">Especialista en Sanidad Agraria II<\/span><\/td>\n<td style=\"width: 76.0417px; height: 118px; text-align: center;\"><span style=\"font-family: helvetica, arial, sans-serif; font-size: 12pt;\"><a href=\"https:\/\/www.senasa.gob.pe\/senasa\/descargasarchivos\/2019\/07\/Anexo-Proceso-5.pdf\" target=\"_blank\" rel=\"noopener noreferrer\"><img loading=\"lazy\" decoding=\"async\" class=\"size-full wp-image-42563 aligncenter\" src=\"https:\/\/www.senasa.gob.pe\/senasa\/descargasarchivos\/2018\/10\/pdf-1.png\" alt=\"\" width=\"64\" height=\"64\" \/><\/a><\/span><\/td>\n<td style=\"width: 114.931px; height: 21px;\"><span style=\"font-family: helvetica, arial, sans-serif; font-size: 12pt;\"><a href=\"https:\/\/www.senasa.gob.pe\/senasa\/descargasarchivos\/2019\/07\/728-5-admitidos.pdf\"><img loading=\"lazy\" decoding=\"async\" class=\"wp-image-43148 aligncenter\" src=\"https:\/\/www.senasa.gob.pe\/senasa\/descargasarchivos\/2018\/11\/cv.png\" alt=\"\" width=\"55\" height=\"55\" \/><\/a><\/span><\/td>\n<td style=\"width: 113.819px; height: 21px;\"><span style=\"font-family: helvetica, arial, sans-serif; font-size: 12pt;\"><a href=\"https:\/\/www.senasa.gob.pe\/senasa\/descargasarchivos\/2019\/07\/728-005-Sanidad-Agraria.pdf\"><img loading=\"lazy\" decoding=\"async\" class=\"size-full wp-image-42053 aligncenter\" src=\"https:\/\/www.senasa.gob.pe\/senasa\/descargasarchivos\/2018\/09\/archivo-1.png\" alt=\"\" width=\"65\" height=\"65\" \/><\/a><\/span><\/td>\n<td style=\"width: 111.597px; height: 21px;\"><\/td>\n<td style=\"width: 114.931px; height: 21px;\"><\/td>\n<\/tr>\n<tr style=\"height: 124px;\">\n<td style=\"width: 129.375px; height: 124px; text-align: center;\">\n<h4 style=\"text-align: center;\"><strong><span style=\"font-family: helvetica, arial, sans-serif; font-size: 12pt;\">SEDE <\/span><\/strong><strong><span style=\"font-family: helvetica, arial, sans-serif; font-size: 12pt;\">CENTRAL<\/span><\/strong><\/h4>\n<\/td>\n<td style=\"width: 144.931px; height: 124px; text-align: center;\"><strong><span style=\"font-family: helvetica, arial, sans-serif; font-size: 12pt;\">728-006-2019-SENASA &#8211; SEDECENTRAL<\/span><\/strong><\/td>\n<td style=\"width: 137.153px; height: 124px; text-align: center;\"><span style=\"font-family: helvetica, arial, sans-serif; font-size: 12pt;\">Especialista en Insumos Pecuarios III<\/span><\/td>\n<td style=\"width: 76.0417px; height: 124px; text-align: center;\"><span style=\"font-family: helvetica, arial, sans-serif; font-size: 12pt;\"><a href=\"https:\/\/www.senasa.gob.pe\/senasa\/descargasarchivos\/2019\/07\/Anexo-Proceso-6.pdf\" target=\"_blank\" rel=\"noopener noreferrer\"><img loading=\"lazy\" decoding=\"async\" class=\"size-full wp-image-42563 aligncenter\" src=\"https:\/\/www.senasa.gob.pe\/senasa\/descargasarchivos\/2018\/10\/pdf-1.png\" alt=\"\" width=\"64\" height=\"64\" \/><\/a><\/span><\/td>\n<td style=\"width: 114.931px; height: 21px;\"><span style=\"font-family: helvetica, arial, sans-serif; font-size: 12pt;\"><a href=\"https:\/\/www.senasa.gob.pe\/senasa\/descargasarchivos\/2019\/07\/728-6-admitidos.pdf\"><img loading=\"lazy\" decoding=\"async\" class=\"wp-image-43148 aligncenter\" src=\"https:\/\/www.senasa.gob.pe\/senasa\/descargasarchivos\/2018\/11\/cv.png\" alt=\"\" width=\"55\" height=\"55\" \/><\/a><\/span><\/td>\n<td style=\"width: 113.819px; height: 21px;\"><span style=\"font-family: helvetica, arial, sans-serif; font-size: 12pt;\"><a href=\"https:\/\/www.senasa.gob.pe\/senasa\/descargasarchivos\/2019\/07\/728-006-DIAIA-SIP.pdf\"><img loading=\"lazy\" decoding=\"async\" class=\"size-full wp-image-42053 aligncenter\" src=\"https:\/\/www.senasa.gob.pe\/senasa\/descargasarchivos\/2018\/09\/archivo-1.png\" alt=\"\" width=\"65\" height=\"65\" \/><\/a><\/span><\/td>\n<td style=\"width: 111.597px; height: 21px;\"><span style=\"font-family: helvetica, arial, sans-serif; font-size: 12pt;\"><a href=\"https:\/\/www.senasa.gob.pe\/senasa\/descargasarchivos\/2019\/08\/Publicacion-Entrevista-Personal-06.pdf\"><img loading=\"lazy\" decoding=\"async\" class=\"size-full wp-image-42055 aligncenter\" src=\"https:\/\/www.senasa.gob.pe\/senasa\/descargasarchivos\/2018\/09\/entrevista.png\" alt=\"\" width=\"65\" height=\"65\" \/><\/a><\/span><\/td>\n<td style=\"width: 114.931px; height: 21px;\"><span style=\"font-family: helvetica, arial, sans-serif; font-size: 12pt;\"><a href=\"https:\/\/www.senasa.gob.pe\/senasa\/descargasarchivos\/2019\/08\/Resultado-final-728-6.pdf\"><img loading=\"lazy\" decoding=\"async\" class=\"size-full wp-image-42056 aligncenter\" src=\"https:\/\/www.senasa.gob.pe\/senasa\/descargasarchivos\/2018\/09\/calidad.png\" alt=\"\" width=\"64\" height=\"64\" \/><\/a><\/span><\/td>\n<\/tr>\n<tr style=\"height: 146px;\">\n<td style=\"width: 129.375px; height: 146px; text-align: center;\">\n<h4 style=\"text-align: center;\"><strong><span style=\"font-family: helvetica, arial, sans-serif; font-size: 12pt;\">SEDE <\/span><\/strong><strong><span style=\"font-family: helvetica, arial, sans-serif; font-size: 12pt;\">CENTRAL<\/span><\/strong><\/h4>\n<\/td>\n<td style=\"width: 144.931px; height: 146px; text-align: center;\"><strong><span style=\"font-family: helvetica, arial, sans-serif; font-size: 12pt;\">728-007-2019-SENASA &#8211; SEDECENTRAL<\/span><\/strong><\/td>\n<td style=\"width: 137.153px; height: 146px; text-align: center;\"><span style=\"font-family: helvetica, arial, sans-serif; font-size: 12pt;\"><span style=\"vertical-align: inherit;\"><span style=\"vertical-align: inherit;\">Especialista en Insumos Pecuarios III<\/span><\/span><\/span><\/td>\n<td style=\"width: 76.0417px; height: 146px; text-align: center;\"><span style=\"font-family: helvetica, arial, sans-serif; font-size: 12pt;\"><a href=\"https:\/\/www.senasa.gob.pe\/senasa\/descargasarchivos\/2019\/07\/Anexo-Proceso-7.pdf\" target=\"_blank\" rel=\"noopener noreferrer\"><img loading=\"lazy\" decoding=\"async\" class=\"size-full wp-image-42563 aligncenter\" src=\"https:\/\/www.senasa.gob.pe\/senasa\/descargasarchivos\/2018\/10\/pdf-1.png\" alt=\"\" width=\"64\" height=\"64\" \/><\/a><\/span><\/td>\n<td style=\"width: 114.931px; height: 21px;\"><span style=\"font-family: helvetica, arial, sans-serif; font-size: 12pt;\"><a href=\"https:\/\/www.senasa.gob.pe\/senasa\/descargasarchivos\/2019\/07\/728-7-admitidos.pdf\"><img loading=\"lazy\" decoding=\"async\" class=\"wp-image-43148 aligncenter\" src=\"https:\/\/www.senasa.gob.pe\/senasa\/descargasarchivos\/2018\/11\/cv.png\" alt=\"\" width=\"55\" height=\"55\" \/><\/a><\/span><\/td>\n<td style=\"width: 113.819px; height: 21px;\"><span style=\"font-family: helvetica, arial, sans-serif; font-size: 12pt;\"><a href=\"https:\/\/www.senasa.gob.pe\/senasa\/descargasarchivos\/2019\/07\/728-007-DIAIA-SIP.pdf\"><img loading=\"lazy\" decoding=\"async\" class=\"size-full wp-image-42053 aligncenter\" src=\"https:\/\/www.senasa.gob.pe\/senasa\/descargasarchivos\/2018\/09\/archivo-1.png\" alt=\"\" width=\"65\" height=\"65\" \/><\/a><\/span><\/td>\n<td style=\"width: 111.597px; height: 21px;\"><\/td>\n<td style=\"width: 114.931px; height: 21px;\"><\/td>\n<\/tr>\n<tr style=\"height: 123px;\">\n<td style=\"width: 129.375px; height: 123px; text-align: center;\"><strong><span style=\"font-family: helvetica, arial, sans-serif; font-size: 12pt;\">CAJAMARCA<\/span><\/strong><\/td>\n<td style=\"width: 144.931px; height: 123px; text-align: center;\"><strong><span style=\"font-family: helvetica, arial, sans-serif; font-size: 12pt;\">728-008-2019-SENASA &#8211; SEDECENTRAL<\/span><\/strong><\/td>\n<td style=\"width: 137.153px; height: 123px; text-align: center;\"><span style=\"font-family: helvetica, arial, sans-serif; font-size: 12pt;\">Especialista en Sanidad Agraria I<\/span><\/td>\n<td style=\"width: 76.0417px; height: 123px; text-align: center;\"><span style=\"font-family: helvetica, arial, sans-serif; font-size: 12pt;\"><a href=\"https:\/\/www.senasa.gob.pe\/senasa\/descargasarchivos\/2019\/07\/Anexo-Proceso-8.pdf\" target=\"_blank\" rel=\"noopener noreferrer\"><img loading=\"lazy\" decoding=\"async\" class=\"size-full wp-image-42563 aligncenter\" src=\"https:\/\/www.senasa.gob.pe\/senasa\/descargasarchivos\/2018\/10\/pdf-1.png\" alt=\"\" width=\"64\" height=\"64\" \/><\/a><\/span><\/td>\n<td style=\"width: 114.931px; height: 22px;\"><span style=\"font-family: helvetica, arial, sans-serif; font-size: 12pt;\"><a href=\"https:\/\/www.senasa.gob.pe\/senasa\/descargasarchivos\/2019\/07\/728-8-ADMITIDOS.pdf\"><img loading=\"lazy\" decoding=\"async\" class=\"wp-image-43148 aligncenter\" src=\"https:\/\/www.senasa.gob.pe\/senasa\/descargasarchivos\/2018\/11\/cv.png\" alt=\"\" width=\"55\" height=\"55\" \/><\/a><\/span><\/td>\n<td style=\"width: 113.819px; height: 22px;\"><span style=\"font-family: helvetica, arial, sans-serif; font-size: 12pt;\"><a href=\"https:\/\/www.senasa.gob.pe\/senasa\/descargasarchivos\/2019\/07\/728-008-Cajamarca.pdf\"><img loading=\"lazy\" decoding=\"async\" class=\"size-full wp-image-42053 aligncenter\" src=\"https:\/\/www.senasa.gob.pe\/senasa\/descargasarchivos\/2018\/09\/archivo-1.png\" alt=\"\" width=\"65\" height=\"65\" \/><\/a><\/span><\/td>\n<td style=\"width: 111.597px; height: 22px;\"><span style=\"font-family: helvetica, arial, sans-serif; font-size: 12pt;\"><a href=\"https:\/\/www.senasa.gob.pe\/senasa\/descargasarchivos\/2019\/08\/Publicacion-Entrevista-Personal-08.pdf\"><img loading=\"lazy\" decoding=\"async\" class=\"size-full wp-image-42055 aligncenter\" src=\"https:\/\/www.senasa.gob.pe\/senasa\/descargasarchivos\/2018\/09\/entrevista.png\" alt=\"\" width=\"65\" height=\"65\" \/><\/a><\/span><\/td>\n<td style=\"width: 114.931px; height: 22px;\"><span style=\"font-family: helvetica, arial, sans-serif; font-size: 12pt;\"><a href=\"https:\/\/www.senasa.gob.pe\/senasa\/descargasarchivos\/2019\/08\/Resultado-final-728-8.pdf\"><img loading=\"lazy\" decoding=\"async\" class=\"size-full wp-image-42056 aligncenter\" src=\"https:\/\/www.senasa.gob.pe\/senasa\/descargasarchivos\/2018\/09\/calidad.png\" alt=\"\" width=\"64\" height=\"64\" \/><\/a><\/span><\/td>\n<\/tr>\n<\/tbody>\n<\/table>\n<p style=\"text-align: center;\">\n","protected":false},"excerpt":{"rendered":"<p>Concurso P\u00fablico de M\u00e9rito Proceso de Selecci\u00f3n de Personal R\u00e9gimen Laboral 728 \u2013 Suplencia Bases del Concurso \u00a0 Procedimiento\u00a0 \u00a0 Cronograma\u00a0\u00a0 Postula Aqui : https:\/\/servicios.senasa.gob.pe\/RRHHWeb\/loginPostulante.html\u00a0 &nbsp; Etapas del Concurso\u00a0\u00a0 &nbsp; Dependencia \u00a0N\u00b0 Proceso\u00a0 Nombre del puesto Bases Postulantes Admitidos Resultado: Evaluaci\u00f3n curricular Resultado: Entrevista personal \u00a0 Resultado: Final SEDE CENTRAL 728-001-2019-SENASA &#8211; SEDECENTRAL Especialista en [&hellip;]<\/p>\n","protected":false},"author":127,"featured_media":0,"parent":0,"menu_order":0,"comment_status":"closed","ping_status":"closed","template":"","meta":{"footnotes":""},"class_list":["post-48208","page","type-page","status-publish","hentry"],"_links":{"self":[{"href":"https:\/\/www.senasa.gob.pe\/senasa\/wp-json\/wp\/v2\/pages\/48208","targetHints":{"allow":["GET"]}}],"collection":[{"href":"https:\/\/www.senasa.gob.pe\/senasa\/wp-json\/wp\/v2\/pages"}],"about":[{"href":"https:\/\/www.senasa.gob.pe\/senasa\/wp-json\/wp\/v2\/types\/page"}],"author":[{"embeddable":true,"href":"https:\/\/www.senasa.gob.pe\/senasa\/wp-json\/wp\/v2\/users\/127"}],"replies":[{"embeddable":true,"href":"https:\/\/www.senasa.gob.pe\/senasa\/wp-json\/wp\/v2\/comments?post=48208"}],"version-history":[{"count":0,"href":"https:\/\/www.senasa.gob.pe\/senasa\/wp-json\/wp\/v2\/pages\/48208\/revisions"}],"wp:attachment":[{"href":"https:\/\/www.senasa.gob.pe\/senasa\/wp-json\/wp\/v2\/media?parent=48208"}],"curies":[{"name":"wp","href":"https:\/\/api.w.org\/{rel}","templated":true}]}}