{"id":48910,"date":"2019-07-24T16:23:20","date_gmt":"2019-07-24T21:23:20","guid":{"rendered":"https:\/\/www.senasa.gob.pe\/senasa\/?page_id=48910"},"modified":"2019-08-12T15:27:59","modified_gmt":"2019-08-12T20:27:59","slug":"ica-3","status":"publish","type":"page","link":"https:\/\/www.senasa.gob.pe\/senasa\/ica-3\/","title":{"rendered":"ICA"},"content":{"rendered":"<ol>\n<li><span style=\"font-family: helvetica, arial, sans-serif; font-size: 12pt;\"><a href=\"https:\/\/www.senasa.gob.pe\/senasa\/descargasarchivos\/2019\/07\/AVISO-DE-CONVOCATORIA-2.pdf\">AVISO DE CONVOCATORIA<\/a><\/span><\/li>\n<li><span style=\"font-family: helvetica, arial, sans-serif; font-size: 12pt;\"><a href=\"https:\/\/www.senasa.gob.pe\/senasa\/terminos-de-referencia-2\/\">T\u00c9RMINOS DE REFERENCIA<\/a><\/span><\/li>\n<li><span style=\"font-family: helvetica, arial, sans-serif; font-size: 12pt;\"><a href=\"https:\/\/www.senasa.gob.pe\/senasa\/descargasarchivos\/2019\/07\/DECLARACION-JURADA-3.docx\">DECLARAC\u00cdON JURADA<\/a><\/span><\/li>\n<li><span style=\"font-family: helvetica, arial, sans-serif; font-size: 12pt;\"><a href=\"https:\/\/www.senasa.gob.pe\/senasa\/descargasarchivos\/2019\/07\/HOJA-DE-VIDA-3.docx\">HOJA DE VIDA<\/a><\/span><\/li>\n<li><span style=\"font-family: helvetica, arial, sans-serif; font-size: 12pt;\"><a href=\"https:\/\/www.senasa.gob.pe\/senasa\/descargasarchivos\/2019\/08\/AMPLIACI\u00d3N-AVISO-DE-CONVOCATORIA-ICA.pdf\">PR\u00d3RROGA DE AVISO DE CONVOCATORIA<\/a><\/span><\/li>\n<li><a href=\"https:\/\/www.senasa.gob.pe\/senasa\/resultado-finales\/\"><span style=\"font-family: helvetica, arial, sans-serif; font-size: 12pt;\">RESULTADO FINALES<\/span><\/a><\/li>\n<\/ol>\n","protected":false},"excerpt":{"rendered":"<p>AVISO DE CONVOCATORIA T\u00c9RMINOS DE REFERENCIA DECLARAC\u00cdON JURADA HOJA DE VIDA PR\u00d3RROGA DE AVISO DE CONVOCATORIA RESULTADO FINALES<\/p>\n","protected":false},"author":127,"featured_media":0,"parent":0,"menu_order":0,"comment_status":"closed","ping_status":"closed","template":"","meta":{"footnotes":""},"class_list":["post-48910","page","type-page","status-publish","hentry"],"_links":{"self":[{"href":"https:\/\/www.senasa.gob.pe\/senasa\/wp-json\/wp\/v2\/pages\/48910","targetHints":{"allow":["GET"]}}],"collection":[{"href":"https:\/\/www.senasa.gob.pe\/senasa\/wp-json\/wp\/v2\/pages"}],"about":[{"href":"https:\/\/www.senasa.gob.pe\/senasa\/wp-json\/wp\/v2\/types\/page"}],"author":[{"embeddable":true,"href":"https:\/\/www.senasa.gob.pe\/senasa\/wp-json\/wp\/v2\/users\/127"}],"replies":[{"embeddable":true,"href":"https:\/\/www.senasa.gob.pe\/senasa\/wp-json\/wp\/v2\/comments?post=48910"}],"version-history":[{"count":0,"href":"https:\/\/www.senasa.gob.pe\/senasa\/wp-json\/wp\/v2\/pages\/48910\/revisions"}],"wp:attachment":[{"href":"https:\/\/www.senasa.gob.pe\/senasa\/wp-json\/wp\/v2\/media?parent=48910"}],"curies":[{"name":"wp","href":"https:\/\/api.w.org\/{rel}","templated":true}]}}