{"id":48953,"date":"2019-07-24T16:55:00","date_gmt":"2019-07-24T21:55:00","guid":{"rendered":"https:\/\/www.senasa.gob.pe\/senasa\/?page_id=48953"},"modified":"2019-08-14T15:05:56","modified_gmt":"2019-08-14T20:05:56","slug":"junin-4","status":"publish","type":"page","link":"https:\/\/www.senasa.gob.pe\/senasa\/junin-4\/","title":{"rendered":"JUNIN"},"content":{"rendered":"<ol>\n<li><span style=\"font-family: helvetica, arial, sans-serif; font-size: 12pt;\"><a href=\"https:\/\/www.senasa.gob.pe\/senasa\/descargasarchivos\/2019\/07\/AVISO-DE-CONVOCATORIA-1.pdf\">AVISO DE CONVOCATORIA<\/a><\/span><\/li>\n<li><span style=\"font-family: helvetica, arial, sans-serif; font-size: 12pt;\"><a href=\"https:\/\/www.senasa.gob.pe\/senasa\/descargasarchivos\/2019\/07\/TDR-VACUNADORES-JUNIN.pdf\">T\u00c9RMINOS DE REFERENCIA<\/a><\/span><\/li>\n<li><span style=\"font-family: helvetica, arial, sans-serif; font-size: 12pt;\"><a href=\"https:\/\/www.senasa.gob.pe\/senasa\/descargasarchivos\/2019\/07\/DECLARACION-JURADA-6.docx\">DECLARAC\u00cdON JURADA<\/a><\/span><\/li>\n<li><span style=\"font-family: helvetica, arial, sans-serif; font-size: 12pt;\"><a href=\"https:\/\/www.senasa.gob.pe\/senasa\/descargasarchivos\/2019\/07\/HOJA-DE-VIDA-6.docx\">HOJA DE VIDA<\/a><\/span><\/li>\n<li><span style=\"font-family: helvetica, arial, sans-serif; font-size: 12pt;\"><a href=\"https:\/\/www.senasa.gob.pe\/senasa\/descargasarchivos\/2019\/08\/AVISO-DE-CONVOCATORIA-JUNIN.pdf\">AMPLIACI\u00d3N DE AVISO DE CONVOCATORIA<\/a><\/span><\/li>\n<li><a href=\"https:\/\/www.senasa.gob.pe\/senasa\/descargasarchivos\/2019\/08\/ANEXO-10-JUNIN.pdf\"><span style=\"font-family: helvetica, arial, sans-serif;\">RESULTADO FINALES<\/span><\/a><\/li>\n<\/ol>\n","protected":false},"excerpt":{"rendered":"<p>AVISO DE CONVOCATORIA T\u00c9RMINOS DE REFERENCIA DECLARAC\u00cdON JURADA HOJA DE VIDA AMPLIACI\u00d3N DE AVISO DE CONVOCATORIA RESULTADO FINALES<\/p>\n","protected":false},"author":127,"featured_media":0,"parent":0,"menu_order":0,"comment_status":"closed","ping_status":"closed","template":"","meta":{"footnotes":""},"class_list":["post-48953","page","type-page","status-publish","hentry"],"_links":{"self":[{"href":"https:\/\/www.senasa.gob.pe\/senasa\/wp-json\/wp\/v2\/pages\/48953","targetHints":{"allow":["GET"]}}],"collection":[{"href":"https:\/\/www.senasa.gob.pe\/senasa\/wp-json\/wp\/v2\/pages"}],"about":[{"href":"https:\/\/www.senasa.gob.pe\/senasa\/wp-json\/wp\/v2\/types\/page"}],"author":[{"embeddable":true,"href":"https:\/\/www.senasa.gob.pe\/senasa\/wp-json\/wp\/v2\/users\/127"}],"replies":[{"embeddable":true,"href":"https:\/\/www.senasa.gob.pe\/senasa\/wp-json\/wp\/v2\/comments?post=48953"}],"version-history":[{"count":0,"href":"https:\/\/www.senasa.gob.pe\/senasa\/wp-json\/wp\/v2\/pages\/48953\/revisions"}],"wp:attachment":[{"href":"https:\/\/www.senasa.gob.pe\/senasa\/wp-json\/wp\/v2\/media?parent=48953"}],"curies":[{"name":"wp","href":"https:\/\/api.w.org\/{rel}","templated":true}]}}