{"id":53809,"date":"2020-03-03T14:47:36","date_gmt":"2020-03-03T19:47:36","guid":{"rendered":"https:\/\/www.senasa.gob.pe\/senasa\/?page_id=53809"},"modified":"2021-10-15T15:11:52","modified_gmt":"2021-10-15T20:11:52","slug":"suplencia-2020","status":"publish","type":"page","link":"https:\/\/www.senasa.gob.pe\/senasa\/suplencia-2020\/","title":{"rendered":"PROCESO 728 &#8211; SUPLENCIA-2020"},"content":{"rendered":"<h3 style=\"text-align: center;\"><strong><span style=\"font-size: 24pt;\"><span style=\"font-family: helvetica, arial, sans-serif;\"><u>Concurso P\u00fablico de M\u00e9rito<\/u><\/span><\/span><\/strong><\/h3>\n<h3 style=\"text-align: center;\"><span style=\"font-size: 24pt;\"><strong><span style=\"font-family: helvetica, arial, sans-serif;\">Proceso de Selecci\u00f3n de Personal <\/span><\/strong><\/span><span style=\"font-size: 24pt;\"><strong><span style=\"font-family: helvetica, arial, sans-serif;\">R\u00e9gimen Laboral 728 \u2013 Suplencia<\/span><\/strong><\/span><\/h3>\n<p><span style=\"font-size: 12pt; font-family: helvetica, arial, sans-serif;\"><strong><a href=\"https:\/\/www.senasa.gob.pe\/senasa\/descargasarchivos\/2021\/06\/PRO-URH-14-728-Rev-03.pdf\" target=\"_blank\" rel=\"noopener noreferrer\">Procedimiento<\/a><\/strong><\/span><\/p>\n<p><strong><span style=\"font-size: 12pt; font-family: helvetica, arial, sans-serif;\">Postula Aqu\u00ed : <a href=\"https:\/\/servicios.senasa.gob.pe\/RRHHWeb\/loginPostulante.html\">https:\/\/servicios.senasa.gob.pe\/RRHHWeb\/loginPostulante.html<\/a><\/span><\/strong><\/p>\n<p>&nbsp;<\/p>\n<p>&nbsp;<\/p>\n<p>&nbsp;<\/p>\n","protected":false},"excerpt":{"rendered":"<p>Concurso P\u00fablico de M\u00e9rito Proceso de Selecci\u00f3n de Personal R\u00e9gimen Laboral 728 \u2013 Suplencia Procedimiento Postula Aqu\u00ed : https:\/\/servicios.senasa.gob.pe\/RRHHWeb\/loginPostulante.html &nbsp; &nbsp; &nbsp;<\/p>\n","protected":false},"author":127,"featured_media":0,"parent":0,"menu_order":0,"comment_status":"closed","ping_status":"closed","template":"","meta":{"footnotes":""},"class_list":["post-53809","page","type-page","status-publish","hentry"],"_links":{"self":[{"href":"https:\/\/www.senasa.gob.pe\/senasa\/wp-json\/wp\/v2\/pages\/53809","targetHints":{"allow":["GET"]}}],"collection":[{"href":"https:\/\/www.senasa.gob.pe\/senasa\/wp-json\/wp\/v2\/pages"}],"about":[{"href":"https:\/\/www.senasa.gob.pe\/senasa\/wp-json\/wp\/v2\/types\/page"}],"author":[{"embeddable":true,"href":"https:\/\/www.senasa.gob.pe\/senasa\/wp-json\/wp\/v2\/users\/127"}],"replies":[{"embeddable":true,"href":"https:\/\/www.senasa.gob.pe\/senasa\/wp-json\/wp\/v2\/comments?post=53809"}],"version-history":[{"count":0,"href":"https:\/\/www.senasa.gob.pe\/senasa\/wp-json\/wp\/v2\/pages\/53809\/revisions"}],"wp:attachment":[{"href":"https:\/\/www.senasa.gob.pe\/senasa\/wp-json\/wp\/v2\/media?parent=53809"}],"curies":[{"name":"wp","href":"https:\/\/api.w.org\/{rel}","templated":true}]}}