{"id":54249,"date":"2020-04-08T10:14:57","date_gmt":"2020-04-08T15:14:57","guid":{"rendered":"https:\/\/www.senasa.gob.pe\/senasa\/?page_id=54249"},"modified":"2021-10-15T15:04:14","modified_gmt":"2021-10-15T20:04:14","slug":"728-2020-en-proceso","status":"publish","type":"page","link":"https:\/\/www.senasa.gob.pe\/senasa\/728-2020-en-proceso\/","title":{"rendered":"728-2020 EN PROCESO"},"content":{"rendered":"<p style=\"text-align: center;\"><strong><span style=\"font-family: helvetica, arial, sans-serif; font-size: 18pt;\"><span style=\"font-family: 'arial black', sans-serif;\">CONCURSO P\u00daBLICO DE M\u00c9RITO &#8211; 202<\/span><\/span><\/strong><span style=\"font-family: 'arial black', sans-serif;\"><strong><span style=\"font-size: 18pt;\">0<\/span><\/strong><\/span><\/p>\n<p style=\"text-align: center;\"><strong><span style=\"font-family: helvetica, arial, sans-serif; font-size: 18pt;\">APROBADO POR RESOLUCI\u00d3N JEFATURAL<\/span><\/strong><\/p>\n<p><a href=\"https:\/\/www.senasa.gob.pe\/senasa\/descargasarchivos\/2021\/06\/PRO-URH-14-728-Rev-03.pdf\"><span style=\"font-family: 'arial black', sans-serif; font-size: 14pt;\">Procedimiento: PRO-URH-14 Rev. 3<\/span><\/a><\/p>\n<p><span style=\"font-size: 14pt;\"><a href=\"https:\/\/www.senasa.gob.pe\/senasa\/descargasarchivos\/2020\/12\/DECLARACIONES-JURADAS-728.docx\"><span style=\"font-family: 'arial black', sans-serif;\">Declaraciones Juradas del Ganador<\/span><\/a><\/span><\/p>\n<p><span style=\"font-size: 14pt;\"><a href=\"https:\/\/www.senasa.gob.pe\/senasa\/descargasarchivos\/2020\/12\/comunicado-1_web.pdf\"><span style=\"font-family: 'arial black', sans-serif;\">COMUNICADO 1<\/span><\/a><\/span><\/p>\n<p><span style=\"font-size: 14pt;\"><a href=\"https:\/\/www.senasa.gob.pe\/senasa\/descargasarchivos\/2020\/12\/comunicado-2_web.pdf\"><span style=\"font-family: 'arial black', sans-serif;\">COMUNICADO 2<\/span><\/a><\/span><\/p>\n<p><span style=\"font-size: 14pt;\"><a href=\"https:\/\/www.senasa.gob.pe\/senasa\/descargasarchivos\/2020\/12\/COMUNICADO-N-3.pdf\"><span style=\"font-family: 'arial black', sans-serif;\">COMUNICADO 3<\/span><\/a><\/span><\/p>\n<p><span style=\"font-size: 14pt;\"><a href=\"https:\/\/www.senasa.gob.pe\/senasa\/descargasarchivos\/2020\/12\/COMUNICADO-N\u00b0-4_2.pdf\"><span style=\"font-family: 'arial black', sans-serif;\">COMUNICADO 4<\/span><\/a><\/span><\/p>\n<p><span style=\"font-family: 'arial black', sans-serif; font-size: 14pt;\">Postula aqu\u00ed: <\/span><a href=\"https:\/\/servicios.senasa.gob.pe\/RRHHWeb\/loginPostulante.html\">https:\/\/servicios.senasa.gob.pe\/RRHHWeb\/loginPostulante.html<\/a><\/p>\n<p><span style=\"font-family: 'arial black', sans-serif; font-size: 18pt;\">ETAPAS DEL CONCURSO P\u00daBLICO DE M\u00c9RITO<\/span><\/p>\n<p>&nbsp;<\/p>\n","protected":false},"excerpt":{"rendered":"<p>CONCURSO P\u00daBLICO DE M\u00c9RITO &#8211; 2020 APROBADO POR RESOLUCI\u00d3N JEFATURAL Procedimiento: PRO-URH-14 Rev. 3 Declaraciones Juradas del Ganador COMUNICADO 1 COMUNICADO 2 COMUNICADO 3 COMUNICADO 4 Postula aqu\u00ed: https:\/\/servicios.senasa.gob.pe\/RRHHWeb\/loginPostulante.html ETAPAS DEL CONCURSO P\u00daBLICO DE M\u00c9RITO &nbsp;<\/p>\n","protected":false},"author":127,"featured_media":0,"parent":0,"menu_order":0,"comment_status":"closed","ping_status":"closed","template":"","meta":{"footnotes":""},"class_list":["post-54249","page","type-page","status-publish","hentry"],"_links":{"self":[{"href":"https:\/\/www.senasa.gob.pe\/senasa\/wp-json\/wp\/v2\/pages\/54249","targetHints":{"allow":["GET"]}}],"collection":[{"href":"https:\/\/www.senasa.gob.pe\/senasa\/wp-json\/wp\/v2\/pages"}],"about":[{"href":"https:\/\/www.senasa.gob.pe\/senasa\/wp-json\/wp\/v2\/types\/page"}],"author":[{"embeddable":true,"href":"https:\/\/www.senasa.gob.pe\/senasa\/wp-json\/wp\/v2\/users\/127"}],"replies":[{"embeddable":true,"href":"https:\/\/www.senasa.gob.pe\/senasa\/wp-json\/wp\/v2\/comments?post=54249"}],"version-history":[{"count":0,"href":"https:\/\/www.senasa.gob.pe\/senasa\/wp-json\/wp\/v2\/pages\/54249\/revisions"}],"wp:attachment":[{"href":"https:\/\/www.senasa.gob.pe\/senasa\/wp-json\/wp\/v2\/media?parent=54249"}],"curies":[{"name":"wp","href":"https:\/\/api.w.org\/{rel}","templated":true}]}}