{"id":54706,"date":"2020-05-19T13:05:18","date_gmt":"2020-05-19T18:05:18","guid":{"rendered":"https:\/\/www.senasa.gob.pe\/senasa\/?page_id=54706"},"modified":"2020-07-13T09:14:47","modified_gmt":"2020-07-13T14:14:47","slug":"inocuidad","status":"publish","type":"page","link":"https:\/\/www.senasa.gob.pe\/senasa\/inocuidad\/","title":{"rendered":"INOCUIDAD"},"content":{"rendered":"<ul>\n<li><a href=\"https:\/\/www.senasa.gob.pe\/senasa\/seguimiento\/\"><span style=\"font-family: helvetica, arial, sans-serif; font-size: 12pt;\">Consultor Individual para el Servicio para el seguimiento y monitoreo de la implementaci\u00f3n de las escuelas de campo de agricultores (ECAS) en buenas practicas agropecuarias (BPA) en el nivel central del Senasa y de seguimiento de las actividades de los consultores en las direcciones ejecutivas a nivel nacional del proyecto de inocuidad.<\/span><\/a><\/li>\n<li><a href=\"https:\/\/www.senasa.gob.pe\/senasa\/mataderos\/\"><span style=\"font-family: helvetica, arial, sans-serif; font-size: 12pt;\">Consultor Individual para la Gesti\u00f3n de la Ejecuci\u00f3n y Monitoreo de los Mataderos Municipales en el Nivel Central del Senasa<\/span><\/a><\/li>\n<li><a href=\"https:\/\/www.senasa.gob.pe\/senasa\/registro\/\"><span style=\"font-family: helvetica, arial, sans-serif; font-size: 12pt;\">Consultor Individual para la Gesti\u00f3n de la Ejecuci\u00f3n y Monitoreo del Registro de Actores de la cadena Agroalimentaria y para la gesti\u00f3n de la ejecuci\u00f3n y monitoreo de los mataderos municipales<\/span><\/a><\/li>\n<\/ul>\n","protected":false},"excerpt":{"rendered":"<p>Consultor Individual para el Servicio para el seguimiento y monitoreo de la implementaci\u00f3n de las escuelas de campo de agricultores (ECAS) en buenas practicas agropecuarias (BPA) en el nivel central del Senasa y de seguimiento de las actividades de los consultores en las direcciones ejecutivas a nivel nacional del proyecto de inocuidad. Consultor Individual para [&hellip;]<\/p>\n","protected":false},"author":127,"featured_media":0,"parent":0,"menu_order":0,"comment_status":"closed","ping_status":"closed","template":"","meta":{"footnotes":""},"class_list":["post-54706","page","type-page","status-publish","hentry"],"_links":{"self":[{"href":"https:\/\/www.senasa.gob.pe\/senasa\/wp-json\/wp\/v2\/pages\/54706","targetHints":{"allow":["GET"]}}],"collection":[{"href":"https:\/\/www.senasa.gob.pe\/senasa\/wp-json\/wp\/v2\/pages"}],"about":[{"href":"https:\/\/www.senasa.gob.pe\/senasa\/wp-json\/wp\/v2\/types\/page"}],"author":[{"embeddable":true,"href":"https:\/\/www.senasa.gob.pe\/senasa\/wp-json\/wp\/v2\/users\/127"}],"replies":[{"embeddable":true,"href":"https:\/\/www.senasa.gob.pe\/senasa\/wp-json\/wp\/v2\/comments?post=54706"}],"version-history":[{"count":0,"href":"https:\/\/www.senasa.gob.pe\/senasa\/wp-json\/wp\/v2\/pages\/54706\/revisions"}],"wp:attachment":[{"href":"https:\/\/www.senasa.gob.pe\/senasa\/wp-json\/wp\/v2\/media?parent=54706"}],"curies":[{"name":"wp","href":"https:\/\/api.w.org\/{rel}","templated":true}]}}