{"id":56535,"date":"2020-07-13T00:31:47","date_gmt":"2020-07-13T05:31:47","guid":{"rendered":"https:\/\/www.senasa.gob.pe\/senasa\/?page_id=56535"},"modified":"2020-07-13T08:25:27","modified_gmt":"2020-07-13T13:25:27","slug":"mosca-2","status":"publish","type":"page","link":"https:\/\/www.senasa.gob.pe\/senasa\/mosca-2\/","title":{"rendered":"MOSCA"},"content":{"rendered":"<ul>\n<li><a href=\"https:\/\/www.senasa.gob.pe\/senasa\/consultor-implementacion\/\"><span style=\"font-family: helvetica, arial, sans-serif; font-size: 12pt;\">Consultor Individual para la Implementaci\u00f3n y Operatividad del Sistema de Cuarentena Vegetal Interno en los Departamentos de Piura, Tumbes, Lambayeque, Cajamarca, La Libertad, Cusco, Amazonas Apur\u00edmac y Puno.<\/span><\/a><\/li>\n<li><a href=\"https:\/\/www.senasa.gob.pe\/senasa\/consultoria-moscas\/\"><span style=\"font-family: helvetica, arial, sans-serif; font-size: 12pt;\">Consultor\u00eda Individual para el Servicio de Seguimiento para las acciones de moscas de la fruta en el nivel central en el Nivel Central.<\/span><\/a><\/li>\n<li><a href=\"https:\/\/www.senasa.gob.pe\/senasa\/servicio-de-comunicaciones\/\"><span style=\"font-family: helvetica, arial, sans-serif; font-size: 12pt;\">Consultor\u00eda Individual Servicio de Direcci\u00f3n de Comunicaciones del Proyecto de Erradicaci\u00f3n de Moscas de la Fruta.<\/span><\/a><\/li>\n<li><a href=\"https:\/\/www.senasa.gob.pe\/senasa\/lambayeque-4\/\"><span style=\"font-family: helvetica, arial, sans-serif; font-size: 12pt;\">Consultor Individual para el Servicio de Gestor de Comunicaci\u00f3n Fase II -DE Lambayeque.<\/span><\/a><\/li>\n<li><a href=\"https:\/\/www.senasa.gob.pe\/senasa\/fase-ii-de-cajamarca\/\"><span style=\"font-family: helvetica, arial, sans-serif; font-size: 12pt;\">Consultor Individual para el Servicio de Gestor de Comunicaci\u00f3n Fase II &#8211; DE Cajamarca.<\/span><\/a><\/li>\n<li><a href=\"https:\/\/www.senasa.gob.pe\/senasa\/informacion-geografica\/\"><span style=\"font-family: helvetica, arial, sans-serif; font-size: 12pt;\">Consultor Individual para el Servicio de Asistencia en Sistemas de Informaci\u00f3n Geogr\u00e1fica del Sistema Integrado de Informaci\u00f3n Moscas de la Fruta.<\/span><\/a><\/li>\n<li><a href=\"https:\/\/www.senasa.gob.pe\/senasa\/fase-ii-de-la-libertad\/\"><span style=\"font-family: helvetica, arial, sans-serif; font-size: 12pt;\">Servicio de Gestor de Comunicaci\u00f3n Fase II\u201d \u2013 DE La Libertad<\/span><\/a><\/li>\n<li><a href=\"https:\/\/www.senasa.gob.pe\/senasa\/fase-ii-de-piura\/\"><span style=\"font-family: helvetica, arial, sans-serif; font-size: 12pt;\">Servicio de Gestor de Comunicaci\u00f3n Fase II\u201d \u2013DE Piura<\/span><\/a><\/li>\n<\/ul>\n","protected":false},"excerpt":{"rendered":"<p>Consultor Individual para la Implementaci\u00f3n y Operatividad del Sistema de Cuarentena Vegetal Interno en los Departamentos de Piura, Tumbes, Lambayeque, Cajamarca, La Libertad, Cusco, Amazonas Apur\u00edmac y Puno. Consultor\u00eda Individual para el Servicio de Seguimiento para las acciones de moscas de la fruta en el nivel central en el Nivel Central. Consultor\u00eda Individual Servicio de [&hellip;]<\/p>\n","protected":false},"author":127,"featured_media":0,"parent":0,"menu_order":0,"comment_status":"closed","ping_status":"closed","template":"","meta":{"footnotes":""},"class_list":["post-56535","page","type-page","status-publish","hentry"],"_links":{"self":[{"href":"https:\/\/www.senasa.gob.pe\/senasa\/wp-json\/wp\/v2\/pages\/56535","targetHints":{"allow":["GET"]}}],"collection":[{"href":"https:\/\/www.senasa.gob.pe\/senasa\/wp-json\/wp\/v2\/pages"}],"about":[{"href":"https:\/\/www.senasa.gob.pe\/senasa\/wp-json\/wp\/v2\/types\/page"}],"author":[{"embeddable":true,"href":"https:\/\/www.senasa.gob.pe\/senasa\/wp-json\/wp\/v2\/users\/127"}],"replies":[{"embeddable":true,"href":"https:\/\/www.senasa.gob.pe\/senasa\/wp-json\/wp\/v2\/comments?post=56535"}],"version-history":[{"count":0,"href":"https:\/\/www.senasa.gob.pe\/senasa\/wp-json\/wp\/v2\/pages\/56535\/revisions"}],"wp:attachment":[{"href":"https:\/\/www.senasa.gob.pe\/senasa\/wp-json\/wp\/v2\/media?parent=56535"}],"curies":[{"name":"wp","href":"https:\/\/api.w.org\/{rel}","templated":true}]}}