{"id":60029,"date":"2020-10-20T12:08:33","date_gmt":"2020-10-20T17:08:33","guid":{"rendered":"https:\/\/www.senasa.gob.pe\/senasa\/?page_id=60029"},"modified":"2023-04-24T17:01:18","modified_gmt":"2023-04-24T22:01:18","slug":"historial-de-programacion-de-inspecciones","status":"publish","type":"page","link":"https:\/\/www.senasa.gob.pe\/senasa\/historial-de-programacion-de-inspecciones\/","title":{"rendered":"Programaci\u00f3n de Inspecciones"},"content":{"rendered":"<ul>\n<li><span style=\"font-size: 14pt;\"><a href=\"https:\/\/www.senasa.gob.pe\/senasa\/inspecciones\/\" target=\"_blank\" rel=\"noopener noreferrer\">Historial de Programaci\u00f3n 2021<\/a><\/span><\/li>\n<li><a href=\"https:\/\/www.senasa.gob.pe\/senasa\/historial-de-programacion-2022\/\"><span style=\"font-size: 14pt;\">Historial de Programaci\u00f3n 2022<\/span><\/a><\/li>\n<li><a href=\"https:\/\/www.senasa.gob.pe\/senasa\/historial-de-asignacion-desaguadero-2023\/\"><span style=\"font-size: 14pt;\">Historial de Programaci\u00f3n 2023<\/span><\/a><\/li>\n<\/ul>\n","protected":false},"excerpt":{"rendered":"<p>Historial de Programaci\u00f3n 2021 Historial de Programaci\u00f3n 2022 Historial de Programaci\u00f3n 2023<\/p>\n","protected":false},"author":47,"featured_media":0,"parent":0,"menu_order":0,"comment_status":"closed","ping_status":"closed","template":"","meta":{"footnotes":""},"class_list":["post-60029","page","type-page","status-publish","hentry"],"_links":{"self":[{"href":"https:\/\/www.senasa.gob.pe\/senasa\/wp-json\/wp\/v2\/pages\/60029","targetHints":{"allow":["GET"]}}],"collection":[{"href":"https:\/\/www.senasa.gob.pe\/senasa\/wp-json\/wp\/v2\/pages"}],"about":[{"href":"https:\/\/www.senasa.gob.pe\/senasa\/wp-json\/wp\/v2\/types\/page"}],"author":[{"embeddable":true,"href":"https:\/\/www.senasa.gob.pe\/senasa\/wp-json\/wp\/v2\/users\/47"}],"replies":[{"embeddable":true,"href":"https:\/\/www.senasa.gob.pe\/senasa\/wp-json\/wp\/v2\/comments?post=60029"}],"version-history":[{"count":5,"href":"https:\/\/www.senasa.gob.pe\/senasa\/wp-json\/wp\/v2\/pages\/60029\/revisions"}],"predecessor-version":[{"id":79324,"href":"https:\/\/www.senasa.gob.pe\/senasa\/wp-json\/wp\/v2\/pages\/60029\/revisions\/79324"}],"wp:attachment":[{"href":"https:\/\/www.senasa.gob.pe\/senasa\/wp-json\/wp\/v2\/media?parent=60029"}],"curies":[{"name":"wp","href":"https:\/\/api.w.org\/{rel}","templated":true}]}}