{"id":63951,"date":"2021-03-26T11:07:04","date_gmt":"2021-03-26T16:07:04","guid":{"rendered":"https:\/\/www.senasa.gob.pe\/senasa\/?page_id=63951"},"modified":"2021-05-26T13:03:52","modified_gmt":"2021-05-26T18:03:52","slug":"procesos-abiertos","status":"publish","type":"page","link":"https:\/\/www.senasa.gob.pe\/senasa\/procesos-abiertos\/","title":{"rendered":"PROCESOS ABIERTOS"},"content":{"rendered":"<p>&nbsp;<\/p>\n<ol>\n<li><a href=\"https:\/\/www.senasa.gob.pe\/senasa\/direcciones-ejecutivas-4\/\">Direcciones Ejecutivas<\/a><\/li>\n<\/ol>\n<p>&nbsp;<\/p>\n<ul>\n<li><strong><span style=\"font-family: helvetica, arial, sans-serif; font-size: 12pt;\">AVISO DE CONVOCATORIA: 320 AUXILIARES DE CAMPO PARA EL CONTROL INTEGRADO DE MOSCAS DE LA FRUTA<\/span><\/strong>\n<ul>\n<li><span style=\"font-size: 12pt;\"><a href=\"https:\/\/www.senasa.gob.pe\/senasa\/descargasarchivos\/2021\/04\/Convocatoria-Auxiliares-prodesa-200421.pdf\"><span style=\"font-family: helvetica, arial, sans-serif; font-size: 12pt;\">Aviso de Convocatoria<\/span><\/a><\/span><\/li>\n<li><span style=\"font-size: 12pt;\"><a href=\"https:\/\/www.senasa.gob.pe\/senasa\/descargasarchivos\/2021\/04\/TDR-Auxiliares-Control-Integrado.pdf\"><span style=\"font-family: helvetica, arial, sans-serif; font-size: 12pt;\">T\u00e9rminos de Referencia<\/span><\/a><\/span><\/li>\n<li><span style=\"font-size: 12pt;\"><a href=\"https:\/\/www.senasa.gob.pe\/senasa\/descargasarchivos\/2021\/04\/Hoja-de-Vida-Auxiliares.pdf\"><span style=\"font-family: helvetica, arial, sans-serif; font-size: 12pt;\">Anexo 2: Modelo de Hoja de Vida.<\/span><\/a><\/span><\/li>\n<\/ul>\n<\/li>\n<li><span style=\"font-family: helvetica, arial, sans-serif; font-size: 12pt;\"><a href=\"https:\/\/www.senasa.gob.pe\/senasa\/descargasarchivos\/2021\/03\/AVISO-DE-LLAMADO-A-LICITACION-SEGUROS-PATRIMONIALES.pdf\">AVISO DE LLAMADO A LICITACION DE SEGUROS PATRIMONIALES<\/a><\/span><\/li>\n<li><span style=\"font-family: helvetica, arial, sans-serif; font-size: 12pt;\"><a href=\"https:\/\/www.senasa.gob.pe\/senasa\/descargasarchivos\/2021\/03\/INVITACIO\u0301N-A-PRESENTAR-EXPRESIO\u0301N-DE-INTERE\u0301S-SCC-003-2021.pdf\">SERVICIO DE CONSULTORIA DE FIRMA -003-2021<\/a><\/span><\/li>\n<li><span style=\"font-family: helvetica, arial, sans-serif; font-size: 12pt;\"><a href=\"https:\/\/www.senasa.gob.pe\/senasa\/descargasarchivos\/2021\/03\/INVITACI\u00d3N-A-PRESENTAR-EXPRESI\u00d3N-DE-INTER\u00c9S-SCC5.pdf\">SERVICIO DE CONSULTORIA DE FIRMA -005-2021<\/a><\/span><\/li>\n<li><a href=\"https:\/\/www.senasa.gob.pe\/senasa\/descargasarchivos\/2021\/03\/LICITACION-REMODELACI\u00d3N-Y-AMPLIACI\u00d3N-DEL-LABORATORIO-DE-MICROBIOLOG\u00cdA-.pdf\"><span style=\"font-family: helvetica, arial, sans-serif; font-size: 12pt;\">LICITACION REMODELACI\u00d3N Y AMPLIACI\u00d3N DEL LABORATORIO DE MICROBIOLOG\u00cdA<\/span><\/a><\/li>\n<\/ul>\n<p>&nbsp;<\/p>\n<p>&nbsp;<\/p>\n","protected":false},"excerpt":{"rendered":"<p>&nbsp; Direcciones Ejecutivas &nbsp; AVISO DE CONVOCATORIA: 320 AUXILIARES DE CAMPO PARA EL CONTROL INTEGRADO DE MOSCAS DE LA FRUTA Aviso de Convocatoria T\u00e9rminos de Referencia Anexo 2: Modelo de Hoja de Vida. AVISO DE LLAMADO A LICITACION DE SEGUROS PATRIMONIALES SERVICIO DE CONSULTORIA DE FIRMA -003-2021 SERVICIO DE CONSULTORIA DE FIRMA -005-2021 LICITACION REMODELACI\u00d3N [&hellip;]<\/p>\n","protected":false},"author":127,"featured_media":0,"parent":0,"menu_order":0,"comment_status":"closed","ping_status":"closed","template":"","meta":{"footnotes":""},"class_list":["post-63951","page","type-page","status-publish","hentry"],"_links":{"self":[{"href":"https:\/\/www.senasa.gob.pe\/senasa\/wp-json\/wp\/v2\/pages\/63951","targetHints":{"allow":["GET"]}}],"collection":[{"href":"https:\/\/www.senasa.gob.pe\/senasa\/wp-json\/wp\/v2\/pages"}],"about":[{"href":"https:\/\/www.senasa.gob.pe\/senasa\/wp-json\/wp\/v2\/types\/page"}],"author":[{"embeddable":true,"href":"https:\/\/www.senasa.gob.pe\/senasa\/wp-json\/wp\/v2\/users\/127"}],"replies":[{"embeddable":true,"href":"https:\/\/www.senasa.gob.pe\/senasa\/wp-json\/wp\/v2\/comments?post=63951"}],"version-history":[{"count":0,"href":"https:\/\/www.senasa.gob.pe\/senasa\/wp-json\/wp\/v2\/pages\/63951\/revisions"}],"wp:attachment":[{"href":"https:\/\/www.senasa.gob.pe\/senasa\/wp-json\/wp\/v2\/media?parent=63951"}],"curies":[{"name":"wp","href":"https:\/\/api.w.org\/{rel}","templated":true}]}}