{"id":71851,"date":"2021-12-23T17:50:41","date_gmt":"2021-12-23T22:50:41","guid":{"rendered":"https:\/\/www.senasa.gob.pe\/senasa\/?page_id=71851"},"modified":"2022-01-04T11:52:11","modified_gmt":"2022-01-04T16:52:11","slug":"convocatoria-mosca-de-la-fruta","status":"publish","type":"page","link":"https:\/\/www.senasa.gob.pe\/senasa\/convocatoria-mosca-de-la-fruta\/","title":{"rendered":"CONVOCATORIA MOSCA DE LA FRUTA"},"content":{"rendered":"<p><strong><span style=\"font-family: helvetica, arial, sans-serif; font-size: 10pt;\">CONVOCATORIA AUXILIARES CUSTODIA PUESTOS DE CONTROL CUARENTENARIO<\/span><\/strong><\/p>\n<ul>\n<li><a href=\"https:\/\/www.senasa.gob.pe\/senasa\/descargasarchivos\/2021\/12\/CONVOCATORIA-AUXILIARES-CUSTODIA-PUESTOS-DE-CONTROL-CUARENTENARIO.pdf\"><span style=\"font-family: helvetica, arial, sans-serif; font-size: 10pt;\">Convocatoria Auxiliares Custodia Puestos De Control Cuarentenario<\/span><\/a><\/li>\n<li><a href=\"https:\/\/www.senasa.gob.pe\/senasa\/descargasarchivos\/2021\/12\/TDR-Auxiliar-Custodio-Campers-PC-Ocobamba.pdf\"><span style=\"font-size: 10pt; font-family: helvetica, arial, sans-serif;\">TDR Auxiliar Custodio Campers PC Ocobamba<\/span><\/a><\/li>\n<li><a href=\"https:\/\/www.senasa.gob.pe\/senasa\/descargasarchivos\/2021\/12\/TDR-Auxiliar-Custodio-M\u00f3dulos-PC-Regi\u00f3n-Cusco.pdf\"><span style=\"font-size: 10pt; font-family: helvetica, arial, sans-serif;\">TDR Auxiliar Custodio M\u00f3dulos PC Regi\u00f3n Cusco<\/span><\/a><\/li>\n<li><a href=\"https:\/\/www.senasa.gob.pe\/senasa\/descargasarchivos\/2021\/12\/DECLARACION-JURADA-1-2-1.pdf\"><span style=\"font-size: 10pt; font-family: helvetica, arial, sans-serif;\">Declaraci\u00f3n Jurada<\/span><\/a><\/li>\n<li><a href=\"https:\/\/www.senasa.gob.pe\/senasa\/descargasarchivos\/2021\/12\/HOJA-DE-VIDA-1.docx\"><span style=\"font-size: 10pt; font-family: helvetica, arial, sans-serif;\">Hoja de Vida<\/span><\/a><\/li>\n<li><a href=\"https:\/\/www.senasa.gob.pe\/senasa\/resultados-10\/\"><span style=\"font-family: helvetica, arial, sans-serif; font-size: 10pt;\">Resultados<\/span><\/a><\/li>\n<\/ul>\n<p><strong><span style=\"font-family: helvetica, arial, sans-serif; font-size: 10pt;\">CONVOCATORIA AUXILIARES Y REVISOR MOSCA DE LA FRUTA<\/span><\/strong><\/p>\n<ul>\n<li><a href=\"https:\/\/www.senasa.gob.pe\/senasa\/descargasarchivos\/2021\/12\/CONVOCATORIA-AUXILIARES-Y-REVISOR-MOSCA-DE-LA-FRUTA.pdf\"><span style=\"font-family: helvetica, arial, sans-serif; font-size: 10pt;\">Convocatoria Auxiliares Y Revisor Mosca De La Fruta<\/span><\/a><\/li>\n<li><a href=\"https:\/\/www.senasa.gob.pe\/senasa\/descargasarchivos\/2021\/12\/DECLARACION-JURADA-1-2-1.pdf\"><span style=\"font-size: 10pt; font-family: helvetica, arial, sans-serif;\">Declaraci\u00f3n Jurada<\/span><\/a><\/li>\n<li><a href=\"https:\/\/www.senasa.gob.pe\/senasa\/descargasarchivos\/2021\/12\/HOJA-DE-VIDA-1.docx\"><span style=\"font-size: 10pt; font-family: helvetica, arial, sans-serif;\">Hoja de Vida<\/span><\/a><\/li>\n<li><a href=\"https:\/\/www.senasa.gob.pe\/senasa\/descargasarchivos\/2021\/12\/TDR-REVISION-TRAMPA-MONITOREADAS-CUSCO.pdf\"><span style=\"font-family: helvetica, arial, sans-serif; font-size: 10pt;\">TDR Revisi\u00f3n de Trampa Monitoreadas\u00a0<\/span><\/a><\/li>\n<li><a href=\"https:\/\/www.senasa.gob.pe\/senasa\/resultados-11\/\"><span style=\"font-family: helvetica, arial, sans-serif; font-size: 10pt;\">Resultados<\/span><\/a><\/li>\n<\/ul>\n<p>&nbsp;<\/p>\n<p>&nbsp;<\/p>\n","protected":false},"excerpt":{"rendered":"<p>CONVOCATORIA AUXILIARES CUSTODIA PUESTOS DE CONTROL CUARENTENARIO Convocatoria Auxiliares Custodia Puestos De Control Cuarentenario TDR Auxiliar Custodio Campers PC Ocobamba TDR Auxiliar Custodio M\u00f3dulos PC Regi\u00f3n Cusco Declaraci\u00f3n Jurada Hoja de Vida Resultados CONVOCATORIA AUXILIARES Y REVISOR MOSCA DE LA FRUTA Convocatoria Auxiliares Y Revisor Mosca De La Fruta Declaraci\u00f3n Jurada Hoja de Vida TDR [&hellip;]<\/p>\n","protected":false},"author":51,"featured_media":0,"parent":0,"menu_order":0,"comment_status":"closed","ping_status":"closed","template":"","meta":{"footnotes":""},"class_list":["post-71851","page","type-page","status-publish","hentry"],"_links":{"self":[{"href":"https:\/\/www.senasa.gob.pe\/senasa\/wp-json\/wp\/v2\/pages\/71851","targetHints":{"allow":["GET"]}}],"collection":[{"href":"https:\/\/www.senasa.gob.pe\/senasa\/wp-json\/wp\/v2\/pages"}],"about":[{"href":"https:\/\/www.senasa.gob.pe\/senasa\/wp-json\/wp\/v2\/types\/page"}],"author":[{"embeddable":true,"href":"https:\/\/www.senasa.gob.pe\/senasa\/wp-json\/wp\/v2\/users\/51"}],"replies":[{"embeddable":true,"href":"https:\/\/www.senasa.gob.pe\/senasa\/wp-json\/wp\/v2\/comments?post=71851"}],"version-history":[{"count":0,"href":"https:\/\/www.senasa.gob.pe\/senasa\/wp-json\/wp\/v2\/pages\/71851\/revisions"}],"wp:attachment":[{"href":"https:\/\/www.senasa.gob.pe\/senasa\/wp-json\/wp\/v2\/media?parent=71851"}],"curies":[{"name":"wp","href":"https:\/\/api.w.org\/{rel}","templated":true}]}}