{"id":73918,"date":"2022-05-30T13:05:14","date_gmt":"2022-05-30T18:05:14","guid":{"rendered":"https:\/\/www.senasa.gob.pe\/senasa\/?page_id=73918"},"modified":"2024-11-27T11:56:36","modified_gmt":"2024-11-27T16:56:36","slug":"politicas-de-privacidad-y-proteccion-de-datos-personales","status":"publish","type":"page","link":"https:\/\/www.senasa.gob.pe\/senasa\/politicas-de-privacidad-y-proteccion-de-datos-personales\/","title":{"rendered":"Pol\u00edticas de privacidad y protecci\u00f3n de datos personales"},"content":{"rendered":"<section>\n<h3 class=\"font-subtitle3 mb-16\" style=\"text-align: justify;\">1. Disposiciones Generales<\/h3>\n<p style=\"text-align: justify;\">SERVICIO NACIONAL DE SANIDAD AGRARIA (\u201c<strong>SENASA<\/strong>\u201d), quiere ofrecerles la mejor experiencia a trav\u00e9s de su servicios; por esa raz\u00f3n, nos interesa cuidar la privacidad de nuestros usuarios, poniendo a disposici\u00f3n el presente documento (la \u201c<strong>Pol\u00edtica<\/strong>\u201d) para informar acerca de las pol\u00edticas y procedimientos relacionados al tratamiento de la informaci\u00f3n y datos personales que recopila de usuarios a trav\u00e9s del sitio web y\/o plataformas virtuales de SENASA (en adelante de manera conjunta, la \u201c<strong>Plataforma<\/strong>\u201d).<\/p>\n<p style=\"text-align: justify;\">La Pol\u00edtica que a continuaci\u00f3n se describe est\u00e1 alineada con la Ley No. 29733, (la \u201cLey de Protecci\u00f3n de Datos personales\u201d), el Decreto Supremo No. 003-2013-JUS por el que se aprueba su Reglamento y la Directiva de Seguridad de la Informaci\u00f3n (en adelante, \u201c<strong>Marco Normativo de Protecci\u00f3n de Datos Personales<\/strong>\u201d).<\/p>\n<p style=\"text-align: justify;\">Los usuarios que accedan a nuestros servicios a trav\u00e9s de la Plataforma, aceptan sujetarse a las disposiciones de esta Pol\u00edtica, aceptan que se recopile su informaci\u00f3n personal a trav\u00e9s de cuestionarios, registros, formularios electr\u00f3nicos, entre otros otorgados y\/o requeridos virtualmente en la Plataforma, y autorizan a SENASA a hacer uso y realizar el tratamiento de toda la informaci\u00f3n que brinde a SENASA .<\/p>\n<p style=\"text-align: justify;\">SENASA se reserva el derecho a modificar la Pol\u00edtica de Privacidad, lo cual ser\u00e1 comunicado v\u00eda correo electr\u00f3nico con razonable anticipaci\u00f3n a su entrada en vigencia.<\/p>\n<\/section>\n<section>\n<h3 class=\"font-subtitle3 mb-16\">2. Definiciones<\/h3>\n<p>Sin perjuicio de los t\u00e9rminos definidos en diversas secciones del presente documento, los t\u00e9rminos aqu\u00ed utilizados con la primera letra may\u00fascula y que no sean definidos de forma diversa, tendr\u00e1n el significado que a continuaci\u00f3n se les atribuye, pudiendo ser utilizados en masculino, femenino o neutro, as\u00ed como en singular o en plural, indistintamente y seg\u00fan el contexto:<\/p>\n<ul>\n<li>\u201c<strong>Cookie<\/strong>\u201d: Es el archivo de datos que se almacena en el dispositivo del usuario cuando \u00e9ste tiene acceso al Sitio.<\/li>\n<li>\u201c<strong>Encargado de Tratamiento<\/strong>\u201d: Persona natural o persona jur\u00eddica que recopile, almacene, conserve, utilice, bloquee o suprima datos personales de los Usuarios por encargo de SENASA , en virtud de una relaci\u00f3n jur\u00eddica que le vincula con el mismo y delimita el \u00e1mbito de su actuaci\u00f3n.<\/li>\n<li>\u201c<strong>Usuario<\/strong>\u201d y\/o \u201c<strong>Usuarios<\/strong>\u201d: Aquella persona natural, persona natural con negocio, o persona jur\u00eddica que se registran en la APP con la finalidad de registrar o consultar informaci\u00f3n del SENASA.<\/li>\n<li>\u201c<strong>Plataforma<\/strong>\u201d: Incluye: (i) el sitio web de Internet www.senasa.gob.pe y, (ii) las correspondientes aplicaciones para dispositivos m\u00f3viles. La Pol\u00edtica de Privacidad se aplica s\u00f3lo a la informaci\u00f3n que los Usuarios nos proporcionan a trav\u00e9s de las Aplicaciones.<\/li>\n<li>\u201c<strong>Datos Personales<\/strong>\u201d: Toda informaci\u00f3n sobre una persona natural que la identifica o la hace identificable a trav\u00e9s de medios que pueden ser razonablemente utilizados; tal como, sus nombres, apellidos, n\u00famero de DNI, n\u00famero de tel\u00e9fono, correo electr\u00f3nico, entre otros, que SENASA considere conveniente solicitar, a fin de poder brindar los servicios y\/o productos ofrecidos en la Plataforma de manera adecuada.<\/li>\n<li>\u201c<strong>Informaci\u00f3n General<\/strong>\u201d: Por s\u00ed misma, no permite identificar al Usuario, pero que podr\u00e1 ser requerida por SENASA para brindar sus servicios.<\/li>\n<\/ul>\n<p>En adelante, se entender\u00e1 que la expresi\u00f3n \u201cDatos Personales\u201d har\u00e1 referencia a la Informaci\u00f3n Personal y a la Informaci\u00f3n General brindada por los Usuarios.<\/p>\n<\/section>\n<section>\n<h3 class=\"font-subtitle3 mb-16\">3. \u00bfQu\u00e9 informaci\u00f3n\/datos personales recolectamos y tratamos?<\/h3>\n<p>Si el Usuario desea acceder a los servicios ofrecidos por la <strong>Plataforma<\/strong>, deber\u00e1 registrarse completando el formulario de registro con su Informaci\u00f3n Personal\/datos personales; incluyendo: su n\u00famero de tel\u00e9fono, direcci\u00f3n de correo electr\u00f3nica, nombres completos, un nombre de usuario, una contrase\u00f1a o ingresar a la <strong>Plataforma <\/strong>usando su usuario y clave generados por el SENASA y que usted usa para acceder a nuestros sistemas Cliente \/ Servidor<\/p>\n<p>Asimismo, recopilamos informaci\u00f3n del Usuario relacionada al: (i) contenido compartido dentro de la <strong>Plataforma<\/strong>, SENASA podr\u00e1 solicitar otros Datos Personales que considere conveniente en su momento.<\/p>\n<p>Sin perjuicio de lo detallado l\u00edneas arriba, por motivos de seguridad, SENASA no recopila y almacena: (i) datos sobre las cuentas del usuario en otros servicios, salvo est\u00e9n conectadas a la cuenta de SENASA.<\/p>\n<\/section>\n<section>\n<h3 class=\"font-subtitle3 mb-16\">4. \u00bfPara qu\u00e9 recolectamos y utilizamos los datos de usuario?<\/h3>\n<p>SENASA recolectar\u00e1 y utilizar\u00e1 la informaci\u00f3n que recopila para: (i) presentar la <strong>Plataforma <\/strong>y sus contenidos; (ii) proporcionar y coordinar con el Usuario la informaci\u00f3n de los servicios que soliciten; (iii) notificar al Usuario sobre cambios en la <strong>Plataforma<\/strong>; (iv) permitir al Usuario participar en funciones interactivas de la <strong>Plataforma<\/strong>; (v) brindar soporte al Usuario; (vi) validar la veracidad de la informaci\u00f3n proporcionada; (vii) actualizar y consultar datos de contacto y otra informaci\u00f3n relevante; (viii) atender las consultas y solicitudes del Usuario; (ix) gestionar las preferencias de los Usuarios respecto de sus cuentas, (x) realizar estudios estad\u00edsticos necesarios para potenciar los servicios de la <strong>Plataforma <\/strong>y se logre mejorar la experiencia del Usuario; as\u00ed como tendencias y tr\u00e1fico, y de los datos de uso. (xi) garantizar el cumplimiento de los protocolos de seguridad de la informaci\u00f3n; entre otras finalidades que se encuentren relacionadas con el servicio brindado por la <strong>Plataforma <\/strong>al Usuario; y (xii) facilitar el funcionamiento t\u00e9cnico de los servicios, lo que incluye la soluci\u00f3n de problemas, la seguridad de los servicios y la prevenci\u00f3n del fraude y el uso indebido.<\/p>\n<p>Salvo que se indique lo contrario en esta secci\u00f3n de nuestra Pol\u00edtica, no compartiremos su Informaci\u00f3n Personal con cualquier tercero sin su autorizaci\u00f3n, salvo que sea necesario para la ejecuci\u00f3n de la relaci\u00f3n contractual y para las actualizaciones que se puedan dar en la Plataforma.<\/p>\n<p>Asimismo, los Datos Personales del Usuario ser\u00e1n utilizados, incluyendo, pero sin limitarse, en los siguientes casos:<\/p>\n<ol>\n<li><strong>Administraci\u00f3n del sistema<\/strong>: Podremos utilizar los Datos Personales del Usuario para los fines de la administraci\u00f3n de nuestros sistemas, la asistencia en el diagn\u00f3stico de problemas con los servidores, la supervisi\u00f3n del rendimiento y del tr\u00e1fico de nuestros sistemas, y reunir informaci\u00f3n demogr\u00e1fica.<\/li>\n<li><strong>Proveedores de Servicios<\/strong>: En caso decidamos solicitar los servicios de terceros en los que est\u00e9n involucrados los Datos Personales del Usuario (por ejemplo, servicios de seguridad, pasarela de pagos, gesti\u00f3n y almacenamiento de datos, call centers, entre otros), transferiremos los Datos Personales del Usuario que sean necesarios para que los proveedores puedan llevar a cabo sus servicios, ya sea a empresas proveedores de servicios nacionales o internacionales. Oblig\u00e1ndose en dicho caso estos \u00faltimos a mantener la confidencialidad sobre la Informaci\u00f3n a la que tenga o pudieran tener acceso, incluyendo sus empleados o proveedores. Cabe se\u00f1alar que SENASA no se har\u00e1 responsable por las obligaciones que correspondan a los Proveedores de Servicios.<\/li>\n<li><strong>Otros tipos de divulgaci\u00f3n<\/strong>: Sin perjuicio de cualquier disposici\u00f3n en contrario, contenida en esta Pol\u00edtica, nos reservamos el derecho, y por la presente, el Usuario nos autoriza expresamente, a compartir su <strong>Informaci\u00f3n Personal o Informaci\u00f3n General<\/strong>: (1) en respuesta a citaciones, \u00f3rdenes judiciales o procesos legales o administrativos de cualquier naturaleza, o para establecer, proteger o ejercer nuestros derechos legales o defendernos contra demandas, procedimientos administrativos e investigaciones de cualquier naturaleza; (2) si creemos que es necesario para investigar, prevenir o tomar acci\u00f3n respecto de actividades potencialmente ilegales, fraude, o situaciones que implican amenazas potenciales a la seguridad de cualquier persona o propiedad; (3) si creemos necesario investigar, prevenir o tomar acci\u00f3n respecto del abuso significativo de la infraestructura de la Plataforma, ataques de denegaci\u00f3n de servicio, o los intentos de comprometer la seguridad de la Informaci\u00f3n); y (4) si fu\u00e9ramos adquiridos o fusionada con otra entidad, y en los casos de reorganizaciones societarias, venta de activos o quiebra.<\/li>\n<li><strong>Encuestas<\/strong>: Podemos enviar a su correo electr\u00f3nico y\/o a trav\u00e9s de mensajes de texto o cualquier otro medio disponible, encuestas sobre los servicios que brindamos a trav\u00e9s de la Plataforma, y\/o sobre cualquier otro tema de inter\u00e9s para garantizar la mejora de nuestros servicios.<\/li>\n<\/ol>\n<p>En virtud a lo anteriormente se\u00f1alado, SENASA transfiere Informaci\u00f3n Personal a nivel nacional de los Usuarios por las finalidades detalladas en el presente punto, para lo cual los Usuarios brindan su consentimiento informado, previo y expreso.<\/p>\n<\/section>\n<section>\n<h3 class=\"font-subtitle3 mb-16\">5. Derechos de los Usuarios<\/h3>\n<p>Los Usuarios podr\u00e1n acceder, rectificar, oponerse y cancelar sus Datos Personales (\u201cDerechos Arco\u201d), as\u00ed como los dem\u00e1s derechos concedidos por la Ley, los mismos que se podr\u00e1n ejercer mediante solicitud dirigida al siguiente correo:\u00a0<a class=\"link-light link-level4 font-body3\" href=\"mailto:webmaster@senasa.gob.pe\">datospersonales@senasa.gob.pe<\/a>.<\/p>\n<p>El proceder de SENASA ante el ejercicio de los Derechos Arco por parte del Usuario est\u00e1 subordinado a las disposiciones y los plazos que establece el Marco Normativo de Protecci\u00f3n de Datos Personales.<\/p>\n<p>Sin perjuicio de lo anterior, SENASA podr\u00e1 conservar determinada informaci\u00f3n del Usuario que solicita la baja, a fin de que sirva de prueba ante una eventual reclamaci\u00f3n contra SENASA por responsabilidades derivadas del tratamiento de dicha informaci\u00f3n. La duraci\u00f3n de dicha conservaci\u00f3n no podr\u00e1 ser superior al plazo de prescripci\u00f3n legal de dichas responsabilidades.<\/p>\n<\/section>\n<section>\n<h3 class=\"font-subtitle3 mb-16\">6. \u00bfC\u00f3mo un usuario puede solicitar el acceso, rectificaci\u00f3n, cancelaci\u00f3n y\/o oposici\u00f3n de sus datos personales?<\/h3>\n<p>Conforme a los derechos ARCO, el usuario tiene los siguientes derechos:<\/p>\n<p>1. Derecho de acceso: Te permite saber en el banco de datos de SENASA si tus datos personales est\u00e1n siendo usados y adem\u00e1s, solicitar la informaci\u00f3n sobre el origen de dichos datos.<\/p>\n<p>2. Derecho de rectificaci\u00f3n: Te permite actualizar o completar tus datos personales faltantes. Debes precisar qu\u00e9 datos deseas modificar o agregar en la solicitud y adjuntar un documento que lo valide.<\/p>\n<p>3. Derecho de cancelaci\u00f3n: Te da la facultad de solicitar la eliminaci\u00f3n de tus datos personales siempre y cuando:<\/p>\n<ul>\n<li>Hayan dejado de ser necesarios sobre el origen de la recopilaci\u00f3n.<\/li>\n<li>Haya vencido el plazo establecido con el contrato de tus servicios.<\/li>\n<\/ul>\n<p>La eliminaci\u00f3n no proceder\u00e1 cuando los datos personales deban ser conservados por razones estrictas a las leyes aplicables o relaci\u00f3n entre responsable y titular.<\/p>\n<p>4. Derecho de oposici\u00f3n: Si en caso est\u00e9n usando tus datos personales para otros motivos diferencias a los originarios, podr\u00e1s generar una solicitud para restringir su uso.<\/p>\n<p>Deber\u00e1s indicar y fundamentar qu\u00e9 dato personal deseas restringir el uso.<\/p>\n<\/section>\n<section>\n<h3 class=\"font-subtitle3 mb-16\">7. Incorporaci\u00f3n de los Datos Personales en un Banco de Datos<\/h3>\n<\/section>\n<section>De acuerdo a lo establecido en el Marco Normativo de Protecci\u00f3n de Datos Personales, SENASA informa a los Usuarios de la Plataforma que la Informaci\u00f3n Personal del Usuario ser\u00e1 incorporada a los bancos de datos de titularidad de SENASA. Los bancos de datos ser\u00e1n almacenados por medio de Servidores Internos y el tiempo de conservaci\u00f3n de los datos ser\u00e1 de acuerdo a la finalidad de su almacenamiento. Sin perjuicio de ello, mediante la presente se autoriza a SENASA a conservar determinada informaci\u00f3n tras el cumplimiento de la finalidad; a fin de que, sirva de prueba ante un eventual reclamo contra SENASA por responsabilidades derivadas del tratamiento de dicha informaci\u00f3n. En ese sentido, a trav\u00e9s de la presente Pol\u00edtica el Usuario da su consentimiento expreso para la inclusi\u00f3n de su Informaci\u00f3n Personal en los mencionados bancos de datos.<\/section>\n<section>\n<h3 class=\"font-subtitle3 mb-16\">8. Sobre las medidas de seguridad<\/h3>\n<p>SENASA garantiza la protecci\u00f3n de los Datos Personales del Usuario y evita su alteraci\u00f3n, p\u00e9rdida, tratamiento y\/o acceso no autorizado, habida cuenta de la naturaleza de los datos almacenados y los riesgos a que est\u00e1n expuestos, todo ello, conforme a lo establecido en el Marco Normativo de Protecci\u00f3n de Datos Personales.<\/p>\n<p>SENASA emplea diversas medidas de seguridad para evitar accesos no autorizados, malos usos o divulgaci\u00f3n con tecnolog\u00eda y procesos utilizados en la industria. Sin perjuicio de ello, SENASA no se hace responsable por interceptaciones ilegales o violaci\u00f3n de sus sistemas o bases de datos por parte de personas no autorizadas, as\u00ed como la indebida utilizaci\u00f3n de la informaci\u00f3n obtenida por esos medios, o de cualquier intromisi\u00f3n ileg\u00edtima que escape al control de SENASA y que no le sea imputable.<\/p>\n<p>SENASA no se hace responsable de posibles da\u00f1os o perjuicios que se pudiesen derivar de interferencias, omisiones, interrupciones, virus inform\u00e1ticos, aver\u00edas telef\u00f3nicas o desconexiones en el funcionamiento operativo del sistema electr\u00f3nico, de retrasos o bloqueos en el uso de la Plataforma, motivados por causas ajenas a SENASA.<\/p>\n<p>De igual manera, SENASA no asume responsabilidad alguna por los posibles da\u00f1os, multas o acciones legales que se pudieran ocasionar con motivo del incumplimiento de las obligaciones de los Servidores Externos contratados para la Plataforma.<\/p>\n<p>Adicionalmente, la Plataforma de SENASA puede contener enlaces a otros sitios web, sin embargo, no asume responsabilidad por el contenido de las pol\u00edticas de privacidad y\/o pr\u00e1cticas de otros sitios web. Cuando un Usuario acceda a un enlace que lo redirija a otro sitio web, \u00e9ste deber\u00e1 aceptar y sujetarse a la pol\u00edtica de privacidad de dicho sitio web.<\/p>\n<\/section>\n<section>\n<h3 class=\"font-subtitle3 mb-16\">9. Flujo transfronterizo de datos<\/h3>\n<p>Si los servidores, proveedores y\/u ordenadores utilizados por SENASA\u00a0 para prestar sus servicios pudieran estar ubicados fuera del pa\u00eds u bajo otra jurisdicci\u00f3n gubernamental. El Usuario autoriza a SENASA a transferir, almacenar y procesar sus Datos Personales a nivel internacional (\u201cFlujo Transfronterizo\u201d) de acuerdo a las disposiciones establecidas en Marco Normativo de Protecci\u00f3n de Datos Personales, para lo cual manifiesta su consentimiento previo, informado, libre, expreso e inequ\u00edvoco.<\/p>\n<\/section>\n<section>\n<h3 class=\"font-subtitle3 mb-16\">10. Sobre la Veracidad de los Datos Personales<\/h3>\n<p>Cada Usuario es responsable por la veracidad, exactitud, vigencia y autenticidad de la informaci\u00f3n suministrada, y se compromete a mantenerla debidamente actualizada. Sin perjuicio de lo anterior, el Usuario autoriza a SENASA, si as\u00ed lo considera pertinente, a verificar la veracidad de los Datos Personales facilitados, a trav\u00e9s de informaci\u00f3n obtenida de fuentes de acceso p\u00fablico o de entidades especializadas en la provisi\u00f3n de dicha informaci\u00f3n.<\/p>\n<\/section>\n<section>\n<h3 class=\"font-subtitle3 mb-16\">11. Informaci\u00f3n Personal solicitada por autoridades p\u00fablicas<\/h3>\n<p>SENASA se compromete a no divulgar o compartir los Datos Personales del Usuario, sin que el Usuario haya prestado el debido consentimiento para ello, con excepci\u00f3n de las solicitudes de informaci\u00f3n de autoridades p\u00fablicas en ejercicio de sus funciones y el \u00e1mbito de sus competencias; en virtud de \u00f3rdenes judiciales y\/o disposiciones legales.<\/p>\n<\/section>\n<section>\n<h3 class=\"font-subtitle3 mb-16\">12. Cookies y otra informaci\u00f3n<\/h3>\n<p>Utilizamos la direcci\u00f3n IP del usuario para identificar problemas, administrar la Plataforma e identificar patrones de comportamiento del tr\u00e1fico. Tambi\u00e9n se utilizan cookies o tecnolog\u00eda similar para poder ofrecerle contenido acorde a sus intereses y para almacenar su contrase\u00f1a y as\u00ed el Usuario no tenga que ingresarla nuevamente cada vez que regresa a la Plataforma, es importante mencionar que, empleamos distintos tipos de cookies, herramientas de recopilaci\u00f3n de datos, an\u00e1lisis de perfiles y publicidad en l\u00ednea. En ese sentido, a fin de que cuente con la informaci\u00f3n a detalle, le solicitamos revisar la Pol\u00edtica de Uso de Cookies de SENASA <a href=\"https:\/\/www.senasa.gob.pe\/senasa\/politica-de-cookies\">https:\/\/www.senasa.gob.pe\/senasa\/politica-de-cookies<\/a><\/p>\n<\/section>\n<section>\n<h3 class=\"font-subtitle3 mb-16\">13. Consentimiento<\/h3>\n<p>Los Usuarios declaran haber le\u00eddo de manera previa y brindan su consentimiento libre, expreso, inequ\u00edvoco e informado para que SENASA realice el tratamiento de sus Datos Personales; asimismo, manifiestan haber sido informados sobre qu\u00e9 informaci\u00f3n se recopila, la forma en qu\u00e9 se realizar\u00e1 y la finalidad de la recopilaci\u00f3n de los Datos Personales.<\/p>\n<\/section>\n<section>\n<h3 class=\"font-subtitle3 mb-16\">14. Menores de edad<\/h3>\n<p>Los Usuarios declaran haber le\u00eddo de manera previa y brindan su consentimiento libre, expreso, inequ\u00edvoco e informado para que SENASA realice el tratamiento de sus Datos Personales; asimismo, manifiestan haber sido informados sobre qu\u00e9 informaci\u00f3n se recopila, la forma en qu\u00e9 se realizar\u00e1 y la finalidad de la recopilaci\u00f3n de los Datos Personales.<\/p>\n<p>En el supuesto de que SENASA recopile y realice el tratamiento de los Datos Personales de menores de edad, necesarios e indispensables para el desarrollo de la relaci\u00f3n contractual con el Usuario menor de edad; SENASA informar\u00e1 al titular del dato personal y\/o a su tutor legal, sobre las finalidades del tratamiento de los Datos Personales, conforme con lo establecido en el art\u00edculo 14 de la Ley de Protecci\u00f3n de Datos Personales.<\/p>\n<\/section>\n<section>\n<h3 class=\"font-subtitle3 mb-16\">15. Actualizaci\u00f3n de la Pol\u00edtica<\/h3>\n<p>SENASA se reserva expresamente el derecho a modificar y\/o actualizar en cualquier momento la presente Pol\u00edtica, de acuerdo a las modificaciones o exigencias de la regulaci\u00f3n o por adecuaciones propias del servicio realizadas a criterio de SENASA.<\/p>\n<p>Toda modificaci\u00f3n y\/o actualizaci\u00f3n producida en la presente Pol\u00edtica entrar\u00e1 en vigencia desde su publicaci\u00f3n en la Plataforma.<\/p>\n<p>Asimismo, SENASA realizar\u00e1 su mayor esfuerzo para notificarle los Usuarios de dichas modificaciones a trav\u00e9s de su correo registrado o haciendo una publicaci\u00f3n la Plataforma.<\/p>\n<\/section>\n<section>\n<h3 class=\"font-subtitle3 mb-16\" style=\"text-align: justify;\">17. Legislaci\u00f3n aplicable<\/h3>\n<p style=\"text-align: justify;\">Las Pol\u00edticas de Privacidad se rigen y se interpretan de acuerdo con las leyes vigentes en la Rep\u00fablica del Per\u00fa, sujet\u00e1ndose a la competencia y jurisdicci\u00f3n de los Jueces y Tribunales de Lima, Per\u00fa.<\/p>\n<\/section>\n","protected":false},"excerpt":{"rendered":"<p>1. Disposiciones Generales SERVICIO NACIONAL DE SANIDAD AGRARIA (\u201cSENASA\u201d), quiere ofrecerles la mejor experiencia a trav\u00e9s de su servicios; por esa raz\u00f3n, nos interesa cuidar la privacidad de nuestros usuarios, poniendo a disposici\u00f3n el presente documento (la \u201cPol\u00edtica\u201d) para informar acerca de las pol\u00edticas y procedimientos relacionados al tratamiento de la informaci\u00f3n y datos personales [&hellip;]<\/p>\n","protected":false},"author":53,"featured_media":0,"parent":0,"menu_order":0,"comment_status":"closed","ping_status":"closed","template":"","meta":{"footnotes":""},"class_list":["post-73918","page","type-page","status-publish","hentry"],"_links":{"self":[{"href":"https:\/\/www.senasa.gob.pe\/senasa\/wp-json\/wp\/v2\/pages\/73918","targetHints":{"allow":["GET"]}}],"collection":[{"href":"https:\/\/www.senasa.gob.pe\/senasa\/wp-json\/wp\/v2\/pages"}],"about":[{"href":"https:\/\/www.senasa.gob.pe\/senasa\/wp-json\/wp\/v2\/types\/page"}],"author":[{"embeddable":true,"href":"https:\/\/www.senasa.gob.pe\/senasa\/wp-json\/wp\/v2\/users\/53"}],"replies":[{"embeddable":true,"href":"https:\/\/www.senasa.gob.pe\/senasa\/wp-json\/wp\/v2\/comments?post=73918"}],"version-history":[{"count":1,"href":"https:\/\/www.senasa.gob.pe\/senasa\/wp-json\/wp\/v2\/pages\/73918\/revisions"}],"predecessor-version":[{"id":106596,"href":"https:\/\/www.senasa.gob.pe\/senasa\/wp-json\/wp\/v2\/pages\/73918\/revisions\/106596"}],"wp:attachment":[{"href":"https:\/\/www.senasa.gob.pe\/senasa\/wp-json\/wp\/v2\/media?parent=73918"}],"curies":[{"name":"wp","href":"https:\/\/api.w.org\/{rel}","templated":true}]}}