{"id":73934,"date":"2022-05-30T15:36:36","date_gmt":"2022-05-30T20:36:36","guid":{"rendered":"https:\/\/www.senasa.gob.pe\/senasa\/?page_id=73934"},"modified":"2024-11-27T12:03:07","modified_gmt":"2024-11-27T17:03:07","slug":"politica-de-cookies","status":"publish","type":"page","link":"https:\/\/www.senasa.gob.pe\/senasa\/politica-de-cookies\/","title":{"rendered":"Pol\u00edtica de cookies"},"content":{"rendered":"<section>\n<h3 class=\"font-subtitle3 mb-16\" style=\"text-align: justify;\">\u00bfQu\u00e9 son las cookies?<\/h3>\n<p style=\"text-align: justify;\">Las cookies son peque\u00f1os archivos planos guardados por su navegador mientras navega por los sitios web. Se pueden usar para almacenar, recopilar y almacenar datos sobre sus actividades en los sitios web, incluso en SENASA. Las cookies tambi\u00e9n nos permiten recordar cosas sobre sus visitas a SENASA, como su moneda de preferencia, y hacer que el sitio sea m\u00e1s f\u00e1cil de usar.<\/p>\n<p style=\"text-align: justify;\">Utilizamos cookies de sesi\u00f3n, que caducan despu\u00e9s de un tiempo determinado, estas cookies permanecen almacenadas en su navegador. Utilizamos cookies de sesi\u00f3n para identificarlo durante una sola sesi\u00f3n de navegaci\u00f3n, como cuando inicia sesi\u00f3n en SENASA.<\/p>\n<\/section>\n<section>\n<h3 class=\"font-subtitle3 mb-16\">\u00bfPor qu\u00e9 SENASA usa cookies?<\/h3>\n<p>Usamos cookies y tecnolog\u00edas similares, p\u00edxeles para entregar, medir y mejorar nuestros servicios y experiencia de usuario de varias maneras. Utilizamos estas cookies cuando visita nuestro sitio web a trav\u00e9s de un navegador. A medida que adoptamos tecnolog\u00edas adicionales, tambi\u00e9n podemos recopilar datos adicionales a trav\u00e9s de otros m\u00e9todos.<\/p>\n<\/section>\n<section>\n<h3 class=\"font-subtitle3 mb-16\">Usamos cookies para los siguientes prop\u00f3sitos:<\/h3>\n<h3 class=\"font-subtitle3 mb-16\">Autenticaci\u00f3n y seguridad<\/h3>\n<p>Para iniciar sesi\u00f3n en SENASA.<\/p>\n<\/section>\n<section>\n<h3 class=\"font-subtitle3 mb-16\">Preferencias del sitio<\/h3>\n<p>Para recordar datos sobre su navegador y sus preferencias de moneda. Para recordar su configuraci\u00f3n y otras opciones que ha realizado durante su sesi\u00f3n de aprendizaje.<\/p>\n<p>Por ejemplo, las cookies nos ayudan a recordar su moneda preferida o la configuraci\u00f3n del reproductor que utiliza, de modo que podemos mantener su configuraci\u00f3n preferida sin preguntar cada vez que nos visite.<\/p>\n<\/section>\n<section>\n<h3 class=\"font-subtitle3 mb-16\">Anal\u00edtica e investigaci\u00f3n<\/h3>\n<p>Para ayudarnos a mejorar y comprender c\u00f3mo las personas usan SENASA.<\/p>\n<p>Tambi\u00e9n trabajamos con herramientas anal\u00edticas como Google Analytics, Facebook Pixel, que utilizan cookies y tecnolog\u00edas similares para ayudarnos a comprender y analizar c\u00f3mo los usuarios usan nuestro sitio y servicios. Esos proveedores de servicios pueden recopilar esos datos ellos mismos o nosotros podemos divulgarlos.<\/p>\n<p>Puede optar por excluirse de algunos de estos servicios a trav\u00e9s de herramientas como el complemento de exclusi\u00f3n de navegador de Google Analytics y la cookie de exclusi\u00f3n de Hotjar.<\/p>\n<\/section>\n<section>\n<h3 class=\"font-subtitle3 mb-16\">Publicidad<\/h3>\n<p>Para proporcionarle publicidad m\u00e1s relevante<\/p>\n<p>Para obtener m\u00e1s informaci\u00f3n sobre las cookies de orientaci\u00f3n y publicidad, y sobre c\u00f3mo puede optar por no participar, visite www.allaboutcookies.org\/manage-cookies\/index.html o, si se encuentra en la Uni\u00f3n Europea, visite el sitio de Your Online Choices.<\/p>\n<p>Tenga en cuenta que cuando la tecnolog\u00eda publicitaria est\u00e1 integrada en los Servicios, a\u00fan puede recibir publicidad en otros sitios web y aplicaciones, pero no se adaptar\u00e1 a sus intereses.<\/p>\n<\/section>\n<section>\n<h3 class=\"font-subtitle3 mb-16\">\u00bfCu\u00e1les son mis opciones de privacidad?<\/h3>\n<p>Tiene varias opciones para controlar o limitar la forma en que nosotros y nuestros socios utilizamos las cookies:<\/p>\n<p>La mayor\u00eda de los navegadores aceptan de forma autom\u00e1tica las cookies, pero puede cambiar la configuraci\u00f3n de su navegador para desactivar\/bloquear\/rechazar las cookies, puede consultar art\u00edculos de soporte de su navegador. Si decide rechazar las cookies, tenga en cuenta que es posible que no pueda iniciar sesi\u00f3n, personalizar o utilizar algunas funciones interactivas en nuestro sitio web.<\/p>\n<p>Para obtener informaci\u00f3n y controlar las cookies utilizadas para publicidad personalizada de las empresas participantes, consulte las p\u00e1ginas de exclusi\u00f3n voluntaria para la Iniciativa publicitaria en red y la Alianza publicitaria digital, o si se encuentra en la Uni\u00f3n Europea, visite el sitio Su elecci\u00f3n en l\u00ednea. Para inhabilitar la publicidad gr\u00e1fica de Google Analytics o personalizar los anuncios de la Red de Display de Google, visite la p\u00e1gina Configuraci\u00f3n de Anuncios de Google.<\/p>\n<p>Para obtener informaci\u00f3n general sobre c\u00f3mo orientar las cookies y c\u00f3mo deshabilitarlas, visite\u00a0<a class=\"link-light link-level4 font-body3\" href=\"https:\/\/www.crehana.com\/legal\/politica-de-cookies\/www.allaboutcookies.org\">www.allaboutcookies.org<\/a>.<\/p>\n<\/section>\n<section>\n<h3 class=\"font-subtitle3 mb-16\" style=\"text-align: justify;\">Actualizaciones e informaci\u00f3n de contacto<\/h3>\n<p style=\"text-align: justify;\">De vez en cuando, podemos actualizar esta Pol\u00edtica de cookies. Si lo hacemos, le notificaremos publicando la pol\u00edtica en nuestro sitio con una nueva fecha de vigencia. Si hacemos alg\u00fan cambio importante, tomaremos medidas razonables para notificarle con anticipaci\u00f3n sobre el cambio planificado.<\/p>\n<p style=\"text-align: justify;\">Si tiene alguna pregunta sobre nuestro uso de cookies, env\u00edenos un correo electr\u00f3nico a <a href=\"mailto:webmaster@senasa.gob.pe\">datospersonales@senasa.gob.pe<\/a> .<\/p>\n<\/section>\n","protected":false},"excerpt":{"rendered":"<p>\u00bfQu\u00e9 son las cookies? Las cookies son peque\u00f1os archivos planos guardados por su navegador mientras navega por los sitios web. Se pueden usar para almacenar, recopilar y almacenar datos sobre sus actividades en los sitios web, incluso en SENASA. Las cookies tambi\u00e9n nos permiten recordar cosas sobre sus visitas a SENASA, como su moneda de [&hellip;]<\/p>\n","protected":false},"author":53,"featured_media":0,"parent":0,"menu_order":0,"comment_status":"closed","ping_status":"closed","template":"","meta":{"footnotes":""},"class_list":["post-73934","page","type-page","status-publish","hentry"],"_links":{"self":[{"href":"https:\/\/www.senasa.gob.pe\/senasa\/wp-json\/wp\/v2\/pages\/73934","targetHints":{"allow":["GET"]}}],"collection":[{"href":"https:\/\/www.senasa.gob.pe\/senasa\/wp-json\/wp\/v2\/pages"}],"about":[{"href":"https:\/\/www.senasa.gob.pe\/senasa\/wp-json\/wp\/v2\/types\/page"}],"author":[{"embeddable":true,"href":"https:\/\/www.senasa.gob.pe\/senasa\/wp-json\/wp\/v2\/users\/53"}],"replies":[{"embeddable":true,"href":"https:\/\/www.senasa.gob.pe\/senasa\/wp-json\/wp\/v2\/comments?post=73934"}],"version-history":[{"count":1,"href":"https:\/\/www.senasa.gob.pe\/senasa\/wp-json\/wp\/v2\/pages\/73934\/revisions"}],"predecessor-version":[{"id":106597,"href":"https:\/\/www.senasa.gob.pe\/senasa\/wp-json\/wp\/v2\/pages\/73934\/revisions\/106597"}],"wp:attachment":[{"href":"https:\/\/www.senasa.gob.pe\/senasa\/wp-json\/wp\/v2\/media?parent=73934"}],"curies":[{"name":"wp","href":"https:\/\/api.w.org\/{rel}","templated":true}]}}