{"id":7703,"date":"2014-12-02T02:18:16","date_gmt":"2014-12-02T02:18:16","guid":{"rendered":"http:\/\/200.60.104.74\/senasa\/?page_id=7703"},"modified":"2020-06-26T12:33:10","modified_gmt":"2020-06-26T17:33:10","slug":"especies-beneficas-producidas-por-laboratorios-en-convenio","status":"publish","type":"page","link":"https:\/\/www.senasa.gob.pe\/senasa\/especies-beneficas-producidas-por-laboratorios-en-convenio\/","title":{"rendered":"Especies Ben\u00e9ficas Producidas por Laboratorios en Convenio"},"content":{"rendered":"<p style=\"text-align: center;\"><span style=\"font-family: helvetica, arial, sans-serif; font-size: 14pt;\"><strong>LABORATORIOS DE AGENTES DE CONTROL BIOL\u00d3GICO (ACB)<\/strong><\/span><\/p>\n<p><span style=\"font-family: helvetica, arial, sans-serif;\"><strong>\u00a0<\/strong>Para la atenci\u00f3n de los pedidos de ACB requeridos por usuarios de las diferentes zonas agr\u00edcolas, se les env\u00eda una lista de laboratorios con los cuales pueden coordinar su atenci\u00f3n <strong>recomendando al usuario que debe de exigir el \u00faltimo control de calidad vigente realizado por SENASA<\/strong> al agente de control biol\u00f3gico de su inter\u00e9s.<\/span><\/p>\n<p>&nbsp;<\/p>\n<p style=\"text-align: left;\"><span style=\"font-family: helvetica, arial, sans-serif; font-size: 14pt;\"><strong>LABORATORIOS QUE PRODUCEN HONGOS BENEFICOS<\/strong><\/span><\/p>\n<p><strong>\u00a0<\/strong><\/p>\n<table width=\"0\">\n<tbody>\n<tr>\n<td style=\"text-align: center;\" width=\"162\"><span style=\"font-family: helvetica, arial, sans-serif;\"><strong>LABORATORIO<\/strong><\/span><\/td>\n<td style=\"text-align: center;\" width=\"84\"><span style=\"font-family: helvetica, arial, sans-serif;\"><strong>CONTACTO<\/strong><\/span><\/td>\n<td style=\"text-align: center;\" width=\"115\"><span style=\"font-family: helvetica, arial, sans-serif;\"><strong>ACB<\/strong><\/span><\/td>\n<td style=\"text-align: center;\" width=\"196\"><span style=\"font-family: helvetica, arial, sans-serif;\"><strong>CORREO<\/strong><\/span><\/td>\n<td style=\"text-align: center;\" width=\"80\"><span style=\"font-family: helvetica, arial, sans-serif;\"><strong>LUGAR<\/strong><\/span><\/td>\n<td style=\"text-align: center;\" width=\"102\"><span style=\"font-family: helvetica, arial, sans-serif;\"><strong>Tel\u00e9fonos<\/strong><\/span><\/td>\n<\/tr>\n<tr>\n<td width=\"162\">SOLAGRO<\/td>\n<td width=\"84\">Ing. Diana Moreno<\/td>\n<td width=\"115\"><em>P. lilacinum, <\/em><\/p>\n<p><em>Trichoderma viride<\/em><\/p>\n<p><em>T. harzianum<\/em><\/p>\n<p><em>B. basiana<\/em><\/td>\n<td width=\"196\"><a href=\"mailto:solagrosac@gmail.com\">solagrosac@gmail.com<\/a><\/td>\n<td width=\"80\">Trujillo<\/td>\n<td width=\"102\">444 23493<\/p>\n<p>994 108 198<\/p>\n<p>949 168 303<\/td>\n<\/tr>\n<tr>\n<td width=\"162\">BIOAPLICA<\/td>\n<td width=\"84\">\u00a0Blg. Jennifer Rivas<\/td>\n<td width=\"115\"><em>P. lilacinum<\/em><\/p>\n<p><em>Trichoderma viride<\/em><\/p>\n<p><em>T. harzianum<\/em><\/td>\n<td width=\"196\"><a href=\"mailto:bioaplicasac@gmail.com\">bioaplicasac@gmail.com<\/a><\/td>\n<td width=\"80\">Trujillo<\/td>\n<td width=\"102\">044 244152<\/p>\n<p>983 414 776<\/p>\n<p>41*341*4776<\/td>\n<\/tr>\n<tr>\n<td width=\"162\">PBA<\/td>\n<td width=\"84\">Ing. Liliana Mercedes<\/td>\n<td width=\"115\"><em>P. lilacinum, <\/em><\/p>\n<p><em>B. bassiana, <\/em><\/p>\n<p><em>M. anisopliae<\/em><\/p>\n<p><em>Trichoderma <\/em>viride<\/p>\n<p>T<em>.harzianum<\/em><\/td>\n<td width=\"196\"><a href=\"mailto:pbaperu@yahoo.es\">pbaperu@yahoo.es<\/a><\/td>\n<td width=\"80\">Lima<\/td>\n<td width=\"102\">5444651 986110136<\/td>\n<\/tr>\n<tr>\n<td width=\"162\">NOVAGRI<\/td>\n<td width=\"84\">Ing. Maritza Acosta<\/td>\n<td width=\"115\"><em>Trichoderma harzianum. <\/em><\/p>\n<p><em>T. viride, <\/em><\/p>\n<p><em>B. bassiana<\/em><\/p>\n<p><em>P. lilacinum<\/em><\/td>\n<td width=\"196\"><a href=\"mailto:novagrisac@gmail.com\">novagrisac@gmail.com<\/a><\/td>\n<td width=\"80\">Arequipa<\/td>\n<td width=\"102\">054-316057<\/td>\n<\/tr>\n<tr>\n<td width=\"162\">PEJEZA<\/td>\n<td width=\"84\">Blg. V\u00edctor Guevara<\/td>\n<td width=\"115\"><em>T. viride<\/em><\/p>\n<p><em>B. bassiana<\/em><\/p>\n<p><em>M. anisopliae<\/em><\/p>\n<p><em>P. lilacinum<\/em><\/p>\n<p><em>Pochonia chlamydosporia<\/em><\/td>\n<td width=\"196\"><a href=\"mailto:victorrguevara@hotmail.com\">victorrguevara@hotmail.com<\/a><\/td>\n<td width=\"80\">Cajamarca<\/td>\n<td width=\"102\">076-8377004<\/td>\n<\/tr>\n<tr>\n<td width=\"162\">TECNICAS AGROBIOLOGICAS<\/td>\n<td width=\"84\">Ing. Juan Salazar<\/td>\n<td width=\"115\"><em>Trichoerma asperellum<\/em><\/p>\n<p><em>T. viride<\/em><\/td>\n<td width=\"196\">tabsac@outlook .com<\/td>\n<td width=\"80\">Ca\u00f1ete<\/td>\n<td width=\"102\">959500646<\/td>\n<\/tr>\n<\/tbody>\n<\/table>\n<p>&nbsp;<\/p>\n","protected":false},"excerpt":{"rendered":"<p>LABORATORIOS DE AGENTES DE CONTROL BIOL\u00d3GICO (ACB) \u00a0Para la atenci\u00f3n de los pedidos de ACB requeridos por usuarios de las diferentes zonas agr\u00edcolas, se les env\u00eda una lista de laboratorios con los cuales pueden coordinar su atenci\u00f3n recomendando al usuario que debe de exigir el \u00faltimo control de calidad vigente realizado por SENASA al agente [&hellip;]<\/p>\n","protected":false},"author":127,"featured_media":0,"parent":0,"menu_order":0,"comment_status":"closed","ping_status":"closed","template":"","meta":{"footnotes":""},"class_list":["post-7703","page","type-page","status-publish","hentry"],"_links":{"self":[{"href":"https:\/\/www.senasa.gob.pe\/senasa\/wp-json\/wp\/v2\/pages\/7703","targetHints":{"allow":["GET"]}}],"collection":[{"href":"https:\/\/www.senasa.gob.pe\/senasa\/wp-json\/wp\/v2\/pages"}],"about":[{"href":"https:\/\/www.senasa.gob.pe\/senasa\/wp-json\/wp\/v2\/types\/page"}],"author":[{"embeddable":true,"href":"https:\/\/www.senasa.gob.pe\/senasa\/wp-json\/wp\/v2\/users\/127"}],"replies":[{"embeddable":true,"href":"https:\/\/www.senasa.gob.pe\/senasa\/wp-json\/wp\/v2\/comments?post=7703"}],"version-history":[{"count":0,"href":"https:\/\/www.senasa.gob.pe\/senasa\/wp-json\/wp\/v2\/pages\/7703\/revisions"}],"wp:attachment":[{"href":"https:\/\/www.senasa.gob.pe\/senasa\/wp-json\/wp\/v2\/media?parent=7703"}],"curies":[{"name":"wp","href":"https:\/\/api.w.org\/{rel}","templated":true}]}}