{"id":77079,"date":"2022-11-17T12:56:53","date_gmt":"2022-11-17T17:56:53","guid":{"rendered":"https:\/\/www.senasa.gob.pe\/senasa\/?page_id=77079"},"modified":"2022-12-01T16:20:18","modified_gmt":"2022-12-01T21:20:18","slug":"expresion-de-interes","status":"publish","type":"page","link":"https:\/\/www.senasa.gob.pe\/senasa\/expresion-de-interes\/","title":{"rendered":"EXPRESI\u00d3N DE INTER\u00c9S PARA JEFE(A) DE LA UNIDAD EJECUTORA DEL PRODESA"},"content":{"rendered":"<ul>\n<li><span style=\"font-size: 14pt;\"><a href=\"https:\/\/www.senasa.gob.pe\/senasa\/descargasarchivos\/2022\/11\/BASES-Y-CRONOGRAMA-PARA-EXPRESIONES-DE-INTERES-JEFE-PRODESA-.pdf\">Bases y cronograma de Expresi\u00f3n de Inter\u00e9s<\/a><\/span><\/li>\n<li><span style=\"font-size: 14pt;\"><a href=\"https:\/\/www.senasa.gob.pe\/senasa\/descargasarchivos\/2022\/11\/FORMATO-HOJA-DE-VIDA-1.xlsx\">Formato de Hoja de Vida<\/a><\/span><\/li>\n<li><a href=\"https:\/\/www.senasa.gob.pe\/senasa\/descargasarchivos\/2022\/12\/RESULTADOS-ETAPA-DE-EVALUACION-DE-FORMATOS.pdf\"><span style=\"font-size: 14pt;\">Resultados de Evaluaci\u00f3n de Formatos de Hoja de Vida<\/span><\/a><\/li>\n<li><span style=\"font-size: 14pt;\">Resultados de Evaluaci\u00f3n de Conocimientos<\/span><\/li>\n<li><span style=\"font-size: 14pt;\">Resultados de Evaluaci\u00f3n Curricular<\/span><\/li>\n<li><span style=\"font-size: 14pt;\">Resultado Final<\/span><\/li>\n<\/ul>\n","protected":false},"excerpt":{"rendered":"<p>Bases y cronograma de Expresi\u00f3n de Inter\u00e9s Formato de Hoja de Vida Resultados de Evaluaci\u00f3n de Formatos de Hoja de Vida Resultados de Evaluaci\u00f3n de Conocimientos Resultados de Evaluaci\u00f3n Curricular Resultado Final<\/p>\n","protected":false},"author":55,"featured_media":0,"parent":0,"menu_order":0,"comment_status":"closed","ping_status":"closed","template":"","meta":{"footnotes":""},"class_list":["post-77079","page","type-page","status-publish","hentry"],"_links":{"self":[{"href":"https:\/\/www.senasa.gob.pe\/senasa\/wp-json\/wp\/v2\/pages\/77079","targetHints":{"allow":["GET"]}}],"collection":[{"href":"https:\/\/www.senasa.gob.pe\/senasa\/wp-json\/wp\/v2\/pages"}],"about":[{"href":"https:\/\/www.senasa.gob.pe\/senasa\/wp-json\/wp\/v2\/types\/page"}],"author":[{"embeddable":true,"href":"https:\/\/www.senasa.gob.pe\/senasa\/wp-json\/wp\/v2\/users\/55"}],"replies":[{"embeddable":true,"href":"https:\/\/www.senasa.gob.pe\/senasa\/wp-json\/wp\/v2\/comments?post=77079"}],"version-history":[{"count":6,"href":"https:\/\/www.senasa.gob.pe\/senasa\/wp-json\/wp\/v2\/pages\/77079\/revisions"}],"predecessor-version":[{"id":77349,"href":"https:\/\/www.senasa.gob.pe\/senasa\/wp-json\/wp\/v2\/pages\/77079\/revisions\/77349"}],"wp:attachment":[{"href":"https:\/\/www.senasa.gob.pe\/senasa\/wp-json\/wp\/v2\/media?parent=77079"}],"curies":[{"name":"wp","href":"https:\/\/api.w.org\/{rel}","templated":true}]}}