{"id":7756,"date":"2014-12-02T03:01:21","date_gmt":"2014-12-02T03:01:21","guid":{"rendered":"http:\/\/200.60.104.74\/senasa\/?page_id=7756"},"modified":"2014-12-05T04:15:32","modified_gmt":"2014-12-05T04:15:32","slug":"mosca-de-la-fruta-3","status":"publish","type":"page","link":"https:\/\/www.senasa.gob.pe\/senasa\/mosca-de-la-fruta-3\/","title":{"rendered":"Mosca de la Fruta"},"content":{"rendered":"<ul>\n<li><a title=\"Vigilancia\" href=\"https:\/\/www.senasa.gob.pe\/senasa\/?page_id=7758\"><span style=\"font-family: helvetica; font-size: 12pt;\">Vigilancia<\/span><\/a><\/li>\n<li><a title=\"Control Integrado\" href=\"https:\/\/www.senasa.gob.pe\/senasa\/?page_id=7766\"><span style=\"font-family: helvetica; font-size: 12pt;\">Control Integrado<\/span><\/a><\/li>\n<li><a title=\"An\u00e1lisis y Desarrollo de Procesos Integrales ADPI\" href=\"https:\/\/www.senasa.gob.pe\/senasa\/?page_id=7801\"><span style=\"font-family: helvetica; font-size: 12pt;\">An\u00e1lisis y Desarrollo de Procesos Integrales ADPI<\/span><\/a><\/li>\n<li><a title=\"Comunicaci\u00f3n\" href=\"https:\/\/www.senasa.gob.pe\/senasa\/?page_id=7808\"><span style=\"font-family: helvetica; font-size: 12pt;\">Comunicaci\u00f3n<\/span><\/a><\/li>\n<li><a title=\"Proyecto Mosca de la Fruta III\" href=\"https:\/\/www.senasa.gob.pe\/senasa\/?page_id=8069\"><span style=\"font-family: helvetica; font-size: 12pt;\">Proyecto Mosca de la Fruta III<\/span><\/a><\/li>\n<li><a title=\"Estado Situacional Mosca\" href=\"https:\/\/www.senasa.gob.pe\/senasa\/?page_id=8072\"><span style=\"font-family: helvetica; font-size: 12pt;\">Estado Situacional Mosca<\/span><\/a><\/li>\n<li><a title=\"Legislaci\u00f3n\" href=\"https:\/\/www.senasa.gob.pe\/senasa\/?page_id=8075\"><span style=\"font-family: helvetica; font-size: 12pt;\">Legislaci\u00f3n<\/span><\/a><\/li>\n<\/ul>\n","protected":false},"excerpt":{"rendered":"<p>Vigilancia Control Integrado An\u00e1lisis y Desarrollo de Procesos Integrales ADPI Comunicaci\u00f3n Proyecto Mosca de la Fruta III Estado Situacional Mosca Legislaci\u00f3n<\/p>\n","protected":false},"author":127,"featured_media":0,"parent":0,"menu_order":0,"comment_status":"closed","ping_status":"closed","template":"","meta":{"footnotes":""},"class_list":["post-7756","page","type-page","status-publish","hentry"],"_links":{"self":[{"href":"https:\/\/www.senasa.gob.pe\/senasa\/wp-json\/wp\/v2\/pages\/7756","targetHints":{"allow":["GET"]}}],"collection":[{"href":"https:\/\/www.senasa.gob.pe\/senasa\/wp-json\/wp\/v2\/pages"}],"about":[{"href":"https:\/\/www.senasa.gob.pe\/senasa\/wp-json\/wp\/v2\/types\/page"}],"author":[{"embeddable":true,"href":"https:\/\/www.senasa.gob.pe\/senasa\/wp-json\/wp\/v2\/users\/127"}],"replies":[{"embeddable":true,"href":"https:\/\/www.senasa.gob.pe\/senasa\/wp-json\/wp\/v2\/comments?post=7756"}],"version-history":[{"count":0,"href":"https:\/\/www.senasa.gob.pe\/senasa\/wp-json\/wp\/v2\/pages\/7756\/revisions"}],"wp:attachment":[{"href":"https:\/\/www.senasa.gob.pe\/senasa\/wp-json\/wp\/v2\/media?parent=7756"}],"curies":[{"name":"wp","href":"https:\/\/api.w.org\/{rel}","templated":true}]}}