{"id":7845,"date":"2014-12-02T04:37:55","date_gmt":"2014-12-02T04:37:55","guid":{"rendered":"http:\/\/200.60.104.74\/senasa\/?page_id=7845"},"modified":"2014-12-02T04:39:09","modified_gmt":"2014-12-02T04:39:09","slug":"lima-y-callao","status":"publish","type":"page","link":"https:\/\/www.senasa.gob.pe\/senasa\/lima-y-callao\/","title":{"rendered":"Lima y Callao"},"content":{"rendered":"<p><span style=\"font-family: helvetica; font-size: 12pt;\"><a title=\"Lambayeque\" href=\"https:\/\/www.senasa.gob.pe\/senasa\/?page_id=7840\">Lambayeque<\/a>\u00a0\u00a0\u00a0\u00a0\u00a0\u00a0\u00a0 \u00a0Lima y Callao\u00a0\u00a0\u00a0\u00a0\u00a0\u00a0\u00a0\u00a0\u00a0Arequipa\u00a0\u00a0\u00a0\u00a0\u00a0\u00a0\u00a0\u00a0\u00a0Ica\u00a0\u00a0\u00a0\u00a0\u00a0\u00a0\u00a0\u00a0\u00a0Moquegua\u00a0\u00a0\u00a0\u00a0\u00a0\u00a0\u00a0\u00a0\u00a0Tacna<\/span><\/p>\n<p><a href=\"https:\/\/www.senasa.gob.pe\/senasa\/descargasarchivos\/2014\/12\/cab_lim.jpg\"><img loading=\"lazy\" decoding=\"async\" class=\"size-full wp-image-7847 aligncenter\" src=\"https:\/\/www.senasa.gob.pe\/senasa\/descargasarchivos\/2014\/12\/cab_lim.jpg\" alt=\"cab_lim\" width=\"494\" height=\"165\" srcset=\"https:\/\/www.senasa.gob.pe\/senasa\/descargasarchivos\/2014\/12\/cab_lim.jpg 494w, https:\/\/www.senasa.gob.pe\/senasa\/descargasarchivos\/2014\/12\/cab_lim-300x100.jpg 300w\" sizes=\"auto, (max-width: 494px) 100vw, 494px\" \/><\/a><\/p>\n<p><a href=\"https:\/\/www.senasa.gob.pe\/senasa\/descargasarchivos\/2014\/12\/m_lim_02.jpg\"><img loading=\"lazy\" decoding=\"async\" class=\"alignleft wp-image-7848 size-full\" src=\"https:\/\/www.senasa.gob.pe\/senasa\/descargasarchivos\/2014\/12\/m_lim_02.jpg\" alt=\"m_lim_02\" width=\"86\" height=\"85\" \/><\/a><span style=\"font-family: helvetica; font-size: 12pt;\">N\u00famero 2 A\u00f1o II<\/span><br \/>\n<span style=\"font-family: helvetica; font-size: 12pt;\">Bolet\u00edn de Moscas de la fruta<\/span><\/p>\n<p><span style=\"font-family: helvetica; font-size: 12pt;\">Para ver el bolet\u00edn dar <span class=\"subtitulo3\"><a href=\"https:\/\/www.senasa.gob.pe\/RepositorioAPS\/0\/2\/JER\/SMFPF2-1\/pdf\/bol_santarosa_2.pdf\" target=\"_blank\">click aqu\u00ed<\/a><\/span><\/span><\/p>\n<p>&nbsp;<\/p>\n","protected":false},"excerpt":{"rendered":"<p>Lambayeque\u00a0\u00a0\u00a0\u00a0\u00a0\u00a0\u00a0 \u00a0Lima y Callao\u00a0\u00a0\u00a0\u00a0\u00a0\u00a0\u00a0\u00a0\u00a0Arequipa\u00a0\u00a0\u00a0\u00a0\u00a0\u00a0\u00a0\u00a0\u00a0Ica\u00a0\u00a0\u00a0\u00a0\u00a0\u00a0\u00a0\u00a0\u00a0Moquegua\u00a0\u00a0\u00a0\u00a0\u00a0\u00a0\u00a0\u00a0\u00a0Tacna N\u00famero 2 A\u00f1o II Bolet\u00edn de Moscas de la fruta Para ver el bolet\u00edn dar click aqu\u00ed &nbsp;<\/p>\n","protected":false},"author":127,"featured_media":0,"parent":0,"menu_order":0,"comment_status":"closed","ping_status":"closed","template":"","meta":{"footnotes":""},"class_list":["post-7845","page","type-page","status-publish","hentry"],"_links":{"self":[{"href":"https:\/\/www.senasa.gob.pe\/senasa\/wp-json\/wp\/v2\/pages\/7845","targetHints":{"allow":["GET"]}}],"collection":[{"href":"https:\/\/www.senasa.gob.pe\/senasa\/wp-json\/wp\/v2\/pages"}],"about":[{"href":"https:\/\/www.senasa.gob.pe\/senasa\/wp-json\/wp\/v2\/types\/page"}],"author":[{"embeddable":true,"href":"https:\/\/www.senasa.gob.pe\/senasa\/wp-json\/wp\/v2\/users\/127"}],"replies":[{"embeddable":true,"href":"https:\/\/www.senasa.gob.pe\/senasa\/wp-json\/wp\/v2\/comments?post=7845"}],"version-history":[{"count":0,"href":"https:\/\/www.senasa.gob.pe\/senasa\/wp-json\/wp\/v2\/pages\/7845\/revisions"}],"wp:attachment":[{"href":"https:\/\/www.senasa.gob.pe\/senasa\/wp-json\/wp\/v2\/media?parent=7845"}],"curies":[{"name":"wp","href":"https:\/\/api.w.org\/{rel}","templated":true}]}}