{"id":8368,"date":"2014-12-05T18:14:06","date_gmt":"2014-12-05T18:14:06","guid":{"rendered":"http:\/\/200.60.104.74\/senasa\/?page_id=8368"},"modified":"2014-12-05T18:14:42","modified_gmt":"2014-12-05T18:14:42","slug":"enlaces-de-interes-4","status":"publish","type":"page","link":"https:\/\/www.senasa.gob.pe\/senasa\/enlaces-de-interes-4\/","title":{"rendered":"Enlaces de inter\u00e9s"},"content":{"rendered":"<p><strong><span style=\"color: #000000; font-family: helvetica; font-size: 12pt;\"><span class=\"subtitulo\"><span class=\"subtitulo2\">ENLACES DE INTERES<\/span><\/span><\/span><\/strong><\/p>\n<p><strong><span class=\"subtitulo\" style=\"font-family: helvetica; font-size: 12pt;\">ORGANISMOS INTERNACIONALES<\/span><\/strong><\/p>\n<p><span style=\"font-family: helvetica; font-size: 12pt;\"><a href=\"https:\/\/www.fao.org\/ag\/agn\/agns\/contact_es.asp\"><span style=\"color: #0000ff;\">AGNS &#8211; Servicio de Calidad de los Alimentos y Normas Alimentarias<\/span><\/a><\/span><\/p>\n<p><span style=\"font-family: helvetica; font-size: 12pt;\"><a href=\"https:\/\/www.who.int\/es\/\"><span style=\"color: #0000ff;\">OMS &#8211; Organizaci\u00f3n Mundial de la Salud<\/span><\/a><\/span><\/p>\n<p><span style=\"font-family: helvetica; font-size: 12pt;\"><a href=\"https:\/\/www.oie.int\/esp\/es_index.htm\"><span style=\"color: #0000ff;\">OIE &#8211; Organizaci\u00f3n Mundial de Sanidad Animal<\/span><\/a><\/span><\/p>\n<p><span style=\"font-family: helvetica; font-size: 12pt;\"><a href=\"https:\/\/www.fda.gov\/\"><span style=\"color: #0000ff;\">FDA &#8211; Food and Drug Administration<\/span><\/a><\/span><\/p>\n<p><span style=\"font-family: helvetica; font-size: 12pt;\"><a href=\"https:\/\/www.fao.org\/\"><span style=\"color: #0000ff;\">FAO &#8211; Food and Agriculture Organization<\/span><\/a><span style=\"color: #0000ff;\">\u00a0 <\/span><\/span><\/p>\n<p><span style=\"font-family: helvetica; font-size: 12pt;\"><a href=\"https:\/\/www.usda.gov\/wps\/portal\/usdahome\"><span style=\"color: #0000ff;\">USDA &#8211; United States Department of Agriculture<\/span><\/a><span style=\"color: #0000ff;\">\u00a0 <\/span><\/span><\/p>\n<p><span style=\"font-family: helvetica; font-size: 12pt;\"><a href=\"https:\/\/www.vichsec.org\/\"><span style=\"color: #0000ff;\">VICH &#8211; Cooperaci\u00f3n Internacional sobre Armonizaci\u00f3n de Requisitos T\u00e9cnicos para el Registro de Medicamentos Veterinarios <\/span><\/a><\/span><\/p>\n<p><span style=\"font-family: helvetica; font-size: 12pt;\"><a href=\"https:\/\/www.codexalimentarius.net\/gsfaonline\/index.html?lang=es\"><span style=\"color: #0000ff;\">GSFA &#8211; General Standard for Food Additives<\/span><\/a><\/span><\/p>\n<p><span style=\"font-family: helvetica; font-size: 12pt;\"><a href=\"https:\/\/www.inchem.org\/\"><span style=\"color: #0000ff;\">IPCS INCHEM &#8211; Chemical Safety Information from Intergovernmental Organizations<\/span><\/a><\/span><\/p>\n<p><span style=\"font-family: helvetica; font-size: 12pt;\"><a href=\"https:\/\/www.ivis.org\/\"><span style=\"color: #0000ff;\">IVIS &#8211; International Veterinary Information Service<\/span><\/a><span style=\"color: #0000ff;\">\u00a0 <\/span><\/span><\/p>\n<p><span style=\"font-family: helvetica; font-size: 12pt;\"><a href=\"https:\/\/europa.eu\/index_es.htm\"><span style=\"color: #0000ff;\">EUROPA &#8211; El portal de la Uni\u00f3n Europea<\/span><\/a><\/span><\/p>\n<p><span style=\"font-family: helvetica; font-size: 12pt;\"><a href=\"https:\/\/www.codexalimentarius.net\/web\/index_es.jsp\"><span style=\"color: #0000ff;\">CODEX ALIMENTARIUS<\/span><\/a><\/span><\/p>\n<p>&nbsp;<\/p>\n","protected":false},"excerpt":{"rendered":"<p>ENLACES DE INTERES ORGANISMOS INTERNACIONALES AGNS &#8211; Servicio de Calidad de los Alimentos y Normas Alimentarias OMS &#8211; Organizaci\u00f3n Mundial de la Salud OIE &#8211; Organizaci\u00f3n Mundial de Sanidad Animal FDA &#8211; Food and Drug Administration FAO &#8211; Food and Agriculture Organization\u00a0 USDA &#8211; United States Department of Agriculture\u00a0 VICH &#8211; Cooperaci\u00f3n Internacional sobre Armonizaci\u00f3n [&hellip;]<\/p>\n","protected":false},"author":127,"featured_media":0,"parent":0,"menu_order":0,"comment_status":"closed","ping_status":"closed","template":"","meta":{"footnotes":""},"class_list":["post-8368","page","type-page","status-publish","hentry"],"_links":{"self":[{"href":"https:\/\/www.senasa.gob.pe\/senasa\/wp-json\/wp\/v2\/pages\/8368","targetHints":{"allow":["GET"]}}],"collection":[{"href":"https:\/\/www.senasa.gob.pe\/senasa\/wp-json\/wp\/v2\/pages"}],"about":[{"href":"https:\/\/www.senasa.gob.pe\/senasa\/wp-json\/wp\/v2\/types\/page"}],"author":[{"embeddable":true,"href":"https:\/\/www.senasa.gob.pe\/senasa\/wp-json\/wp\/v2\/users\/127"}],"replies":[{"embeddable":true,"href":"https:\/\/www.senasa.gob.pe\/senasa\/wp-json\/wp\/v2\/comments?post=8368"}],"version-history":[{"count":0,"href":"https:\/\/www.senasa.gob.pe\/senasa\/wp-json\/wp\/v2\/pages\/8368\/revisions"}],"wp:attachment":[{"href":"https:\/\/www.senasa.gob.pe\/senasa\/wp-json\/wp\/v2\/media?parent=8368"}],"curies":[{"name":"wp","href":"https:\/\/api.w.org\/{rel}","templated":true}]}}