{"id":8383,"date":"2014-12-05T18:32:46","date_gmt":"2014-12-05T18:32:46","guid":{"rendered":"http:\/\/200.60.104.74\/senasa\/?page_id=8383"},"modified":"2017-01-31T12:19:51","modified_gmt":"2017-01-31T17:19:51","slug":"inocuidad-agroalimentaria","status":"publish","type":"page","link":"https:\/\/www.senasa.gob.pe\/senasa\/inocuidad-agroalimentaria\/","title":{"rendered":"Inocuidad Agroalimentaria"},"content":{"rendered":"<ul>\n<li><span style=\"font-family: helvetica, arial, sans-serif; font-size: 14pt; color: #0000ff;\"><a style=\"color: #0000ff;\" title=\"Legislaci\u00f3n\" href=\"https:\/\/www.senasa.gob.pe\/senasa\/?page_id=8389\">Legislaci\u00f3n<\/a><\/span><\/li>\n<li><span style=\"font-family: helvetica, arial, sans-serif; font-size: 14pt; color: #0000ff;\"><a style=\"color: #0000ff;\" title=\"Presentaci\u00f3n\" href=\"https:\/\/www.senasa.gob.pe\/senasa\/?page_id=8402\">Presentaci\u00f3n<\/a><\/span><\/li>\n<li><span style=\"font-family: helvetica, arial, sans-serif; font-size: 14pt; color: #0000ff;\"><a style=\"color: #0000ff;\" title=\"Vigilancia, Control y Gesti\u00f3n de la Inocuidad\" href=\"https:\/\/www.senasa.gob.pe\/senasa\/?page_id=8406\">Vigilancia, Control y Gesti\u00f3n de la Inocuidad<\/a><\/span><\/li>\n<li><span style=\"font-family: helvetica, arial, sans-serif; font-size: 14pt; color: #0000ff;\"><a style=\"color: #0000ff;\" title=\"Capacitaci\u00f3n y Difusi\u00f3n\" href=\"https:\/\/www.senasa.gob.pe\/senasa\/?page_id=8409\">Capacitaci\u00f3n y Difusi\u00f3n<\/a><\/span><\/li>\n<li><span style=\"font-family: helvetica, arial, sans-serif; font-size: 14pt; color: #0000ff;\"><a style=\"color: #0000ff;\" title=\"Enlaces de Inter\u00e9s\" href=\"https:\/\/www.senasa.gob.pe\/senasa\/?page_id=8417\">Enlaces de Inter\u00e9s<\/a><\/span><\/li>\n<li><span style=\"font-family: helvetica, arial, sans-serif; font-size: 14pt; color: #0000ff;\"><a style=\"color: #0000ff;\" title=\"Preguntas Frecuentes\" href=\"https:\/\/www.senasa.gob.pe\/senasa\/?page_id=8423\">Preguntas Frecuentes<\/a><\/span><\/li>\n<li><span style=\"font-family: helvetica, arial, sans-serif; font-size: 14pt; color: #0000ff;\"><a style=\"color: #0000ff;\" title=\"Directorio\" href=\"https:\/\/www.senasa.gob.pe\/senasa\/?page_id=8427\">Directorio<\/a><\/span><\/li>\n<li><span style=\"font-family: helvetica, arial, sans-serif; font-size: 14pt; color: #0000ff;\"><a style=\"color: #0000ff;\" title=\"Comunicados\" href=\"https:\/\/www.senasa.gob.pe\/senasa\/?page_id=8432\">Comunicados<\/a><\/span><\/li>\n<li><span style=\"font-family: helvetica, arial, sans-serif; font-size: 14pt; color: #0000ff;\"><a style=\"color: #0000ff;\" href=\"https:\/\/www.senasa.gob.pe\/senasa\/?page_id=8436\" target=\"_blank\">Gu\u00edas Buenas Pr\u00e1cticas\u00a0de Producci\u00f3n e Higiene<\/a><\/span><\/li>\n<li><span style=\"font-family: helvetica, arial, sans-serif; font-size: 14pt; color: #0000ff;\"><a style=\"color: #0000ff;\" title=\"WEB principal\" href=\"https:\/\/www.senasa.gob.pe\/senasa\/?page_id=8440\">WEB principal<\/a><\/span><\/li>\n<li><span style=\"font-family: helvetica, arial, sans-serif; font-size: 14pt; color: #0000ff;\"><a style=\"color: #0000ff;\" href=\"https:\/\/www.senasa.gob.pe\/senasa\/procedimientos\/\">Procedimientos<\/a><\/span><\/li>\n<li><span style=\"font-family: helvetica, arial, sans-serif; font-size: 14pt; color: #0000ff;\"><a style=\"color: #0000ff;\" href=\"https:\/\/www.senasa.gob.pe\/senasa\/inocuidad-agroalimentaria-2\/\">Encuesta sobre los Alimentos Agropecuarios Primarios Inocuos<\/a><\/span><\/li>\n<\/ul>\n","protected":false},"excerpt":{"rendered":"<p>Legislaci\u00f3n Presentaci\u00f3n Vigilancia, Control y Gesti\u00f3n de la Inocuidad Capacitaci\u00f3n y Difusi\u00f3n Enlaces de Inter\u00e9s Preguntas Frecuentes Directorio Comunicados Gu\u00edas Buenas Pr\u00e1cticas\u00a0de Producci\u00f3n e Higiene WEB principal Procedimientos Encuesta sobre los Alimentos Agropecuarios Primarios Inocuos<\/p>\n","protected":false},"author":127,"featured_media":0,"parent":0,"menu_order":0,"comment_status":"closed","ping_status":"closed","template":"","meta":{"footnotes":""},"class_list":["post-8383","page","type-page","status-publish","hentry"],"_links":{"self":[{"href":"https:\/\/www.senasa.gob.pe\/senasa\/wp-json\/wp\/v2\/pages\/8383","targetHints":{"allow":["GET"]}}],"collection":[{"href":"https:\/\/www.senasa.gob.pe\/senasa\/wp-json\/wp\/v2\/pages"}],"about":[{"href":"https:\/\/www.senasa.gob.pe\/senasa\/wp-json\/wp\/v2\/types\/page"}],"author":[{"embeddable":true,"href":"https:\/\/www.senasa.gob.pe\/senasa\/wp-json\/wp\/v2\/users\/127"}],"replies":[{"embeddable":true,"href":"https:\/\/www.senasa.gob.pe\/senasa\/wp-json\/wp\/v2\/comments?post=8383"}],"version-history":[{"count":0,"href":"https:\/\/www.senasa.gob.pe\/senasa\/wp-json\/wp\/v2\/pages\/8383\/revisions"}],"wp:attachment":[{"href":"https:\/\/www.senasa.gob.pe\/senasa\/wp-json\/wp\/v2\/media?parent=8383"}],"curies":[{"name":"wp","href":"https:\/\/api.w.org\/{rel}","templated":true}]}}