{"id":8503,"date":"2014-12-09T07:05:33","date_gmt":"2014-12-09T07:05:33","guid":{"rendered":"http:\/\/200.60.104.74\/senasa\/?page_id=8503"},"modified":"2015-04-24T09:39:02","modified_gmt":"2015-04-24T14:39:02","slug":"julio-2010","status":"publish","type":"page","link":"https:\/\/www.senasa.gob.pe\/senasa\/julio-2010\/","title":{"rendered":"Julio 2010"},"content":{"rendered":"<p>&nbsp;<\/p>\n<p style=\"text-align: justify;\" align=\"center\"><span style=\"font-family: helvetica; font-size: 12pt;\"><strong>COMUNICADO<\/strong><\/span><\/p>\n<p style=\"text-align: justify;\" align=\"justify\"><span style=\"font-family: helvetica; font-size: 12pt;\">Se comunica la pre-publicaci\u00f3n por 30 d\u00edas calendario, del <a href=\"https:\/\/www.senasa.gob.pe\/senasa\/descargasarchivos\/2014\/12\/PROPUESTA-FINAL-DE-REGLAMENTO-DE-INOCUIDAD-AGROALIMENTARIA-Jul10.pdf\" target=\"_blank\">Proyecto de Reglamento de Inocuidad Agroalimentaria<\/a>, a efectos de recibir\u00a0consultas, aportes, observaciones\u00a0y sugerencias, por parte del p\u00fablico en general y agentes ligados a la cadena alimentaria. <\/span><\/p>\n<p style=\"text-align: justify;\" align=\"justify\"><span style=\"font-family: helvetica; font-size: 12pt;\"><span style=\"text-decoration: underline;\">Inicio de Publicaci\u00f3n<\/span>: 13 de julio de 2010<\/span><\/p>\n<p style=\"text-align: justify;\"><span style=\"font-family: helvetica; font-size: 12pt;\"><span style=\"text-decoration: underline;\">T\u00e9rmino de Publicaci\u00f3n<\/span>: 13 de agosto de 2010<\/span><\/p>\n<p style=\"text-align: justify;\"><span style=\"font-family: helvetica; font-size: 12pt;\">Remitir comentarios al correo<strong>:\u00a0<\/strong><a href=\"mailto:inocuidad_agroal@senasa.gob.pe\"><strong>inocuidad_agroal@senasa.gob.pe<\/strong><\/a>, mediante el llenado de la <a href=\"https:\/\/www.senasa.gob.pe\/RepositorioAPS\/0\/3\/JER\/MFCA\/Ficha%20para%20consulta%20publica.xls\">Ficha para consulta\u00a0p\u00fablica<\/a>.<\/span><\/p>\n<p style=\"text-align: justify;\"><span style=\"font-family: helvetica; font-size: 12pt;\"><strong>Subdirecci\u00f3n de Inocuidad Agroalimentaria<\/strong><\/span><\/p>\n<p style=\"text-align: justify;\"><span style=\"font-family: helvetica; font-size: 12pt;\"><strong>Direcci\u00f3n de Insumos Agropecuarios e Inocuidad Agroalimentaria<\/strong><\/span><\/p>\n<p>&nbsp;<\/p>\n","protected":false},"excerpt":{"rendered":"<p>&nbsp; COMUNICADO Se comunica la pre-publicaci\u00f3n por 30 d\u00edas calendario, del Proyecto de Reglamento de Inocuidad Agroalimentaria, a efectos de recibir\u00a0consultas, aportes, observaciones\u00a0y sugerencias, por parte del p\u00fablico en general y agentes ligados a la cadena alimentaria. Inicio de Publicaci\u00f3n: 13 de julio de 2010 T\u00e9rmino de Publicaci\u00f3n: 13 de agosto de 2010 Remitir comentarios [&hellip;]<\/p>\n","protected":false},"author":127,"featured_media":0,"parent":0,"menu_order":0,"comment_status":"closed","ping_status":"closed","template":"","meta":{"footnotes":""},"class_list":["post-8503","page","type-page","status-publish","hentry"],"_links":{"self":[{"href":"https:\/\/www.senasa.gob.pe\/senasa\/wp-json\/wp\/v2\/pages\/8503","targetHints":{"allow":["GET"]}}],"collection":[{"href":"https:\/\/www.senasa.gob.pe\/senasa\/wp-json\/wp\/v2\/pages"}],"about":[{"href":"https:\/\/www.senasa.gob.pe\/senasa\/wp-json\/wp\/v2\/types\/page"}],"author":[{"embeddable":true,"href":"https:\/\/www.senasa.gob.pe\/senasa\/wp-json\/wp\/v2\/users\/127"}],"replies":[{"embeddable":true,"href":"https:\/\/www.senasa.gob.pe\/senasa\/wp-json\/wp\/v2\/comments?post=8503"}],"version-history":[{"count":0,"href":"https:\/\/www.senasa.gob.pe\/senasa\/wp-json\/wp\/v2\/pages\/8503\/revisions"}],"wp:attachment":[{"href":"https:\/\/www.senasa.gob.pe\/senasa\/wp-json\/wp\/v2\/media?parent=8503"}],"curies":[{"name":"wp","href":"https:\/\/api.w.org\/{rel}","templated":true}]}}