{"id":8506,"date":"2014-12-09T07:06:44","date_gmt":"2014-12-09T07:06:44","guid":{"rendered":"http:\/\/200.60.104.74\/senasa\/?page_id=8506"},"modified":"2015-04-24T09:42:20","modified_gmt":"2015-04-24T14:42:20","slug":"jul-13","status":"publish","type":"page","link":"https:\/\/www.senasa.gob.pe\/senasa\/jul-13\/","title":{"rendered":"Jul 13"},"content":{"rendered":"<div style=\"text-align: justify;\" align=\"justify\"><span style=\"font-family: helvetica; font-size: 12pt;\"><strong>COMUNICADO A LOS PRODUCTORES, PROCESADORES Y EXPORTADORES DE PAPRIKA<\/strong><\/span><\/div>\n<div style=\"text-align: justify;\" align=\"justify\"><span style=\"font-family: helvetica; font-size: 12pt;\">\u00a0<\/span><\/div>\n<div style=\"text-align: justify;\" align=\"justify\"><span style=\"font-family: helvetica; font-size: 12pt;\">Por el presente, se pone en conocimiento de los productores, procesadores y exportadores de P\u00e1prika que, la Direcci\u00f3n General de Salud y Consumidores de la Comisi\u00f3n Europea (SANCO) en atenci\u00f3n al <a href=\"https:\/\/www.senasa.gob.pe\/senasa\/descargasarchivos\/2014\/12\/Reglamento-EC-669-2009-UE.pdf\" target=\"_blank\"><span style=\"color: #0000ff;\"><strong>Reglamento (EC) N\u00b0 669\/2009 de la Comisi\u00f3n<\/strong><\/span><\/a><span style=\"color: #0000ff;\"><strong>,<\/strong><\/span> est\u00e1 considerando incluir a los productos bajo la denominaci\u00f3n \u201cCapsicum\u201d (p\u00e1prika, aj\u00edes, pimientos, etc.) importados desde Per\u00fa, en el Listado del Anexo I del mencionado Reglamento; el cual est\u00e1 referido a la intensificaci\u00f3n de los controles oficiales en la Uni\u00f3n Europea, de las importaciones de determinados piensos y alimentos de origen no animal.<\/span><\/div>\n<div style=\"text-align: justify;\" align=\"justify\"><span style=\"font-family: helvetica; font-size: 12pt;\">\u00a0<\/span><\/div>\n<div style=\"text-align: justify;\" align=\"justify\"><span style=\"font-family: helvetica; font-size: 12pt;\">Estos controles se efectuar\u00e1n en puntos designados de entrada (DPE), con el fin de asegurar un control homog\u00e9neo en todos los Estados Miembros, sin que por ello se establezcan requisitos adicionales a los que ya se vienen cumpliendo.<\/span><\/div>\n<div style=\"text-align: justify;\" align=\"justify\"><span style=\"font-family: helvetica; font-size: 12pt;\">\u00a0<\/span><\/div>\n<div style=\"text-align: justify;\" align=\"justify\"><span style=\"font-family: helvetica; font-size: 12pt;\">Los productos ser\u00e1n sujetos a controles documentarios, identificativos y f\u00edsicos sistem\u00e1ticos, con una frecuencia propuesta del 10% de todas las remesas, con la finalidad de determinar la ocurrencia de aflatoxinas y ocratoxina A.\u00a0\u00a0 <\/span><\/div>\n<div style=\"text-align: justify;\" align=\"justify\"><span style=\"font-family: helvetica; font-size: 12pt;\">\u00a0<\/span><\/div>\n<div style=\"text-align: justify;\" align=\"justify\"><span style=\"font-family: helvetica; font-size: 12pt;\">En tal sentido, se solicita tener en cuenta lo expuesto, a fin de evitar rechazos y la emisi\u00f3n de Alertas Sanitarias por parte de la Uni\u00f3n Europea, que pudieran poner en riesgo la continuidad de las exportaciones de estos productos a dicho destino. <\/span><\/div>\n<div style=\"text-align: justify;\" align=\"justify\"><span style=\"font-family: helvetica; font-size: 12pt;\">\u00a0<\/span><\/div>\n<div style=\"text-align: justify;\" align=\"justify\"><span style=\"font-family: helvetica; font-size: 12pt;\">\u00a0<\/span><\/div>\n<div style=\"text-align: justify;\" align=\"justify\"><span style=\"font-family: helvetica; font-size: 12pt;\">La Molina, 13 de Julio de 2010<\/span><\/div>\n<div style=\"text-align: justify;\"><span style=\"font-family: helvetica; font-size: 12pt;\">\u00a0<\/span><\/div>\n<p align=\"left\"><span style=\"font-family: helvetica; font-size: 12pt;\"><strong>Subdirecci\u00f3n de Inocuidad Agroalimentaria<\/strong><\/span><\/p>\n<p align=\"left\"><span style=\"font-family: helvetica; font-size: 12pt;\"><strong>Direcci\u00f3n de Insumos Agropecuarios e Inocuidad Agroalimentaria<\/strong><\/span><\/p>\n","protected":false},"excerpt":{"rendered":"<p>COMUNICADO A LOS PRODUCTORES, PROCESADORES Y EXPORTADORES DE PAPRIKA \u00a0 Por el presente, se pone en conocimiento de los productores, procesadores y exportadores de P\u00e1prika que, la Direcci\u00f3n General de Salud y Consumidores de la Comisi\u00f3n Europea (SANCO) en atenci\u00f3n al Reglamento (EC) N\u00b0 669\/2009 de la Comisi\u00f3n, est\u00e1 considerando incluir a los productos bajo [&hellip;]<\/p>\n","protected":false},"author":127,"featured_media":0,"parent":0,"menu_order":0,"comment_status":"closed","ping_status":"closed","template":"","meta":{"footnotes":""},"class_list":["post-8506","page","type-page","status-publish","hentry"],"_links":{"self":[{"href":"https:\/\/www.senasa.gob.pe\/senasa\/wp-json\/wp\/v2\/pages\/8506","targetHints":{"allow":["GET"]}}],"collection":[{"href":"https:\/\/www.senasa.gob.pe\/senasa\/wp-json\/wp\/v2\/pages"}],"about":[{"href":"https:\/\/www.senasa.gob.pe\/senasa\/wp-json\/wp\/v2\/types\/page"}],"author":[{"embeddable":true,"href":"https:\/\/www.senasa.gob.pe\/senasa\/wp-json\/wp\/v2\/users\/127"}],"replies":[{"embeddable":true,"href":"https:\/\/www.senasa.gob.pe\/senasa\/wp-json\/wp\/v2\/comments?post=8506"}],"version-history":[{"count":0,"href":"https:\/\/www.senasa.gob.pe\/senasa\/wp-json\/wp\/v2\/pages\/8506\/revisions"}],"wp:attachment":[{"href":"https:\/\/www.senasa.gob.pe\/senasa\/wp-json\/wp\/v2\/media?parent=8506"}],"curies":[{"name":"wp","href":"https:\/\/api.w.org\/{rel}","templated":true}]}}