{"id":85794,"date":"2023-12-04T11:34:32","date_gmt":"2023-12-04T16:34:32","guid":{"rendered":"https:\/\/www.senasa.gob.pe\/senasa\/?page_id=85794"},"modified":"2024-01-08T05:25:44","modified_gmt":"2024-01-08T10:25:44","slug":"diaia-amazonas-2024","status":"publish","type":"page","link":"https:\/\/www.senasa.gob.pe\/senasa\/diaia-amazonas-2024\/","title":{"rendered":"DIAIA AMAZONAS 2024"},"content":{"rendered":"<table style=\"width: 81.7269%; height: 66px;\">\n<tbody>\n<tr style=\"background-color: #b6f0f0; height: 46px;\">\n<td style=\"width: 12.8993%; height: 10px; text-align: center;\"><span style=\"font-family: helvetica, arial, sans-serif; font-size: 10pt;\"><strong>N\u00b0 Proceso<\/strong><\/span><\/td>\n<td style=\"width: 6.3882%; text-align: center;\"><span style=\"font-family: helvetica, arial, sans-serif; font-size: 10pt;\"><strong>Posiciones<\/strong><\/span><\/td>\n<td style=\"width: 6.3882%; height: 10px; text-align: center;\"><span style=\"font-family: helvetica, arial, sans-serif; font-size: 10pt;\"><strong>Puesto<\/strong><\/span><\/td>\n<td style=\"width: 5.40541%; height: 10px; text-align: center;\"><span style=\"font-family: helvetica, arial, sans-serif; font-size: 10pt;\"><strong>Bases<\/strong><\/span><\/td>\n<td style=\"width: 11.6708%; text-align: center; height: 10px;\"><span style=\"font-family: helvetica, arial, sans-serif; font-size: 10pt;\"><strong>Resultado: Cumplimiento de Requisitos M\u00ednimos<\/strong><\/span><\/td>\n<td style=\"width: 12.6536%; text-align: center; height: 10px;\"><span style=\"font-size: 10pt; font-family: helvetica, arial, sans-serif;\"><strong>Resultado: Evaluaci\u00f3n de Conocimientos<\/strong><strong><br \/>\n<\/strong><\/span><\/td>\n<td style=\"width: 9.21376%; height: 10px; text-align: center;\"><span style=\"font-family: helvetica, arial, sans-serif; font-size: 10pt;\"><strong>Resultado: Entrevista personal <\/strong><\/span><\/td>\n<td style=\"width: 9.33661%; height: 10px; text-align: center;\"><span style=\"font-family: helvetica, arial, sans-serif; font-size: 10pt;\"><strong>Resultado: Evaluaci\u00f3n curricular y Final<\/strong><\/span><\/td>\n<td style=\"width: 13.0221%; height: 10px; text-align: center;\"><span style=\"font-family: helvetica, arial, sans-serif; font-size: 10pt;\"><strong>Nuevo<\/strong><\/span><\/p>\n<p><span style=\"font-family: helvetica, arial, sans-serif; font-size: 10pt;\"><strong>Cronograma<\/strong><\/span><\/td>\n<td style=\"width: 10.9337%; height: 10px; text-align: center;\"><span style=\"font-size: 10pt; font-family: helvetica, arial, sans-serif;\"><strong>Comunicado \/ Fe de erratas<\/strong><\/span><\/td>\n<\/tr>\n<tr style=\"height: 96px;\">\n<td style=\"width: 12.8993%; height: 56px; text-align: left;\">CAS N\u00b0010-2024<\/td>\n<td style=\"width: 6.3882%; text-align: center;\" width=\"101\">1<\/td>\n<td style=\"width: 6.3882%;\" width=\"241\">\u00a0Asistente Intermedio de Inocuidad<\/td>\n<td style=\"width: 5.40541%; text-align: center; height: 56px;\"><span style=\"font-family: helvetica, arial, sans-serif; font-size: 10pt;\"><strong> <a href=\"https:\/\/www.senasa.gob.pe\/senasa\/descargasarchivos\/2024\/01\/CAS-TEMPORAL-N\u00b00010-AMAZONAS-DIAIA-SIAG-ASISTENTE-INTERMEDIO-DE-INOCUIDAD.pdf\"><span style=\"font-family: helvetica, arial, sans-serif; font-size: 12pt;\"><img loading=\"lazy\" decoding=\"async\" class=\" wp-image-42563 aligncenter\" src=\"https:\/\/www.senasa.gob.pe\/senasa\/descargasarchivos\/2018\/10\/pdf-1.png\" alt=\"\" width=\"48\" height=\"48\" \/><\/span><\/a><\/strong><\/span><\/td>\n<td style=\"width: 11.6708%; text-align: center; height: 56px;\"><span style=\"font-family: helvetica, arial, sans-serif; font-size: 10pt;\"><strong>\u00a0<\/strong><\/span><\/td>\n<td style=\"width: 12.6536%; text-align: center; height: 56px;\"><span style=\"font-family: helvetica, arial, sans-serif; font-size: 10pt;\"><strong>\u00a0<\/strong><\/span><\/td>\n<td style=\"width: 9.21376%; text-align: center; height: 56px;\"><span style=\"font-family: helvetica, arial, sans-serif; font-size: 10pt;\"><strong>\u00a0<\/strong><\/span><\/td>\n<td style=\"width: 9.33661%; text-align: center; height: 56px;\"><span style=\"font-family: helvetica, arial, sans-serif; font-size: 10pt;\"><strong>\u00a0<\/strong><\/span><\/td>\n<td style=\"width: 13.0221%; text-align: center; height: 56px;\"><span style=\"font-family: helvetica, arial, sans-serif; font-size: 10pt;\"><strong>\u00a0<\/strong><\/span><\/td>\n<td style=\"width: 10.9337%; text-align: center; height: 56px;\"><span style=\"font-size: 10pt; font-family: helvetica, arial, sans-serif;\"><strong>\u00a0<\/strong><\/span><\/td>\n<\/tr>\n<\/tbody>\n<\/table>\n","protected":false},"excerpt":{"rendered":"<p>N\u00b0 Proceso Posiciones Puesto Bases Resultado: Cumplimiento de Requisitos M\u00ednimos Resultado: Evaluaci\u00f3n de Conocimientos Resultado: Entrevista personal Resultado: Evaluaci\u00f3n curricular y Final Nuevo Cronograma Comunicado \/ Fe de erratas CAS N\u00b0010-2024 1 \u00a0Asistente Intermedio de Inocuidad \u00a0 \u00a0 \u00a0 \u00a0 \u00a0 \u00a0<\/p>\n","protected":false},"author":48,"featured_media":0,"parent":0,"menu_order":0,"comment_status":"closed","ping_status":"closed","template":"","meta":{"footnotes":""},"class_list":["post-85794","page","type-page","status-publish","hentry"],"_links":{"self":[{"href":"https:\/\/www.senasa.gob.pe\/senasa\/wp-json\/wp\/v2\/pages\/85794","targetHints":{"allow":["GET"]}}],"collection":[{"href":"https:\/\/www.senasa.gob.pe\/senasa\/wp-json\/wp\/v2\/pages"}],"about":[{"href":"https:\/\/www.senasa.gob.pe\/senasa\/wp-json\/wp\/v2\/types\/page"}],"author":[{"embeddable":true,"href":"https:\/\/www.senasa.gob.pe\/senasa\/wp-json\/wp\/v2\/users\/48"}],"replies":[{"embeddable":true,"href":"https:\/\/www.senasa.gob.pe\/senasa\/wp-json\/wp\/v2\/comments?post=85794"}],"version-history":[{"count":4,"href":"https:\/\/www.senasa.gob.pe\/senasa\/wp-json\/wp\/v2\/pages\/85794\/revisions"}],"predecessor-version":[{"id":86341,"href":"https:\/\/www.senasa.gob.pe\/senasa\/wp-json\/wp\/v2\/pages\/85794\/revisions\/86341"}],"wp:attachment":[{"href":"https:\/\/www.senasa.gob.pe\/senasa\/wp-json\/wp\/v2\/media?parent=85794"}],"curies":[{"name":"wp","href":"https:\/\/api.w.org\/{rel}","templated":true}]}}