{"id":8584,"date":"2014-12-09T07:35:55","date_gmt":"2014-12-09T07:35:55","guid":{"rendered":"http:\/\/200.60.104.74\/senasa\/?page_id=8584"},"modified":"2015-04-27T14:18:53","modified_gmt":"2015-04-27T19:18:53","slug":"julio-10-2012","status":"publish","type":"page","link":"https:\/\/www.senasa.gob.pe\/senasa\/julio-10-2012\/","title":{"rendered":"Julio 10, 2012"},"content":{"rendered":"<p style=\"text-align: justify;\" align=\"center\"><span style=\"color: #800000; font-family: helvetica; font-size: 12pt;\"><strong>COMUNICADO<\/strong><\/span><\/p>\n<p style=\"text-align: justify;\"><span style=\"font-family: helvetica; font-size: 12pt;\">Mediante Nota Informativa (DPE-PCO) N\u00b0 145, el Ministerio de Relaciones Exteriores informa sobre los requisitos y detalles para el registro de establecimientos de alimentos en el Cap\u00edtulo IV, Secci\u00f3n 415, de la Ley del FDA.<\/span><\/p>\n<div style=\"text-align: justify;\"><a href=\"https:\/\/www.senasa.gob.pe\/senasa\/descargasarchivos\/2014\/12\/Nota-info-registro-Establecimiento-de-Alimentos-FDA.pdf\" target=\"_blank\"><span style=\"font-family: helvetica; font-size: 12pt;\"><em>&gt; M\u00e1s informaci\u00f3n<\/em><\/span><\/a><\/div>\n<div style=\"text-align: right;\" align=\"right\"><span style=\"font-family: helvetica; font-size: 12pt;\">10 de Julio de 2012<\/span><\/div>\n<div style=\"text-align: justify;\" align=\"center\">\n<hr align=\"center\" size=\"2\" width=\"100%\" \/>\n<\/div>\n<div style=\"text-align: justify;\"><span style=\"font-family: helvetica; font-size: 12pt;\"><em>Direcci\u00f3n de Insumos Agropecuarios e Inocuidad Agroalimentaria<\/em><\/span><\/div>\n<div style=\"text-align: justify;\"><span style=\"font-family: helvetica; font-size: 12pt;\"><em>Subdirecci\u00f3n de Inocuidad Agroalimentaria<\/em><\/span><\/div>\n","protected":false},"excerpt":{"rendered":"<p>COMUNICADO Mediante Nota Informativa (DPE-PCO) N\u00b0 145, el Ministerio de Relaciones Exteriores informa sobre los requisitos y detalles para el registro de establecimientos de alimentos en el Cap\u00edtulo IV, Secci\u00f3n 415, de la Ley del FDA. &gt; M\u00e1s informaci\u00f3n 10 de Julio de 2012 Direcci\u00f3n de Insumos Agropecuarios e Inocuidad Agroalimentaria Subdirecci\u00f3n de Inocuidad Agroalimentaria<\/p>\n","protected":false},"author":127,"featured_media":0,"parent":0,"menu_order":0,"comment_status":"closed","ping_status":"closed","template":"","meta":{"footnotes":""},"class_list":["post-8584","page","type-page","status-publish","hentry"],"_links":{"self":[{"href":"https:\/\/www.senasa.gob.pe\/senasa\/wp-json\/wp\/v2\/pages\/8584","targetHints":{"allow":["GET"]}}],"collection":[{"href":"https:\/\/www.senasa.gob.pe\/senasa\/wp-json\/wp\/v2\/pages"}],"about":[{"href":"https:\/\/www.senasa.gob.pe\/senasa\/wp-json\/wp\/v2\/types\/page"}],"author":[{"embeddable":true,"href":"https:\/\/www.senasa.gob.pe\/senasa\/wp-json\/wp\/v2\/users\/127"}],"replies":[{"embeddable":true,"href":"https:\/\/www.senasa.gob.pe\/senasa\/wp-json\/wp\/v2\/comments?post=8584"}],"version-history":[{"count":0,"href":"https:\/\/www.senasa.gob.pe\/senasa\/wp-json\/wp\/v2\/pages\/8584\/revisions"}],"wp:attachment":[{"href":"https:\/\/www.senasa.gob.pe\/senasa\/wp-json\/wp\/v2\/media?parent=8584"}],"curies":[{"name":"wp","href":"https:\/\/api.w.org\/{rel}","templated":true}]}}