{"id":8726,"date":"2014-12-10T03:51:47","date_gmt":"2014-12-10T03:51:47","guid":{"rendered":"http:\/\/200.60.104.74\/senasa\/?page_id=8726"},"modified":"2020-10-14T17:49:14","modified_gmt":"2020-10-14T22:49:14","slug":"laboratorio-de-control-de-calidad-de-insumos-agropecuarios","status":"publish","type":"page","link":"https:\/\/www.senasa.gob.pe\/senasa\/laboratorio-de-control-de-calidad-de-insumos-agropecuarios\/","title":{"rendered":"Laboratorio de Control de Calidad de Insumos Agropecuarios"},"content":{"rendered":"<p class=\"subtitulo\" style=\"text-align: justify;\" align=\"left\"><span style=\"font-family: helvetica; font-size: 12pt;\"><strong><span style=\"color: #0000ff;\">LABORATORIO DE CONTROL DE CALIDAD DE INSUMOS AGROPECUARIOS <\/span><\/strong><\/span><\/p>\n<p style=\"text-align: justify;\" align=\"justify\"><span style=\"font-family: helvetica; font-size: 12pt;\">Brinda servicios anal\u00edticos para el control de calidad de plaguicidas formulados, medicamentos veterinarios \u00a0y otros productos de uso agropecuario importados y de fabricaci\u00f3n nacional que se comercializan en el pa\u00eds. El control de calidad de plaguicidas formulados se basa en las especificaciones\u00a0t\u00e9cnicas\u00a0de la FAO y se utilizan m\u00e9todos normalizados emitidos por organismos internacionalmente reconocidos como la AOAC y CIPAC. Para el an\u00e1lisis de medicamentos veterinarios se usan m\u00e9todos normalizados como los de la Farmacopeas Norteamericana (USP) y Brit\u00e1nica (BP). Adem\u00e1s, se utilizan m\u00e9todos anal\u00edticos propios desarrollados y\u00a0validados en le laboratorio. Los servicios anal\u00edticos que brinda la UCCIRT se aplican para la verificaci\u00f3n oficial de la calidad de los plaguicidas qu\u00edmicos de uso agr\u00edcola y de los productos de uso veterinario que se comercializan en el pa\u00eds, seg\u00fan lo establecido en los decretos supremos 016-2000-AG y 015-98-AG, respectivamente.\u00a0<\/span><\/p>\n<p style=\"text-align: justify;\"><span style=\"font-family: helvetica; font-size: 12pt;\"><strong>DIRECTOR DE UCCIRT:<\/strong><\/span><\/p>\n<div style=\"text-align: justify;\"><span style=\"font-family: helvetica; font-size: 12pt;\"><strong>Q.F. Orlando Lucas Aguirre<\/strong><\/span><\/div>\n<div style=\"text-align: justify;\"><span style=\"font-family: helvetica; font-size: 12pt;\"><a href=\"mailto:olucas@senasa.gob.pe\"><span style=\"color: #bf272d;\">olucas@senasa.gob.pe<\/span><\/a><\/span><\/div>\n<div style=\"text-align: justify;\"><span style=\"font-family: helvetica; font-size: 12pt;\"><strong>\u00a0\u00a0 <\/strong><\/span><\/div>\n<div style=\"text-align: justify;\"><span style=\"font-family: helvetica; font-size: 12pt;\">\u00a0<\/span><\/div>\n<div style=\"text-align: justify;\"><span style=\"font-family: helvetica; font-size: 12pt;\"><strong>RECEPCION:<\/strong><\/span><\/div>\n<div style=\"text-align: justify;\"><span style=\"font-family: helvetica; font-size: 12pt;\">\u00a0<\/span><\/div>\n<div style=\"text-align: justify;\"><strong><span style=\"font-family: helvetica; font-size: 12pt;\">Jessica Pinco\u00a0<\/span><\/strong><\/div>\n<div style=\"text-align: justify;\"><a href=\"mailto:jpinco@senasa.gob.pe\"><span style=\"font-family: helvetica; font-size: 12pt;\"><span style=\"text-decoration: underline;\">jpinco@senasa.gob.pe<\/span><\/span><\/a><\/div>\n<div style=\"text-align: justify;\"><span style=\"font-family: helvetica; font-size: 12pt;\">\u00a0<\/span><\/div>\n<div style=\"text-align: justify;\"><span style=\"font-family: helvetica; font-size: 12pt;\"><strong>INSTRUMENTACI\u00d3N:<\/strong><\/span><\/div>\n<div style=\"text-align: justify;\"><a href=\"https:\/\/www.senasa.gob.pe\/senasa\/descargasarchivos\/2014\/12\/HPLC.jpg\"><img loading=\"lazy\" decoding=\"async\" class=\" wp-image-9682 size-medium aligncenter\" src=\"https:\/\/www.senasa.gob.pe\/senasa\/descargasarchivos\/2014\/12\/HPLC-300x225.jpg\" alt=\"HPLC\" width=\"300\" height=\"225\" srcset=\"https:\/\/www.senasa.gob.pe\/senasa\/descargasarchivos\/2014\/12\/HPLC-300x225.jpg 300w, https:\/\/www.senasa.gob.pe\/senasa\/descargasarchivos\/2014\/12\/HPLC-1024x768.jpg 1024w, https:\/\/www.senasa.gob.pe\/senasa\/descargasarchivos\/2014\/12\/HPLC.jpg 2048w\" sizes=\"auto, (max-width: 300px) 100vw, 300px\" \/><\/a><\/div>\n<div style=\"text-align: justify;\"><\/div>\n<div style=\"text-align: center;\"><span style=\"font-family: helvetica; font-size: 10pt;\"><strong>Cromat\u00f3grafo L\u00edquido con Detector de Arreglo de Diodos <\/strong><strong>(DAD) y Fluorescencia (Fl)<\/strong><\/span><\/div>\n<div style=\"text-align: justify;\"><a href=\"https:\/\/www.senasa.gob.pe\/senasa\/descargasarchivos\/2014\/12\/HPLC.jpg\">\u00a0<\/a><\/div>\n<div style=\"text-align: justify;\"><a href=\"https:\/\/www.senasa.gob.pe\/senasa\/descargasarchivos\/2014\/12\/DSC02417.jpg\"><img loading=\"lazy\" decoding=\"async\" class=\" wp-image-9683 size-medium aligncenter\" src=\"https:\/\/www.senasa.gob.pe\/senasa\/descargasarchivos\/2014\/12\/DSC02417-300x225.jpg\" alt=\"DSC02417\" width=\"300\" height=\"225\" srcset=\"https:\/\/www.senasa.gob.pe\/senasa\/descargasarchivos\/2014\/12\/DSC02417-300x225.jpg 300w, https:\/\/www.senasa.gob.pe\/senasa\/descargasarchivos\/2014\/12\/DSC02417-1024x768.jpg 1024w\" sizes=\"auto, (max-width: 300px) 100vw, 300px\" \/><\/a><\/div>\n<div style=\"text-align: center;\"><span style=\"font-family: helvetica; font-size: 10pt;\"><strong>Cromat\u00f3grafo de Gases con Detector\u00a0de Ionizaci\u00f3n de Flama <\/strong><strong>(CG-FID).<\/strong><\/span><\/div>\n<p>&nbsp;<\/p>\n","protected":false},"excerpt":{"rendered":"<p>LABORATORIO DE CONTROL DE CALIDAD DE INSUMOS AGROPECUARIOS Brinda servicios anal\u00edticos para el control de calidad de plaguicidas formulados, medicamentos veterinarios \u00a0y otros productos de uso agropecuario importados y de fabricaci\u00f3n nacional que se comercializan en el pa\u00eds. El control de calidad de plaguicidas formulados se basa en las especificaciones\u00a0t\u00e9cnicas\u00a0de la FAO y se utilizan [&hellip;]<\/p>\n","protected":false},"author":127,"featured_media":0,"parent":0,"menu_order":0,"comment_status":"closed","ping_status":"closed","template":"","meta":{"footnotes":""},"class_list":["post-8726","page","type-page","status-publish","hentry"],"_links":{"self":[{"href":"https:\/\/www.senasa.gob.pe\/senasa\/wp-json\/wp\/v2\/pages\/8726","targetHints":{"allow":["GET"]}}],"collection":[{"href":"https:\/\/www.senasa.gob.pe\/senasa\/wp-json\/wp\/v2\/pages"}],"about":[{"href":"https:\/\/www.senasa.gob.pe\/senasa\/wp-json\/wp\/v2\/types\/page"}],"author":[{"embeddable":true,"href":"https:\/\/www.senasa.gob.pe\/senasa\/wp-json\/wp\/v2\/users\/127"}],"replies":[{"embeddable":true,"href":"https:\/\/www.senasa.gob.pe\/senasa\/wp-json\/wp\/v2\/comments?post=8726"}],"version-history":[{"count":0,"href":"https:\/\/www.senasa.gob.pe\/senasa\/wp-json\/wp\/v2\/pages\/8726\/revisions"}],"wp:attachment":[{"href":"https:\/\/www.senasa.gob.pe\/senasa\/wp-json\/wp\/v2\/media?parent=8726"}],"curies":[{"name":"wp","href":"https:\/\/api.w.org\/{rel}","templated":true}]}}