{"id":8733,"date":"2014-12-10T03:52:33","date_gmt":"2014-12-10T03:52:33","guid":{"rendered":"http:\/\/200.60.104.74\/senasa\/?page_id=8733"},"modified":"2020-10-14T17:59:55","modified_gmt":"2020-10-14T22:59:55","slug":"laboratorio-de-analisis-de-residuos-toxicos","status":"publish","type":"page","link":"https:\/\/www.senasa.gob.pe\/senasa\/laboratorio-de-analisis-de-residuos-toxicos\/","title":{"rendered":"Laboratorio de Analisis de Residuos T\u00f3xicos"},"content":{"rendered":"<p class=\"subtitulo\" style=\"text-align: justify;\" align=\"left\"><span style=\"font-family: helvetica; font-size: 12pt;\"><strong><span class=\"titulo\"><span class=\"subtitulo2\"><span style=\"color: #0000ff;\">LABORATORIO DE\u00a0AN\u00c1LISIS \u00a0RESIDUOS T\u00d3XICOS<\/span><\/span><\/span><\/strong><\/span><\/p>\n<p style=\"text-align: justify;\" align=\"justify\"><span style=\"font-family: helvetica; font-size: 12pt;\">Ofrece\u00a0servicios de an\u00e1lisis de residuos de plaguicidas, medicamentos veterinarios y\u00a0metales t\u00f3xicos en alimentos agropecuarios.Se utilizan m\u00e9todos de an\u00e1lisis emitidos por organismos\u00a0\u00a0internacionalmente reconocidos \u00a0como EPA,FDA, USDA, AOAC y Comunidad Europea ,entre otros.Asimismo,se usan m\u00e9todos an\u00e1liticos propios \u00a0desarrollados y validados en el laboratorio.Los servicios de an\u00e1lisis de residuos t\u00f3xicos que brinda la UCCIRT se aplican en los planes nacionales de monitoreo de residuos t\u00f3xicos que ejecuta el SENASA con la finalidad de verificar la inocuidad alimentaria con respecto\u00a0 a residuos de plaguicidas y medicamentos veterinarios con el objetivo de contribuir a mejorar la salud p\u00fablica de los consumidores y para apoyar y facilitar el comercio internacional de alimentos agropecuarios.\u00a0\u00a0<\/span><\/p>\n<div style=\"text-align: justify;\">\n<p style=\"text-align: justify;\"><span style=\"font-family: helvetica; font-size: 12pt;\"><strong>DIRECTOR DE UCCIRT:<\/strong><\/span><\/p>\n<div style=\"text-align: justify;\"><span style=\"font-family: helvetica; font-size: 12pt;\"><strong>Q.F. Orlando Lucas Aguirre<\/strong><\/span><\/div>\n<div style=\"text-align: justify;\"><span style=\"font-family: helvetica; font-size: 12pt;\"><a href=\"mailto:olucas@senasa.gob.pe\"><span style=\"color: #bf272d;\">olucas@senasa.gob.pe<\/span><\/a><\/span><\/div>\n<div style=\"text-align: justify;\"><span style=\"font-family: helvetica; font-size: 12pt;\"><strong>\u00a0\u00a0 <\/strong><\/span><\/div>\n<div style=\"text-align: justify;\"><span style=\"font-family: helvetica; font-size: 12pt;\">\u00a0<\/span><\/div>\n<div style=\"text-align: justify;\"><span style=\"font-family: helvetica; font-size: 12pt;\"><strong>RECEPCION Y ATENCION AL USUARIO:<\/strong><\/span><\/div>\n<div style=\"text-align: justify;\"><span style=\"font-family: helvetica; font-size: 12pt;\">\u00a0<\/span><\/div>\n<\/div>\n<div align=\"left\">\n<div style=\"text-align: justify;\" align=\"left\"><span style=\"font-family: helvetica, arial, sans-serif; font-size: 12pt;\"><strong>Milagritos Yepez Castro<\/strong><br \/>\n<a href=\"mailto:olucas@senasa.gob.pe\">myepez@senasa.gob.pe<\/a><\/span><\/div>\n<\/div>\n<div style=\"text-align: justify;\"><\/div>\n<div><span style=\"font-size: xx-small;\">\u00a0<\/span><\/div>\n<div><strong><span style=\"font-size: small;\">INSTRUMENTACI\u00d3N ANAL\u00cdTICA:<\/span><\/strong><\/div>\n<div>\n<table class=\" aligncenter\" style=\"height: 717px;\" width=\"647\">\n<tbody>\n<tr>\n<td style=\"text-align: justify;\"><span style=\"font-size: small;\"><strong>Cromat\u00f3grafo L\u00edquido acoplado a Espectr\u00f3metro de Masa en Tandem (LC\/MS\/MS):<br \/>\n<\/strong> Detecta contaminantes que se encuentran en las muestras en el orden de partes por bill\u00f3n (10<sup>-9 <\/sup>g). Presenta alta sensibilidad y selectividad en matrices complejas. Se aplica en el an\u00e1lisis de residuos de medicamentos veterinarios y multiresiduos de plaguicidas en\u00a0alimentos.<\/span><\/td>\n<td><a href=\"https:\/\/www.senasa.gob.pe\/senasa\/descargasarchivos\/2014\/12\/MS-MS2.jpg\"><img loading=\"lazy\" decoding=\"async\" class=\"alignnone wp-image-9687 size-medium\" src=\"https:\/\/www.senasa.gob.pe\/senasa\/descargasarchivos\/2014\/12\/MS-MS2-300x225.jpg\" alt=\"MS-MS2\" width=\"300\" height=\"225\" srcset=\"https:\/\/www.senasa.gob.pe\/senasa\/descargasarchivos\/2014\/12\/MS-MS2-300x225.jpg 300w, https:\/\/www.senasa.gob.pe\/senasa\/descargasarchivos\/2014\/12\/MS-MS2-1024x768.jpg 1024w, https:\/\/www.senasa.gob.pe\/senasa\/descargasarchivos\/2014\/12\/MS-MS2.jpg 2048w\" sizes=\"auto, (max-width: 300px) 100vw, 300px\" \/><\/a><\/td>\n<\/tr>\n<tr>\n<td style=\"text-align: justify;\"><span style=\"font-size: small;\"><strong>Cromat\u00f3grafo de Gases con detector Espectr\u00f3metro de Masas (CG-MS).<br \/>\n<\/strong> Determina trazas de compuestos org\u00e1nicos en el orden de decenas de fentogramos (10-<sup>12<\/sup>g). Se aplica para el an\u00e1lisis de multirresiduos de pesticidas\u00a0y residuos de\u00a0medicamentos veterinarios en alimentos. <\/span><\/td>\n<td>\u00a0<span style=\"font-family: helvetica; font-size: 12pt;\"><strong><span class=\"titulo\"><span class=\"subtitulo2\"><a href=\"https:\/\/www.senasa.gob.pe\/senasa\/descargasarchivos\/2014\/12\/DSC02417.jpg\"><img loading=\"lazy\" decoding=\"async\" class=\"alignnone wp-image-9683 size-medium\" src=\"https:\/\/www.senasa.gob.pe\/senasa\/descargasarchivos\/2014\/12\/DSC02417-300x225.jpg\" alt=\"DSC02417\" width=\"300\" height=\"225\" srcset=\"https:\/\/www.senasa.gob.pe\/senasa\/descargasarchivos\/2014\/12\/DSC02417-300x225.jpg 300w, https:\/\/www.senasa.gob.pe\/senasa\/descargasarchivos\/2014\/12\/DSC02417-1024x768.jpg 1024w\" sizes=\"auto, (max-width: 300px) 100vw, 300px\" \/><\/a><\/span><\/span><\/strong><\/span><\/td>\n<\/tr>\n<tr>\n<td style=\"text-align: justify;\"><span style=\"font-size: small;\"><strong>Plasma Acoplado Inductivamente Con Espectr\u00f3metro de Masa (ICP-MS)<br \/>\n<\/strong> El equipo analiza metales alcanzando niveles de l\u00edmites de detecci\u00f3n de partes por trill\u00f3n. El acoplamiento a la cromatograf\u00eda l\u00edquida permite la identificaci\u00f3n de Ars\u00e9nico y Cromo presentes en alimentos y\u00a0 muestras ambientales.<\/span><\/td>\n<td>\u00a0<span style=\"font-family: helvetica; font-size: 12pt;\"><strong><span class=\"titulo\"><span class=\"subtitulo2\"><a href=\"https:\/\/www.senasa.gob.pe\/senasa\/descargasarchivos\/2014\/12\/ICP-MS.jpg\"><img loading=\"lazy\" decoding=\"async\" class=\"alignnone wp-image-9688 size-medium\" src=\"https:\/\/www.senasa.gob.pe\/senasa\/descargasarchivos\/2014\/12\/ICP-MS-300x225.jpg\" alt=\"ICP-MS\" width=\"300\" height=\"225\" srcset=\"https:\/\/www.senasa.gob.pe\/senasa\/descargasarchivos\/2014\/12\/ICP-MS-300x225.jpg 300w, https:\/\/www.senasa.gob.pe\/senasa\/descargasarchivos\/2014\/12\/ICP-MS-1024x768.jpg 1024w, https:\/\/www.senasa.gob.pe\/senasa\/descargasarchivos\/2014\/12\/ICP-MS.jpg 2048w\" sizes=\"auto, (max-width: 300px) 100vw, 300px\" \/><\/a><\/span><\/span><\/strong><\/span><\/td>\n<\/tr>\n<\/tbody>\n<\/table>\n<\/div>\n<p>&nbsp;<\/p>\n","protected":false},"excerpt":{"rendered":"<p>LABORATORIO DE\u00a0AN\u00c1LISIS \u00a0RESIDUOS T\u00d3XICOS Ofrece\u00a0servicios de an\u00e1lisis de residuos de plaguicidas, medicamentos veterinarios y\u00a0metales t\u00f3xicos en alimentos agropecuarios.Se utilizan m\u00e9todos de an\u00e1lisis emitidos por organismos\u00a0\u00a0internacionalmente reconocidos \u00a0como EPA,FDA, USDA, AOAC y Comunidad Europea ,entre otros.Asimismo,se usan m\u00e9todos an\u00e1liticos propios \u00a0desarrollados y validados en el laboratorio.Los servicios de an\u00e1lisis de residuos t\u00f3xicos que brinda la UCCIRT [&hellip;]<\/p>\n","protected":false},"author":127,"featured_media":0,"parent":0,"menu_order":0,"comment_status":"closed","ping_status":"closed","template":"","meta":{"footnotes":""},"class_list":["post-8733","page","type-page","status-publish","hentry"],"_links":{"self":[{"href":"https:\/\/www.senasa.gob.pe\/senasa\/wp-json\/wp\/v2\/pages\/8733","targetHints":{"allow":["GET"]}}],"collection":[{"href":"https:\/\/www.senasa.gob.pe\/senasa\/wp-json\/wp\/v2\/pages"}],"about":[{"href":"https:\/\/www.senasa.gob.pe\/senasa\/wp-json\/wp\/v2\/types\/page"}],"author":[{"embeddable":true,"href":"https:\/\/www.senasa.gob.pe\/senasa\/wp-json\/wp\/v2\/users\/127"}],"replies":[{"embeddable":true,"href":"https:\/\/www.senasa.gob.pe\/senasa\/wp-json\/wp\/v2\/comments?post=8733"}],"version-history":[{"count":0,"href":"https:\/\/www.senasa.gob.pe\/senasa\/wp-json\/wp\/v2\/pages\/8733\/revisions"}],"wp:attachment":[{"href":"https:\/\/www.senasa.gob.pe\/senasa\/wp-json\/wp\/v2\/media?parent=8733"}],"curies":[{"name":"wp","href":"https:\/\/api.w.org\/{rel}","templated":true}]}}