{"id":8774,"date":"2014-12-10T04:10:58","date_gmt":"2014-12-10T04:10:58","guid":{"rendered":"http:\/\/200.60.104.74\/senasa\/?page_id=8774"},"modified":"2015-01-13T05:47:37","modified_gmt":"2015-01-13T05:47:37","slug":"laboratorio-de-enfermedades-vesiculares","status":"publish","type":"page","link":"https:\/\/www.senasa.gob.pe\/senasa\/laboratorio-de-enfermedades-vesiculares\/","title":{"rendered":"Laboratorio de Enfermedades Vesiculares"},"content":{"rendered":"<p class=\"subtitulo\" style=\"text-align: justify;\"><span style=\"font-family: helvetica; font-size: 12pt;\"><strong>LABORATORIO DE ENFERMEDADES VESICULARES<\/strong><\/span><\/p>\n<p style=\"text-align: justify;\"><span style=\"font-family: helvetica; font-size: 12pt;\"><strong>&#8211; Descripci\u00f3n del \u00e1rea<\/strong>.<\/span><br \/>\n<span style=\"font-family: helvetica; font-size: 12pt;\"> \u00a0<\/span><br \/>\n<span style=\"font-family: helvetica; font-size: 12pt;\"> El Laboratorio de Enfermedades Vesiculares cuenta con ambientes dise\u00f1ados bajo las especificaciones t\u00e9cnicas del Nivel de Bioseguridad 3\u00a0para los laboratorios especializados en Fiebre Aftosa.<\/span><br \/>\n<span style=\"font-family: helvetica; font-size: 12pt;\"> Cuenta con un sistema de depresi\u00f3n de aire (presi\u00f3n negativa) en cada uno de sus ambientes; filtraci\u00f3n del aire a trav\u00e9s de filtros absolutos (HEPA), vestuarios (limpio y contaminado) separados por duchas de uso obligatorio, ventanas herm\u00e9ticas de doble vidrio, autoclave de frontera y c\u00e1mara para fumigaci\u00f3n qu\u00edmica.<\/span><\/p>\n<p><span style=\"font-family: helvetica; font-size: 12pt;\"> Se encarga de brindar servicios de diagnostico diferencial de las enfermedades vesiculares como la Fiebre Aftosa y la Estomatitis Vesicular; en apoyo a las acciones de vigilancia pasiva (reportes de sospecha de ocurrencia en campo) y vigilancia activa. <\/span><\/p>\n<p><span style=\"font-family: helvetica; font-size: 12pt;\"> El Laboratorio utiliza de manera rutinaria las metodolog\u00edas de diagn\u00f3stico respaldadas, en los aspectos t\u00e9cnicos y log\u00edsticos, por el Centro Panamericano de Fiebre Aftosa PANAFTOSA, quien adem\u00e1s brinda asesoramiento y reactivos biol\u00f3gicos de referencia.<\/span><\/p>\n<p style=\"text-align: justify;\"><span style=\"font-family: helvetica; font-size: 12pt;\">\u00a0<strong>&#8211; Personal <\/strong><\/span><\/p>\n<p style=\"text-align: justify;\"><span style=\"font-family: helvetica; font-size: 12pt;\">Medico Veterinario: Salom\u00f3n Ortiz Rojas<\/span><br \/>\n<span style=\"font-family: helvetica; font-size: 12pt;\"> T\u00e9cnico de laboratorio: H\u00e9ctor de la Cruz Orellana<\/span><\/p>\n","protected":false},"excerpt":{"rendered":"<p>LABORATORIO DE ENFERMEDADES VESICULARES &#8211; Descripci\u00f3n del \u00e1rea. \u00a0 El Laboratorio de Enfermedades Vesiculares cuenta con ambientes dise\u00f1ados bajo las especificaciones t\u00e9cnicas del Nivel de Bioseguridad 3\u00a0para los laboratorios especializados en Fiebre Aftosa. Cuenta con un sistema de depresi\u00f3n de aire (presi\u00f3n negativa) en cada uno de sus ambientes; filtraci\u00f3n del aire a trav\u00e9s de [&hellip;]<\/p>\n","protected":false},"author":127,"featured_media":0,"parent":0,"menu_order":0,"comment_status":"closed","ping_status":"closed","template":"","meta":{"footnotes":""},"class_list":["post-8774","page","type-page","status-publish","hentry"],"_links":{"self":[{"href":"https:\/\/www.senasa.gob.pe\/senasa\/wp-json\/wp\/v2\/pages\/8774","targetHints":{"allow":["GET"]}}],"collection":[{"href":"https:\/\/www.senasa.gob.pe\/senasa\/wp-json\/wp\/v2\/pages"}],"about":[{"href":"https:\/\/www.senasa.gob.pe\/senasa\/wp-json\/wp\/v2\/types\/page"}],"author":[{"embeddable":true,"href":"https:\/\/www.senasa.gob.pe\/senasa\/wp-json\/wp\/v2\/users\/127"}],"replies":[{"embeddable":true,"href":"https:\/\/www.senasa.gob.pe\/senasa\/wp-json\/wp\/v2\/comments?post=8774"}],"version-history":[{"count":0,"href":"https:\/\/www.senasa.gob.pe\/senasa\/wp-json\/wp\/v2\/pages\/8774\/revisions"}],"wp:attachment":[{"href":"https:\/\/www.senasa.gob.pe\/senasa\/wp-json\/wp\/v2\/media?parent=8774"}],"curies":[{"name":"wp","href":"https:\/\/api.w.org\/{rel}","templated":true}]}}