{"id":8778,"date":"2014-12-10T04:12:29","date_gmt":"2014-12-10T04:12:29","guid":{"rendered":"http:\/\/200.60.104.74\/senasa\/?page_id=8778"},"modified":"2015-01-13T05:49:19","modified_gmt":"2015-01-13T05:49:19","slug":"laboratorio-de-parasitologia","status":"publish","type":"page","link":"https:\/\/www.senasa.gob.pe\/senasa\/laboratorio-de-parasitologia\/","title":{"rendered":"Laboratorio de Parasitolog\u00eda"},"content":{"rendered":"<p class=\"subtitulo\" style=\"text-align: justify;\" align=\"left\"><span style=\"font-family: helvetica; font-size: 12pt;\"><strong>EL LABORATORIO\u00a0 DE\u00a0 PARASITOLOG\u00cdA<\/strong><\/span><\/p>\n<p style=\"text-align: justify;\"><span style=\"font-family: helvetica; font-size: 12pt;\">&#8211; <strong>Descripci\u00f3n<\/strong><\/span><\/p>\n<p style=\"text-align: justify;\"><span style=\"font-family: helvetica; font-size: 12pt;\">El Laboratorio\u00a0 de\u00a0 Parasitolog\u00eda cuenta con las \u00e1reas de diagn\u00f3stico parasitol\u00f3gico coprol\u00f3gico convencional y la de inmunoparasitolog\u00eda, de muestras de animales que\u00a0 llegan de todo el pa\u00eds para el descarte de enfermedades parasitarias de los animales as\u00ed como de aquellos que van a ingresar al Per\u00fa. \u00a0Para ello se cuenta con personal capacitado, equipamiento y infraestructura moderna que nos permiten hacer un trabajo de calidad.<\/span><\/p>\n<p style=\"text-align: justify;\"><span style=\"font-family: helvetica; font-size: 12pt;\">&#8211;<strong> Personal<\/strong><\/span><\/p>\n<p style=\"text-align: justify;\"><span style=\"font-family: helvetica; font-size: 12pt;\">Medico Veterinario: W\u00e1shington Valencia L\u00edmaco<\/span><br \/>\n<span style=\"font-family: helvetica; font-size: 12pt;\"> T\u00e9cnico de Laboratorio: Rosario Yactayo Campos<\/span><\/p>\n","protected":false},"excerpt":{"rendered":"<p>EL LABORATORIO\u00a0 DE\u00a0 PARASITOLOG\u00cdA &#8211; Descripci\u00f3n El Laboratorio\u00a0 de\u00a0 Parasitolog\u00eda cuenta con las \u00e1reas de diagn\u00f3stico parasitol\u00f3gico coprol\u00f3gico convencional y la de inmunoparasitolog\u00eda, de muestras de animales que\u00a0 llegan de todo el pa\u00eds para el descarte de enfermedades parasitarias de los animales as\u00ed como de aquellos que van a ingresar al Per\u00fa. \u00a0Para ello se [&hellip;]<\/p>\n","protected":false},"author":127,"featured_media":0,"parent":0,"menu_order":0,"comment_status":"closed","ping_status":"closed","template":"","meta":{"footnotes":""},"class_list":["post-8778","page","type-page","status-publish","hentry"],"_links":{"self":[{"href":"https:\/\/www.senasa.gob.pe\/senasa\/wp-json\/wp\/v2\/pages\/8778","targetHints":{"allow":["GET"]}}],"collection":[{"href":"https:\/\/www.senasa.gob.pe\/senasa\/wp-json\/wp\/v2\/pages"}],"about":[{"href":"https:\/\/www.senasa.gob.pe\/senasa\/wp-json\/wp\/v2\/types\/page"}],"author":[{"embeddable":true,"href":"https:\/\/www.senasa.gob.pe\/senasa\/wp-json\/wp\/v2\/users\/127"}],"replies":[{"embeddable":true,"href":"https:\/\/www.senasa.gob.pe\/senasa\/wp-json\/wp\/v2\/comments?post=8778"}],"version-history":[{"count":0,"href":"https:\/\/www.senasa.gob.pe\/senasa\/wp-json\/wp\/v2\/pages\/8778\/revisions"}],"wp:attachment":[{"href":"https:\/\/www.senasa.gob.pe\/senasa\/wp-json\/wp\/v2\/media?parent=8778"}],"curies":[{"name":"wp","href":"https:\/\/api.w.org\/{rel}","templated":true}]}}