{"id":8780,"date":"2014-12-10T04:13:20","date_gmt":"2014-12-10T04:13:20","guid":{"rendered":"http:\/\/200.60.104.74\/senasa\/?page_id=8780"},"modified":"2015-01-13T05:50:58","modified_gmt":"2015-01-13T05:50:58","slug":"laboratorio-de-control-de-calidad","status":"publish","type":"page","link":"https:\/\/www.senasa.gob.pe\/senasa\/laboratorio-de-control-de-calidad\/","title":{"rendered":"Laboratorio de Control de Calidad"},"content":{"rendered":"<p style=\"text-align: justify;\">\n<p class=\"subtitulo\" style=\"text-align: justify;\" align=\"left\"><span style=\"font-family: helvetica; font-size: 12pt;\"><strong>LABORATORIO DE CONTROL DE CALIDAD<\/strong><\/span><\/p>\n<p style=\"text-align: justify;\"><span style=\"font-family: helvetica; font-size: 12pt;\"><strong>&#8211; Descripci\u00f3n<br \/>\n<\/strong><\/span><\/p>\n<p style=\"text-align: justify;\"><span style=\"font-family: helvetica; font-size: 12pt;\">El Laboratorio de Control de Calidad ejecuta ensayos de Control de Calidad para productos biol\u00f3gicos, f\u00e1rmacos y alimentos para consumo animal con la finalidad de garantizar que los diversos productos veterinarios cumplan con las especificaciones establecidas para cada uno de ellos, en salvaguarda de la salud pecuaria. Los diversos ensayos se realizan siguiendo las Buenas Pr\u00e1cticas de Laboratorio, normas de Bioseguridad, as\u00ed como las Normas\u00a0 ISO 9001.<\/span><\/p>\n<p style=\"text-align: justify;\"><span style=\"font-family: helvetica; font-size: 12pt;\">Los ensayos que se ejecutan para los productos biol\u00f3gicos son pruebas de esterilidad, pureza,\u00a0 titulaci\u00f3n bacteriana, inocuidad, estabilidad, identificaci\u00f3n por PCR, an\u00e1lisis f\u00edsicos y qu\u00edmicos.<\/span><\/p>\n<p style=\"text-align: justify;\"><span style=\"font-family: helvetica; font-size: 12pt;\">Los ensayos para f\u00e1rmacos orales y alimentos corresponden a: recuento de mes\u00f3filos aerobios, recuento de coliformes(Totales y Fecales), determinaci\u00f3n de bacterias pat\u00f3genas: Salmonella spp, Staphylococcus aureus, Pseudomona aeruginosa, recuento de mohos y levaduras\u00a0 y los an\u00e1lisis f\u00edsicos y qu\u00edmicos.<\/span><\/p>\n<p style=\"text-align: justify;\"><span style=\"font-family: helvetica; font-size: 12pt;\">\u00a0<strong>&#8211; Persona<\/strong>l <\/span><\/p>\n<p><span style=\"font-family: helvetica; font-size: 12pt;\"> Medico Veterinario: Marlene C\u00e1rdenas Canales<\/span><br \/>\n<span style=\"font-family: helvetica; font-size: 12pt;\"> Medico Veterinario: Lidia Conza Blanco<\/span><br \/>\n<span style=\"font-family: helvetica; font-size: 12pt;\"> T\u00e9cnico de Laboratorio: Manuela \u00d1ique Ramos<\/span><br \/>\n<span style=\"font-family: helvetica; font-size: 12pt;\"> T\u00e9cnico de Laboratorio: Omar Lozano Daza<\/span><\/p>\n<p>&nbsp;<\/p>\n","protected":false},"excerpt":{"rendered":"<p>LABORATORIO DE CONTROL DE CALIDAD &#8211; Descripci\u00f3n El Laboratorio de Control de Calidad ejecuta ensayos de Control de Calidad para productos biol\u00f3gicos, f\u00e1rmacos y alimentos para consumo animal con la finalidad de garantizar que los diversos productos veterinarios cumplan con las especificaciones establecidas para cada uno de ellos, en salvaguarda de la salud pecuaria. Los [&hellip;]<\/p>\n","protected":false},"author":127,"featured_media":0,"parent":0,"menu_order":0,"comment_status":"closed","ping_status":"closed","template":"","meta":{"footnotes":""},"class_list":["post-8780","page","type-page","status-publish","hentry"],"_links":{"self":[{"href":"https:\/\/www.senasa.gob.pe\/senasa\/wp-json\/wp\/v2\/pages\/8780","targetHints":{"allow":["GET"]}}],"collection":[{"href":"https:\/\/www.senasa.gob.pe\/senasa\/wp-json\/wp\/v2\/pages"}],"about":[{"href":"https:\/\/www.senasa.gob.pe\/senasa\/wp-json\/wp\/v2\/types\/page"}],"author":[{"embeddable":true,"href":"https:\/\/www.senasa.gob.pe\/senasa\/wp-json\/wp\/v2\/users\/127"}],"replies":[{"embeddable":true,"href":"https:\/\/www.senasa.gob.pe\/senasa\/wp-json\/wp\/v2\/comments?post=8780"}],"version-history":[{"count":0,"href":"https:\/\/www.senasa.gob.pe\/senasa\/wp-json\/wp\/v2\/pages\/8780\/revisions"}],"wp:attachment":[{"href":"https:\/\/www.senasa.gob.pe\/senasa\/wp-json\/wp\/v2\/media?parent=8780"}],"curies":[{"name":"wp","href":"https:\/\/api.w.org\/{rel}","templated":true}]}}