{"id":8784,"date":"2014-12-10T04:14:17","date_gmt":"2014-12-10T04:14:17","guid":{"rendered":"http:\/\/200.60.104.74\/senasa\/?page_id=8784"},"modified":"2015-01-13T06:13:02","modified_gmt":"2015-01-13T06:13:02","slug":"laboratorio-de-patologia","status":"publish","type":"page","link":"https:\/\/www.senasa.gob.pe\/senasa\/laboratorio-de-patologia\/","title":{"rendered":"Laboratorio de Patolog\u00eda"},"content":{"rendered":"<p style=\"text-align: justify;\">\n<p class=\"subtitulo\" style=\"text-align: justify;\" align=\"left\"><span style=\"font-family: helvetica; font-size: 12pt;\"><strong>LABORATORIO DE PATOLOG\u00cdA<\/strong><\/span><\/p>\n<p style=\"text-align: justify;\"><span style=\"font-family: helvetica; font-size: 12pt;\"><strong>&#8211; Descripci\u00f3n<\/strong><\/span><\/p>\n<p style=\"text-align: justify;\"><span style=\"font-family: helvetica; font-size: 12pt;\">Este laboratorio cuenta con \u00e1reas de necropsia, histopatolog\u00eda, e inmunohistoqu\u00edmica, realiza an\u00e1lisis para el diagn\u00f3stico patol\u00f3gico de las enfermedades de los animales dom\u00e9sticos, analiza muestras procedentes de programas oficiales de control de enfermedades existentes en el pa\u00eds.<\/span><br \/>\n<span style=\"font-family: helvetica; font-size: 12pt;\"> Participa activamente en la vigilancia de la Encefalopat\u00eda Espongiforme Bovina (EBB) y otras Encefalopat\u00edas trasmisibles. <\/span><br \/>\n<span style=\"font-family: helvetica; font-size: 12pt;\"> Las t\u00e9cnicas utilizadas por el laboratorio de Patolog\u00eda son coloraciones especiales, histoqu\u00edmicas e inmunohistoqu\u00edmicas y microscop\u00eda de alimentos.<\/span><br \/>\n<span style=\"font-family: helvetica; font-size: 12pt;\"> Los an\u00e1lisis para Encefalopat\u00edas Espongiformes Transmisibles cuentan con controles proporcionados por el CVL Weybridge de Reino Unido, y los resultados son verificados por expertos de ese centro de referencia de la OIE.<\/span><\/p>\n<p><span style=\"font-family: helvetica; font-size: 12pt;\"><strong>&#8211; Personal<br \/>\n<\/strong><\/span><\/p>\n<ul>\n<li style=\"text-align: justify;\"><span style=\"font-family: helvetica; font-size: 12pt;\">Medico Veterinario: <em>Mv. <\/em>Cesar Caro Magni<\/span><\/li>\n<li style=\"text-align: justify;\"><span style=\"font-family: helvetica; font-size: 12pt;\">Medico Veterinario: <em>Mv. <\/em>Marco Galarza Soto<\/span><\/li>\n<li><span style=\"font-family: helvetica;\">T\u00e9cnico de Laboratorio: Mar\u00eda Salazar Valderrama<\/span><\/li>\n<\/ul>\n<p>&nbsp;<\/p>\n","protected":false},"excerpt":{"rendered":"<p>LABORATORIO DE PATOLOG\u00cdA &#8211; Descripci\u00f3n Este laboratorio cuenta con \u00e1reas de necropsia, histopatolog\u00eda, e inmunohistoqu\u00edmica, realiza an\u00e1lisis para el diagn\u00f3stico patol\u00f3gico de las enfermedades de los animales dom\u00e9sticos, analiza muestras procedentes de programas oficiales de control de enfermedades existentes en el pa\u00eds. Participa activamente en la vigilancia de la Encefalopat\u00eda Espongiforme Bovina (EBB) y otras [&hellip;]<\/p>\n","protected":false},"author":127,"featured_media":0,"parent":0,"menu_order":0,"comment_status":"closed","ping_status":"closed","template":"","meta":{"footnotes":""},"class_list":["post-8784","page","type-page","status-publish","hentry"],"_links":{"self":[{"href":"https:\/\/www.senasa.gob.pe\/senasa\/wp-json\/wp\/v2\/pages\/8784","targetHints":{"allow":["GET"]}}],"collection":[{"href":"https:\/\/www.senasa.gob.pe\/senasa\/wp-json\/wp\/v2\/pages"}],"about":[{"href":"https:\/\/www.senasa.gob.pe\/senasa\/wp-json\/wp\/v2\/types\/page"}],"author":[{"embeddable":true,"href":"https:\/\/www.senasa.gob.pe\/senasa\/wp-json\/wp\/v2\/users\/127"}],"replies":[{"embeddable":true,"href":"https:\/\/www.senasa.gob.pe\/senasa\/wp-json\/wp\/v2\/comments?post=8784"}],"version-history":[{"count":0,"href":"https:\/\/www.senasa.gob.pe\/senasa\/wp-json\/wp\/v2\/pages\/8784\/revisions"}],"wp:attachment":[{"href":"https:\/\/www.senasa.gob.pe\/senasa\/wp-json\/wp\/v2\/media?parent=8784"}],"curies":[{"name":"wp","href":"https:\/\/api.w.org\/{rel}","templated":true}]}}