{"id":8788,"date":"2014-12-10T04:15:17","date_gmt":"2014-12-10T04:15:17","guid":{"rendered":"http:\/\/200.60.104.74\/senasa\/?page_id=8788"},"modified":"2015-01-13T06:15:37","modified_gmt":"2015-01-13T06:15:37","slug":"laboratorio-de-bacteriologia","status":"publish","type":"page","link":"https:\/\/www.senasa.gob.pe\/senasa\/laboratorio-de-bacteriologia\/","title":{"rendered":"Laboratorio de Bacteriolog\u00eda"},"content":{"rendered":"<p style=\"text-align: justify;\">\n<p class=\"subtitulo\" style=\"text-align: justify;\" align=\"left\"><span style=\"font-family: helvetica; font-size: 12pt;\"><strong>LABORATORIO DE BACTERIOLOG\u00cdA<\/strong><\/span><\/p>\n<p style=\"text-align: justify;\"><span style=\"font-family: helvetica; font-size: 12pt;\"><strong>&#8211; Descripci\u00f3n<\/strong><\/span><\/p>\n<p style=\"text-align: justify;\"><span style=\"font-family: helvetica; font-size: 12pt;\">Unidad encargada de realizar el diagn\u00f3stico de enfermedades de etiolog\u00eda bacteriana; cuenta con las \u00e1reas de Cultivo, Brucelosis, Leptospirosis y Tuberculosis; coopera con las \u00e1reas de Vigilancia, Programas y Defensa Zoosanitaria de la Direcci\u00f3n de Sanidad Animal, en la vigilancia, control y erradicaci\u00f3n de la Brucelosis, Tuberculosis, \u00c1ntrax, Salmonelosis, y Clostridiosis; y tambi\u00e9n en diagn\u00f3sticos bacteriol\u00f3gicos de aquellas que soliciten los usuarios.<\/span><\/p>\n<p style=\"text-align: justify;\"><span style=\"font-family: helvetica; font-size: 12pt;\">\u00a0<strong>&#8211; Personal<\/p>\n<p><\/strong>Medico Veterinario: MSc. Mart\u00edn Ortiz Morera\u00a0<\/span><br \/>\n<span style=\"font-family: helvetica; font-size: 12pt;\"> Medico Veterinario: Victor Manuel Herrera Chacon<\/span><\/p>\n<p style=\"text-align: justify;\"><span style=\"font-family: helvetica; font-size: 12pt;\">T\u00e9cnico de Laboratorio:\u00a0 Sara Moncayo Geronimo<\/span><br \/>\n<span style=\"font-family: helvetica; font-size: 12pt;\"> Auxiliar de Laboratorio. Olinda Guevara Tinoco<\/span><\/p>\n<p>&nbsp;<\/p>\n","protected":false},"excerpt":{"rendered":"<p>LABORATORIO DE BACTERIOLOG\u00cdA &#8211; Descripci\u00f3n Unidad encargada de realizar el diagn\u00f3stico de enfermedades de etiolog\u00eda bacteriana; cuenta con las \u00e1reas de Cultivo, Brucelosis, Leptospirosis y Tuberculosis; coopera con las \u00e1reas de Vigilancia, Programas y Defensa Zoosanitaria de la Direcci\u00f3n de Sanidad Animal, en la vigilancia, control y erradicaci\u00f3n de la Brucelosis, Tuberculosis, \u00c1ntrax, Salmonelosis, y [&hellip;]<\/p>\n","protected":false},"author":127,"featured_media":0,"parent":0,"menu_order":0,"comment_status":"closed","ping_status":"closed","template":"","meta":{"footnotes":""},"class_list":["post-8788","page","type-page","status-publish","hentry"],"_links":{"self":[{"href":"https:\/\/www.senasa.gob.pe\/senasa\/wp-json\/wp\/v2\/pages\/8788","targetHints":{"allow":["GET"]}}],"collection":[{"href":"https:\/\/www.senasa.gob.pe\/senasa\/wp-json\/wp\/v2\/pages"}],"about":[{"href":"https:\/\/www.senasa.gob.pe\/senasa\/wp-json\/wp\/v2\/types\/page"}],"author":[{"embeddable":true,"href":"https:\/\/www.senasa.gob.pe\/senasa\/wp-json\/wp\/v2\/users\/127"}],"replies":[{"embeddable":true,"href":"https:\/\/www.senasa.gob.pe\/senasa\/wp-json\/wp\/v2\/comments?post=8788"}],"version-history":[{"count":0,"href":"https:\/\/www.senasa.gob.pe\/senasa\/wp-json\/wp\/v2\/pages\/8788\/revisions"}],"wp:attachment":[{"href":"https:\/\/www.senasa.gob.pe\/senasa\/wp-json\/wp\/v2\/media?parent=8788"}],"curies":[{"name":"wp","href":"https:\/\/api.w.org\/{rel}","templated":true}]}}