{"id":8790,"date":"2014-12-10T04:15:46","date_gmt":"2014-12-10T04:15:46","guid":{"rendered":"http:\/\/200.60.104.74\/senasa\/?page_id=8790"},"modified":"2015-01-13T06:19:28","modified_gmt":"2015-01-13T06:19:28","slug":"laboratorio-de-biologia-molecular","status":"publish","type":"page","link":"https:\/\/www.senasa.gob.pe\/senasa\/laboratorio-de-biologia-molecular\/","title":{"rendered":"Laboratorio de Biolog\u00eda Molecular"},"content":{"rendered":"<p style=\"text-align: justify;\">\n<p style=\"text-align: justify;\">\n<p class=\"subtitulo2\" style=\"text-align: justify;\"><span style=\"font-family: helvetica; font-size: 12pt;\"><strong>LABORATORIO DE BIOLOGIA MOLECULAR<\/strong><\/span><\/p>\n<p style=\"text-align: justify;\"><span style=\"font-family: helvetica; font-size: 12pt;\"><strong>&#8211; Descripci\u00f3n<\/strong><\/span><\/p>\n<p><span style=\"font-family: helvetica; font-size: 12pt;\"> Moderno laboratorio implementado por el JICA, utiliza la t\u00e9cnica molecular denominada reacci\u00f3n en cadena de la polimerasa (PCR) para el control de calidad de biol\u00f3gicos con la finalidad de evaluar la presencia de agentes extra\u00f1os o contaminantes; asimismo realiza la identificaci\u00f3n molecular de la cepa utilizada en la producci\u00f3n de\u00a0vacunas y diferenciaci\u00f3n de cepas vac\u00fanales\u00a0 y cepas de campo. <\/span><br \/>\n<span style=\"font-family: helvetica; font-size: 12pt;\"> Adem\u00e1s, la t\u00e9cnica molecular\u00a0 se utiliza como Prueba confirmatoria para enfermedades como la Influenza Aviar, Enfermedad de Newcastle, \u00c1ntrax, Brucella, Fiebre Aftosa, Babesiosis y C\u00f3lera Porcino.<\/span><\/p>\n<p style=\"text-align: justify;\"><span style=\"font-family: helvetica; font-size: 12pt;\">En funci\u00f3n al avance en el uso y aplicaci\u00f3n\u00a0de t\u00e9cnicas moleculares se viene implementando con fines de diagn\u00f3stico la t\u00e9cnica de PCR en Tiempo Real.<\/span><\/p>\n<p style=\"text-align: justify;\"><span style=\"font-family: helvetica; font-size: 12pt;\">&#8211;<strong>Personal.<\/strong><\/span><\/p>\n<p style=\"text-align: justify;\"><span style=\"font-family: helvetica; font-size: 12pt;\">Medico Veterinario: Lidia Beatriz Conza Blanco<\/span><br \/>\n<span style=\"font-family: helvetica; font-size: 12pt;\"> Medico Veterinario: David Remy Perez Janampa<\/span><br \/>\n<span style=\"font-family: helvetica; font-size: 12pt;\"> T\u00e9cnico de Laboratorio: Manuel Nasser Flores Salcedo<\/span><\/p>\n<p><span style=\"font-family: helvetica;\">\u00a0<\/span><\/p>\n<p>&nbsp;<\/p>\n<p>&nbsp;<\/p>\n","protected":false},"excerpt":{"rendered":"<p>LABORATORIO DE BIOLOGIA MOLECULAR &#8211; Descripci\u00f3n Moderno laboratorio implementado por el JICA, utiliza la t\u00e9cnica molecular denominada reacci\u00f3n en cadena de la polimerasa (PCR) para el control de calidad de biol\u00f3gicos con la finalidad de evaluar la presencia de agentes extra\u00f1os o contaminantes; asimismo realiza la identificaci\u00f3n molecular de la cepa utilizada en la producci\u00f3n [&hellip;]<\/p>\n","protected":false},"author":127,"featured_media":0,"parent":0,"menu_order":0,"comment_status":"closed","ping_status":"closed","template":"","meta":{"footnotes":""},"class_list":["post-8790","page","type-page","status-publish","hentry"],"_links":{"self":[{"href":"https:\/\/www.senasa.gob.pe\/senasa\/wp-json\/wp\/v2\/pages\/8790","targetHints":{"allow":["GET"]}}],"collection":[{"href":"https:\/\/www.senasa.gob.pe\/senasa\/wp-json\/wp\/v2\/pages"}],"about":[{"href":"https:\/\/www.senasa.gob.pe\/senasa\/wp-json\/wp\/v2\/types\/page"}],"author":[{"embeddable":true,"href":"https:\/\/www.senasa.gob.pe\/senasa\/wp-json\/wp\/v2\/users\/127"}],"replies":[{"embeddable":true,"href":"https:\/\/www.senasa.gob.pe\/senasa\/wp-json\/wp\/v2\/comments?post=8790"}],"version-history":[{"count":0,"href":"https:\/\/www.senasa.gob.pe\/senasa\/wp-json\/wp\/v2\/pages\/8790\/revisions"}],"wp:attachment":[{"href":"https:\/\/www.senasa.gob.pe\/senasa\/wp-json\/wp\/v2\/media?parent=8790"}],"curies":[{"name":"wp","href":"https:\/\/api.w.org\/{rel}","templated":true}]}}