{"id":88684,"date":"2024-02-09T09:18:51","date_gmt":"2024-02-09T14:18:51","guid":{"rendered":"https:\/\/www.senasa.gob.pe\/senasa\/?page_id=88684"},"modified":"2024-03-23T19:31:25","modified_gmt":"2024-03-24T00:31:25","slug":"cas-ayacucho-2024-ii","status":"publish","type":"page","link":"https:\/\/www.senasa.gob.pe\/senasa\/cas-ayacucho-2024-ii\/","title":{"rendered":"CAS AYACUCHO 2024-II"},"content":{"rendered":"<p><a href=\"https:\/\/www.senasa.gob.pe\/senasa\/descargasarchivos\/2024\/02\/COMUNICADO-N\u00b0-014-2024-SENASA-1.pdf\"><strong><span style=\"font-family: helvetica, arial, sans-serif; font-size: 14pt;\">COMUNICADO N\u00b0014-2024-SENASA<\/span><\/strong><\/a><\/p>\n<p><a href=\"https:\/\/www.senasa.gob.pe\/senasa\/descargasarchivos\/2024\/03\/COMUNICADO-016-CRONOGRAMA-EVALUACION-DE-CONOCIMIENTOS.pdf\"><strong><span style=\"font-family: helvetica, arial, sans-serif; font-size: 14pt;\">COMUNICADO N\u00b0016-2024-SENASA<\/span><\/strong><\/a><\/p>\n<p><span style=\"font-size: 14pt;\"><strong><span style=\"font-family: helvetica, arial, sans-serif;\"><a href=\"https:\/\/www.senasa.gob.pe\/senasa\/descargasarchivos\/2024\/03\/COMUNICADO-N\u00b0022-2024-SENASA.pdf\">COMUNICADO N\u00b0 022-2024-SENASA<\/a><\/span><\/strong><\/span><\/p>\n<table style=\"width: 62%; height: 385px;\">\n<tbody>\n<tr style=\"background-color: #b6f0f0; height: 46px;\">\n<td style=\"width: 7.2335%; height: 10px; text-align: center;\"><span style=\"font-family: helvetica, arial, sans-serif; font-size: 10pt;\"><strong>N\u00b0 Proceso<\/strong><\/span><\/td>\n<td style=\"width: 9.51777%; text-align: center; height: 10px;\"><span style=\"font-family: helvetica, arial, sans-serif; font-size: 10pt;\"><strong>Posiciones<\/strong><\/span><\/td>\n<td style=\"width: 10.6599%; height: 10px; text-align: center;\"><span style=\"font-family: helvetica, arial, sans-serif; font-size: 10pt;\"><strong>Puesto<\/strong><\/span><\/td>\n<td style=\"width: 5.58376%; height: 10px; text-align: center;\"><span style=\"font-family: helvetica, arial, sans-serif; font-size: 10pt;\"><strong>Bases<\/strong><\/span><\/td>\n<td style=\"width: 11.802%; text-align: center; height: 10px;\"><span style=\"font-family: helvetica, arial, sans-serif; font-size: 10pt;\"><strong>Resultado: Cumplimiento de Requisitos M\u00ednimos<\/strong><\/span><\/td>\n<td style=\"width: 12.8173%; text-align: center; height: 10px;\"><span style=\"font-size: 10pt; font-family: helvetica, arial, sans-serif;\"><strong>Resultado: Evaluaci\u00f3n de Conocimientos<\/strong><strong><br \/>\n<\/strong><\/span><\/td>\n<td style=\"width: 9.26396%; height: 10px; text-align: center;\"><span style=\"font-family: helvetica, arial, sans-serif; font-size: 10pt;\"><strong>Resultado: Evaluaci\u00f3n curricular\u00a0<\/strong><\/span><\/td>\n<td style=\"width: 9.51777%; height: 10px; text-align: center;\"><span style=\"font-family: helvetica, arial, sans-serif; font-size: 10pt;\"><strong>Resultado:\u00a0 Entrevista personal y Final<\/strong><\/span><\/td>\n<td style=\"width: 10.6599%; height: 10px; text-align: center;\"><span style=\"font-family: helvetica, arial, sans-serif; font-size: 10pt;\"><strong>Nuevo<\/strong><\/span><\/p>\n<p><span style=\"font-family: helvetica, arial, sans-serif; font-size: 10pt;\"><strong>Cronograma<\/strong><\/span><\/td>\n<td style=\"width: 10.7868%; height: 10px; text-align: center;\"><span style=\"font-size: 10pt; font-family: helvetica, arial, sans-serif;\"><strong>Comunicado \/ Fe de erratas<\/strong><\/span><\/td>\n<\/tr>\n<tr>\n<td style=\"width: 7.2335%; text-align: center;\" width=\"149\">260<\/td>\n<td style=\"width: 9.51777%; text-align: center;\" width=\"122\">1<\/td>\n<td style=\"width: 10.6599%; text-align: center;\" width=\"155\">Analista Intermedio en Sanidad Animal<\/td>\n<td style=\"width: 5.58376%; text-align: center; height: 51px;\"><span style=\"font-family: helvetica, arial, sans-serif; font-size: 10pt;\"><strong><a href=\"https:\/\/www.senasa.gob.pe\/senasa\/descargasarchivos\/2024\/02\/260-Ayacucho-1.pdf\"><span style=\"font-family: helvetica, arial, sans-serif; font-size: 12pt;\"><img loading=\"lazy\" decoding=\"async\" class=\" wp-image-42563 aligncenter\" src=\"https:\/\/www.senasa.gob.pe\/senasa\/descargasarchivos\/2018\/10\/pdf-1.png\" alt=\"\" width=\"48\" height=\"48\" \/><\/span><\/a><\/strong><\/span><\/td>\n<td style=\"width: 11.802%; text-align: center; height: 51px;\"><span style=\"font-family: helvetica, arial, sans-serif; font-size: 12pt;\"><strong><span style=\"font-family: helvetica, arial, sans-serif; font-size: 10pt;\"><a href=\"https:\/\/www.senasa.gob.pe\/senasa\/descargasarchivos\/2024\/03\/RES-CAS-260.pdf\"><img loading=\"lazy\" decoding=\"async\" class=\"aligncenter wp-image-42053\" src=\"https:\/\/www.senasa.gob.pe\/senasa\/descargasarchivos\/2018\/09\/archivo-1.png\" alt=\"\" width=\"47\" height=\"47\" \/><\/a><\/span><\/strong><\/span><\/td>\n<td style=\"width: 12.8173%; text-align: center; height: 51px;\"><span style=\"font-family: helvetica, arial, sans-serif; font-size: 12pt;\"><strong><span style=\"font-family: helvetica, arial, sans-serif; font-size: 10pt;\"><a href=\"https:\/\/www.senasa.gob.pe\/senasa\/descargasarchivos\/2024\/03\/1.-PLANTILLA-N\u00b0-CAS-260.pdf\"><img loading=\"lazy\" decoding=\"async\" class=\"aligncenter wp-image-42053\" src=\"https:\/\/www.senasa.gob.pe\/senasa\/descargasarchivos\/2018\/09\/archivo-1.png\" alt=\"\" width=\"47\" height=\"47\" \/><\/a><\/span><\/strong><\/span><\/td>\n<td style=\"width: 9.26396%; text-align: center; height: 51px;\"><span style=\"font-family: helvetica, arial, sans-serif; font-size: 10pt;\"><strong> <span style=\"font-family: helvetica, arial, sans-serif; font-size: 12pt;\"><a href=\"https:\/\/www.senasa.gob.pe\/senasa\/descargasarchivos\/2024\/03\/1.-PLANTILLA-N\u00b0-CAS-260-1.pdf\"><img loading=\"lazy\" decoding=\"async\" class=\"aligncenter wp-image-42053\" src=\"https:\/\/www.senasa.gob.pe\/senasa\/descargasarchivos\/2018\/09\/archivo-1.png\" alt=\"\" width=\"47\" height=\"47\" \/><\/a><\/span><\/strong><\/span><\/td>\n<td style=\"width: 9.51777%; text-align: center; height: 51px;\"><span style=\"font-family: helvetica, arial, sans-serif; font-size: 10pt;\"><strong> <a href=\"https:\/\/www.senasa.gob.pe\/senasa\/descargasarchivos\/2024\/03\/res-entrevista-N\u00b0-CAS-260-FINAL.pdf\"><img loading=\"lazy\" decoding=\"async\" class=\"size-full wp-image-42056 aligncenter\" src=\"https:\/\/www.senasa.gob.pe\/senasa\/descargasarchivos\/2018\/09\/calidad.png\" alt=\"\" width=\"64\" height=\"64\" \/><\/a><\/strong><\/span><\/td>\n<td style=\"width: 10.6599%; text-align: center; height: 51px;\"><span style=\"font-family: helvetica, arial, sans-serif; font-size: 10pt;\"><strong> <a href=\"https:\/\/www.senasa.gob.pe\/senasa\/descargasarchivos\/2024\/02\/COMUNICADO-N\u00b0-014-2024-SENASA-1.pdf\"><span style=\"font-family: helvetica, arial, sans-serif; font-size: 12pt;\"><img loading=\"lazy\" decoding=\"async\" class=\" wp-image-42563 aligncenter\" src=\"https:\/\/www.senasa.gob.pe\/senasa\/descargasarchivos\/2018\/10\/pdf-1.png\" alt=\"\" width=\"42\" height=\"42\" \/><\/span><\/a><\/strong><\/span><\/td>\n<td style=\"width: 10.7868%; text-align: center; height: 51px;\"><span style=\"font-size: 10pt; font-family: helvetica, arial, sans-serif;\"><strong>\u00a0<\/strong><\/span><\/td>\n<\/tr>\n<tr>\n<td style=\"width: 7.2335%; text-align: center;\">261<\/td>\n<td style=\"width: 9.51777%; text-align: center;\">2<\/td>\n<td style=\"width: 10.6599%; text-align: center;\" width=\"155\">Asistente Intermedio en Sanidad e Inocuidad<\/td>\n<td style=\"width: 5.58376%; height: 41px;\"><span style=\"font-family: helvetica, arial, sans-serif; font-size: 10pt;\"><strong><a href=\"https:\/\/www.senasa.gob.pe\/senasa\/descargasarchivos\/2024\/02\/261-Ayacucho-1.pdf\"><span style=\"font-family: helvetica, arial, sans-serif; font-size: 12pt;\"><img loading=\"lazy\" decoding=\"async\" class=\" wp-image-42563 aligncenter\" src=\"https:\/\/www.senasa.gob.pe\/senasa\/descargasarchivos\/2018\/10\/pdf-1.png\" alt=\"\" width=\"48\" height=\"48\" \/><\/span><\/a><\/strong><\/span><\/td>\n<td style=\"width: 11.802%; height: 41px; text-align: center;\"><span style=\"font-family: helvetica, arial, sans-serif; font-size: 12pt;\"><strong><span style=\"font-family: helvetica, arial, sans-serif; font-size: 10pt;\"><a href=\"https:\/\/www.senasa.gob.pe\/senasa\/descargasarchivos\/2024\/02\/PLANTILLA-N\u00b0-CAS-261.pdf\"><img loading=\"lazy\" decoding=\"async\" class=\"aligncenter wp-image-42053\" src=\"https:\/\/www.senasa.gob.pe\/senasa\/descargasarchivos\/2018\/09\/archivo-1.png\" alt=\"\" width=\"47\" height=\"47\" \/><\/a><\/span><\/strong><\/span><\/td>\n<td style=\"width: 12.8173%; height: 41px;\"><span style=\"font-family: helvetica, arial, sans-serif; font-size: 12pt;\"><strong><span style=\"font-family: helvetica, arial, sans-serif; font-size: 10pt;\"><a href=\"https:\/\/www.senasa.gob.pe\/senasa\/descargasarchivos\/2023\/12\/PLANTILLA-N\u00b0-CAS-261_EVA_CONOCIMIENTO.pdf\"><img loading=\"lazy\" decoding=\"async\" class=\"aligncenter wp-image-42053\" src=\"https:\/\/www.senasa.gob.pe\/senasa\/descargasarchivos\/2018\/09\/archivo-1.png\" alt=\"\" width=\"47\" height=\"47\" \/><\/a><\/span><\/strong><\/span><\/td>\n<td style=\"width: 9.26396%; height: 41px;\"><span style=\"font-family: helvetica, arial, sans-serif; font-size: 12pt;\"><strong><span style=\"font-family: helvetica, arial, sans-serif; font-size: 10pt;\"><a href=\"https:\/\/www.senasa.gob.pe\/senasa\/descargasarchivos\/2024\/03\/PLANTILLA-N\u00b0-CAS-261_EVA_CURRICULAR.pdf\"><img loading=\"lazy\" decoding=\"async\" class=\"aligncenter wp-image-42053\" src=\"https:\/\/www.senasa.gob.pe\/senasa\/descargasarchivos\/2018\/09\/archivo-1.png\" alt=\"\" width=\"47\" height=\"47\" \/><\/a><\/span><\/strong><\/span><\/td>\n<td style=\"width: 9.51777%; height: 41px;\"><span style=\"font-family: helvetica, arial, sans-serif; font-size: 10pt;\"><strong><a href=\"https:\/\/www.senasa.gob.pe\/senasa\/descargasarchivos\/2024\/03\/PLANTILLA-N\u00b0-CAS-261-entrevista.pdf\"><img loading=\"lazy\" decoding=\"async\" class=\"size-full wp-image-42056 aligncenter\" src=\"https:\/\/www.senasa.gob.pe\/senasa\/descargasarchivos\/2018\/09\/calidad.png\" alt=\"\" width=\"64\" height=\"64\" \/><\/a><\/strong><\/span><\/td>\n<td style=\"width: 10.6599%; height: 41px;\"><span style=\"font-family: helvetica, arial, sans-serif; font-size: 10pt;\"><strong><a href=\"https:\/\/www.senasa.gob.pe\/senasa\/descargasarchivos\/2024\/02\/COMUNICADO-N\u00b0-014-2024-SENASA-1.pdf\"><span style=\"font-family: helvetica, arial, sans-serif; font-size: 12pt;\"><img loading=\"lazy\" decoding=\"async\" class=\" wp-image-42563 aligncenter\" src=\"https:\/\/www.senasa.gob.pe\/senasa\/descargasarchivos\/2018\/10\/pdf-1.png\" alt=\"\" width=\"42\" height=\"42\" \/><\/span><\/a><\/strong><\/span><\/td>\n<td style=\"width: 10.7868%; height: 41px; text-align: center;\"><span style=\"font-family: helvetica, arial, sans-serif; font-size: 10pt;\"><strong><a href=\"https:\/\/www.senasa.gob.pe\/senasa\/descargasarchivos\/2024\/03\/RES-CAS-261.pdf\"><span style=\"font-family: helvetica, arial, sans-serif; font-size: 12pt;\">Fe de erratas<img loading=\"lazy\" decoding=\"async\" class=\" wp-image-42563 aligncenter\" src=\"https:\/\/www.senasa.gob.pe\/senasa\/descargasarchivos\/2018\/10\/pdf-1.png\" alt=\"\" width=\"42\" height=\"42\" \/><\/span><\/a><\/strong><\/span><\/td>\n<\/tr>\n<tr>\n<td style=\"width: 7.2335%; text-align: center;\">262<\/td>\n<td style=\"width: 9.51777%; text-align: center;\">1<\/td>\n<td style=\"width: 10.6599%; text-align: center;\">\u00a0Asistente Intermedio en Semillas<\/td>\n<td style=\"width: 5.58376%; height: 12px;\"><span style=\"font-family: helvetica, arial, sans-serif; font-size: 10pt;\"><strong><a href=\"https:\/\/www.senasa.gob.pe\/senasa\/descargasarchivos\/2024\/02\/262-Ayacucho-1.pdf\"><span style=\"font-family: helvetica, arial, sans-serif; font-size: 12pt;\"><img loading=\"lazy\" decoding=\"async\" class=\" wp-image-42563 aligncenter\" src=\"https:\/\/www.senasa.gob.pe\/senasa\/descargasarchivos\/2018\/10\/pdf-1.png\" alt=\"\" width=\"48\" height=\"48\" \/><\/span><\/a><\/strong><\/span><\/td>\n<td style=\"width: 11.802%; height: 12px;\"><span style=\"font-family: helvetica, arial, sans-serif; font-size: 12pt;\"><strong><span style=\"font-family: helvetica, arial, sans-serif; font-size: 10pt;\"><a href=\"https:\/\/www.senasa.gob.pe\/senasa\/descargasarchivos\/2024\/03\/262-CAS-II-FINAL-Publicar.pdf\"><img loading=\"lazy\" decoding=\"async\" class=\"aligncenter wp-image-42053\" src=\"https:\/\/www.senasa.gob.pe\/senasa\/descargasarchivos\/2018\/09\/archivo-1.png\" alt=\"\" width=\"47\" height=\"47\" \/><\/a><\/span><\/strong><\/span><\/td>\n<td style=\"width: 12.8173%; height: 12px;\"><span style=\"font-family: helvetica, arial, sans-serif; font-size: 12pt;\"><strong><span style=\"font-family: helvetica, arial, sans-serif; font-size: 10pt;\"><a href=\"https:\/\/www.senasa.gob.pe\/senasa\/descargasarchivos\/2024\/03\/262-Conocimiento-Publicar.pdf\"><img loading=\"lazy\" decoding=\"async\" class=\"aligncenter wp-image-42053\" src=\"https:\/\/www.senasa.gob.pe\/senasa\/descargasarchivos\/2018\/09\/archivo-1.png\" alt=\"\" width=\"47\" height=\"47\" \/><\/a><\/span><\/strong><\/span><\/td>\n<td style=\"width: 9.26396%; height: 12px;\"><span style=\"font-family: helvetica, arial, sans-serif; font-size: 12pt;\"><strong><span style=\"font-family: helvetica, arial, sans-serif; font-size: 10pt;\"><a href=\"https:\/\/www.senasa.gob.pe\/senasa\/descargasarchivos\/2024\/03\/262-Eva-Curr-Publicar.pdf\"><img loading=\"lazy\" decoding=\"async\" class=\"aligncenter wp-image-42053\" src=\"https:\/\/www.senasa.gob.pe\/senasa\/descargasarchivos\/2018\/09\/archivo-1.png\" alt=\"\" width=\"47\" height=\"47\" \/><\/a><\/span><\/strong><\/span><\/td>\n<td style=\"width: 9.51777%; height: 12px;\"><span style=\"font-family: helvetica, arial, sans-serif; font-size: 10pt;\"><strong><a href=\"https:\/\/www.senasa.gob.pe\/senasa\/descargasarchivos\/2024\/03\/CAS-262-2024-II-22.03.24.pdf\"><img loading=\"lazy\" decoding=\"async\" class=\"size-full wp-image-42056 aligncenter\" src=\"https:\/\/www.senasa.gob.pe\/senasa\/descargasarchivos\/2018\/09\/calidad.png\" alt=\"\" width=\"64\" height=\"64\" \/><\/a><\/strong><\/span><\/td>\n<td style=\"width: 10.6599%; height: 12px;\"><span style=\"font-family: helvetica, arial, sans-serif; font-size: 10pt;\"><strong><a href=\"https:\/\/www.senasa.gob.pe\/senasa\/descargasarchivos\/2024\/02\/COMUNICADO-N\u00b0-014-2024-SENASA-1.pdf\"><span style=\"font-family: helvetica, arial, sans-serif; font-size: 12pt;\"><img loading=\"lazy\" decoding=\"async\" class=\" wp-image-42563 aligncenter\" src=\"https:\/\/www.senasa.gob.pe\/senasa\/descargasarchivos\/2018\/10\/pdf-1.png\" alt=\"\" width=\"42\" height=\"42\" \/><\/span><\/a><\/strong><\/span><\/td>\n<td style=\"width: 10.7868%; height: 12px; text-align: center;\">Fe de erratas<\/p>\n<p><span style=\"font-family: helvetica, arial, sans-serif; font-size: 10pt;\"><strong><a href=\"https:\/\/www.senasa.gob.pe\/senasa\/descargasarchivos\/2024\/03\/262-FE-DE-ERRATAS.pdf\"><span style=\"font-family: helvetica, arial, sans-serif; font-size: 12pt;\"><img loading=\"lazy\" decoding=\"async\" class=\" wp-image-42563 aligncenter\" src=\"https:\/\/www.senasa.gob.pe\/senasa\/descargasarchivos\/2018\/10\/pdf-1.png\" alt=\"\" width=\"42\" height=\"42\" \/><\/span><\/a><\/strong><\/span><\/td>\n<\/tr>\n<tr style=\"height: 10px;\">\n<td style=\"width: 7.2335%; text-align: center; height: 10px;\"><\/td>\n<td style=\"width: 9.51777%; text-align: center; height: 10px;\"><\/td>\n<td style=\"width: 10.6599%; height: 10px; text-align: center;\"><\/td>\n<td style=\"width: 5.58376%; height: 10px;\"><\/td>\n<td style=\"width: 11.802%; height: 10px;\"><\/td>\n<td style=\"width: 12.8173%; height: 10px; text-align: center;\"><\/td>\n<td style=\"width: 9.26396%; height: 10px;\"><\/td>\n<td style=\"width: 9.51777%; height: 10px;\"><\/td>\n<td style=\"width: 10.6599%; height: 10px;\"><\/td>\n<td style=\"width: 10.7868%; height: 10px;\"><\/td>\n<\/tr>\n<tr style=\"height: 24px;\">\n<td style=\"width: 7.2335%; text-align: center; height: 24px;\"><\/td>\n<td style=\"width: 9.51777%; text-align: center; height: 24px;\"><\/td>\n<td style=\"width: 10.6599%; height: 24px;\" width=\"155\"><\/td>\n<td style=\"width: 5.58376%; height: 24px;\"><\/td>\n<td style=\"width: 11.802%; height: 24px;\"><\/td>\n<td style=\"width: 12.8173%; text-align: center; height: 24px;\"><\/td>\n<td style=\"width: 9.26396%; height: 24px;\"><\/td>\n<td style=\"width: 9.51777%; height: 24px;\"><\/td>\n<td style=\"width: 10.6599%; height: 24px;\"><\/td>\n<td style=\"width: 10.7868%; height: 24px;\"><\/td>\n<\/tr>\n<tr style=\"height: 24px;\">\n<td style=\"width: 7.2335%; text-align: center; height: 24px;\"><\/td>\n<td style=\"width: 9.51777%; text-align: center; height: 24px;\"><\/td>\n<td style=\"width: 10.6599%; height: 24px;\" width=\"155\"><\/td>\n<td style=\"width: 5.58376%; height: 24px;\"><\/td>\n<td style=\"width: 11.802%; height: 24px;\"><\/td>\n<td style=\"width: 12.8173%; height: 24px;\"><\/td>\n<td style=\"width: 9.26396%; height: 24px;\"><\/td>\n<td style=\"width: 9.51777%; height: 24px;\"><\/td>\n<td style=\"width: 10.6599%; height: 24px;\"><\/td>\n<td style=\"width: 10.7868%; height: 24px;\"><\/td>\n<\/tr>\n<tr style=\"height: 24px;\">\n<td style=\"width: 7.2335%; text-align: center; height: 24px;\"><\/td>\n<td style=\"width: 9.51777%; text-align: center; height: 24px;\"><\/td>\n<td style=\"width: 10.6599%; height: 24px;\"><\/td>\n<td style=\"width: 5.58376%; height: 24px;\"><\/td>\n<td style=\"width: 11.802%; height: 24px;\"><\/td>\n<td style=\"width: 12.8173%; height: 24px;\"><\/td>\n<td style=\"width: 9.26396%; height: 24px;\"><\/td>\n<td style=\"width: 9.51777%; height: 24px;\"><\/td>\n<td style=\"width: 10.6599%; height: 24px;\"><\/td>\n<td style=\"width: 10.7868%; height: 24px;\"><\/td>\n<\/tr>\n<\/tbody>\n<\/table>\n","protected":false},"excerpt":{"rendered":"<p>COMUNICADO N\u00b0014-2024-SENASA COMUNICADO N\u00b0016-2024-SENASA COMUNICADO N\u00b0 022-2024-SENASA N\u00b0 Proceso Posiciones Puesto Bases Resultado: Cumplimiento de Requisitos M\u00ednimos Resultado: Evaluaci\u00f3n de Conocimientos Resultado: Evaluaci\u00f3n curricular\u00a0 Resultado:\u00a0 Entrevista personal y Final Nuevo Cronograma Comunicado \/ Fe de erratas 260 1 Analista Intermedio en Sanidad Animal \u00a0 261 2 Asistente Intermedio en Sanidad e Inocuidad Fe de erratas [&hellip;]<\/p>\n","protected":false},"author":48,"featured_media":0,"parent":0,"menu_order":0,"comment_status":"closed","ping_status":"closed","template":"","meta":{"footnotes":""},"class_list":["post-88684","page","type-page","status-publish","hentry"],"_links":{"self":[{"href":"https:\/\/www.senasa.gob.pe\/senasa\/wp-json\/wp\/v2\/pages\/88684","targetHints":{"allow":["GET"]}}],"collection":[{"href":"https:\/\/www.senasa.gob.pe\/senasa\/wp-json\/wp\/v2\/pages"}],"about":[{"href":"https:\/\/www.senasa.gob.pe\/senasa\/wp-json\/wp\/v2\/types\/page"}],"author":[{"embeddable":true,"href":"https:\/\/www.senasa.gob.pe\/senasa\/wp-json\/wp\/v2\/users\/48"}],"replies":[{"embeddable":true,"href":"https:\/\/www.senasa.gob.pe\/senasa\/wp-json\/wp\/v2\/comments?post=88684"}],"version-history":[{"count":26,"href":"https:\/\/www.senasa.gob.pe\/senasa\/wp-json\/wp\/v2\/pages\/88684\/revisions"}],"predecessor-version":[{"id":92028,"href":"https:\/\/www.senasa.gob.pe\/senasa\/wp-json\/wp\/v2\/pages\/88684\/revisions\/92028"}],"wp:attachment":[{"href":"https:\/\/www.senasa.gob.pe\/senasa\/wp-json\/wp\/v2\/media?parent=88684"}],"curies":[{"name":"wp","href":"https:\/\/api.w.org\/{rel}","templated":true}]}}